{"id":12306,"date":"2024-01-04T14:46:50","date_gmt":"2024-01-04T13:46:50","guid":{"rendered":"https:\/\/pont-roche.com\/?page_id=12306"},"modified":"2025-08-08T10:45:19","modified_gmt":"2025-08-08T08:45:19","slug":"service","status":"publish","type":"page","link":"https:\/\/pont-roche.com\/de\/service\/","title":{"rendered":"Dienste"},"content":{"rendered":"<div data-elementor-type=\"wp-page\" data-elementor-id=\"12306\" class=\"elementor elementor-12306\" data-elementor-post-type=\"page\">\n\t\t\t\t<div class=\"elementor-element elementor-element-06f8ff6 e-flex e-con-boxed e-con e-parent\" data-id=\"06f8ff6\" data-element_type=\"container\" data-e-type=\"container\">\n\t\t\t\t\t<div class=\"e-con-inner\">\n\t\t\t\t<div class=\"elementor-element elementor-element-57297d9 elementor-invisible elementor-widget elementor-widget-heading\" data-id=\"57297d9\" data-element_type=\"widget\" data-e-type=\"widget\" data-settings=\"{&quot;_animation&quot;:&quot;fadeInUp&quot;}\" data-widget_type=\"heading.default\">\n\t\t\t\t<div class=\"elementor-widget-container\">\n\t\t\t\t\t<h1 class=\"elementor-heading-title elementor-size-default\">Unsere Dienstleistungen<\/h1>\t\t\t\t<\/div>\n\t\t\t\t<\/div>\n\t\t\t\t<div class=\"elementor-element elementor-element-b429f3d elementor-widget-divider--view-line elementor-invisible elementor-widget elementor-widget-divider\" data-id=\"b429f3d\" data-element_type=\"widget\" data-e-type=\"widget\" data-settings=\"{&quot;_animation&quot;:&quot;zoomIn&quot;,&quot;_animation_delay&quot;:&quot;400&quot;}\" data-widget_type=\"divider.default\">\n\t\t\t\t<div class=\"elementor-widget-container\">\n\t\t\t\t\t\t\t<div class=\"elementor-divider\">\n\t\t\t<span class=\"elementor-divider-separator\">\n\t\t\t\t\t\t<\/span>\n\t\t<\/div>\n\t\t\t\t\t\t<\/div>\n\t\t\t\t<\/div>\n\t\t\t\t<div class=\"elementor-element elementor-element-19e71db elementor-widget elementor-widget-text-editor\" data-id=\"19e71db\" data-element_type=\"widget\" data-e-type=\"widget\" data-widget_type=\"text-editor.default\">\n\t\t\t\t<div class=\"elementor-widget-container\">\n\t\t\t\t\t\t\t\t\t<p>In der Domaine Pont-Roche &amp; Spa bieten wir ungew\u00f6hnliche Unterk\u00fcnfte mit allem Komfort inmitten der burgundischen Natur, aber auch von <strong>Sie haben die M\u00f6glichkeit, sich in einem<\/strong><strong>Sein und Genuss<\/strong>.<\/p><p>Wenn Sie einen Aufenthalt im Cube oder in der Cabane buchen, profitieren Sie von bestimmten Dienstleistungen, die in Ihrem Unterkunftsangebot enthalten sind, wie z. B. dem Zugang zu einem privaten Spa, in dem Sie auf der Terrasse Ihrer vor\u00fcbergehenden Unterkunft faulenzen k\u00f6nnen. Einige Optionen sind verf\u00fcgbar, um Ihren romantischen Aufenthalt im Herzen des Burgunds zu vervollst\u00e4ndigen.<\/p><p>Wir bieten Ihnen ein gef\u00fchrtes Nachterlebnis, bei dem Sie v\u00f6llig in die Natur eintauchen, um mithilfe eines hochwertigen Monokulars mit W\u00e4rmebildkamera die heimische Tierwelt zu beobachten!<\/p><p>Entdecken Sie alle <strong>verf\u00fcgbare Dienstleistungen in der Domaine Pont-Roche &amp; Spa<\/strong>.<\/p>\t\t\t\t\t\t\t\t<\/div>\n\t\t\t\t<\/div>\n\t\t\t\t\t<\/div>\n\t\t\t\t<\/div>\n\t\t<div class=\"elementor-element elementor-element-ec89adb e-flex e-con-boxed e-con e-parent\" data-id=\"ec89adb\" data-element_type=\"container\" data-e-type=\"container\">\n\t\t\t\t\t<div class=\"e-con-inner\">\n\t\t\t\t<div class=\"elementor-element elementor-element-d3ed180 elementor-invisible elementor-widget elementor-widget-heading\" data-id=\"d3ed180\" data-element_type=\"widget\" data-e-type=\"widget\" data-settings=\"{&quot;_animation&quot;:&quot;fadeIn&quot;}\" data-widget_type=\"heading.default\">\n\t\t\t\t<div class=\"elementor-widget-container\">\n\t\t\t\t\t<h2 class=\"elementor-heading-title elementor-size-default\">Wohlbefinden und Entspannung<\/h2>\t\t\t\t<\/div>\n\t\t\t\t<\/div>\n\t\t<div class=\"elementor-element elementor-element-2286bbc e-flex e-con-boxed e-con e-child\" data-id=\"2286bbc\" data-element_type=\"container\" data-e-type=\"container\">\n\t\t\t\t\t<div class=\"e-con-inner\">\n\t\t<a class=\"elementor-element elementor-element-f1772ad e-flex e-con-boxed e-con e-child\" data-id=\"f1772ad\" data-element_type=\"container\" data-e-type=\"container\" data-settings=\"{&quot;background_background&quot;:&quot;classic&quot;}\" href=\"\/de\/service\/spa-privatif\/\">\n\t\t\t\t\t<div class=\"e-con-inner\">\n\t\t\t\t<div class=\"elementor-element elementor-element-e03a180 animated-fast elementor-invisible elementor-widget elementor-widget-heading\" data-id=\"e03a180\" data-element_type=\"widget\" data-e-type=\"widget\" data-settings=\"{&quot;_animation&quot;:&quot;fadeInDown&quot;,&quot;_animation_delay&quot;:&quot;500&quot;}\" data-widget_type=\"heading.default\">\n\t\t\t\t<div class=\"elementor-widget-container\">\n\t\t\t\t\t<h3 class=\"elementor-heading-title elementor-size-default\">Privater SPA<\/h3>\t\t\t\t<\/div>\n\t\t\t\t<\/div>\n\t\t\t\t\t<\/div>\n\t\t\t\t<\/a>\n\t\t<a class=\"elementor-element elementor-element-06aa567 e-flex e-con-boxed e-con e-child\" data-id=\"06aa567\" data-element_type=\"container\" data-e-type=\"container\" data-settings=\"{&quot;background_background&quot;:&quot;classic&quot;}\" href=\"\/de\/service\/sauna-panoramique\/\">\n\t\t\t\t\t<div class=\"e-con-inner\">\n\t\t\t\t<div class=\"elementor-element elementor-element-aa5b0ca animated-fast elementor-invisible elementor-widget elementor-widget-heading\" data-id=\"aa5b0ca\" data-element_type=\"widget\" data-e-type=\"widget\" data-settings=\"{&quot;_animation&quot;:&quot;fadeInDown&quot;,&quot;_animation_delay&quot;:&quot;500&quot;}\" data-widget_type=\"heading.default\">\n\t\t\t\t<div class=\"elementor-widget-container\">\n\t\t\t\t\t<h3 class=\"elementor-heading-title elementor-size-default\">Panoramasauna<\/h3>\t\t\t\t<\/div>\n\t\t\t\t<\/div>\n\t\t\t\t\t<\/div>\n\t\t\t\t<\/a>\n\t\t\t\t\t<\/div>\n\t\t\t\t<\/div>\n\t\t\t\t<div class=\"elementor-element elementor-element-c81d1df elementor-widget elementor-widget-text-editor\" data-id=\"c81d1df\" data-element_type=\"widget\" data-e-type=\"widget\" data-widget_type=\"text-editor.default\">\n\t\t\t\t<div class=\"elementor-widget-container\">\n\t\t\t\t\t\t\t\t\t<p>Andere <strong>Wellness-Dienstleistungen<\/strong>Wenn Sie m\u00f6chten, k\u00f6nnen Sie zus\u00e4tzliche Angebote wie Massagen oder einen Yogakurs buchen, um Ihren Aufenthalt zu einer wahren Entspannungsblase werden zu lassen. Bitte teilen Sie Ihrem Gastgeber Ihre W\u00fcnsche bei der Buchung mit.<\/p>\t\t\t\t\t\t\t\t<\/div>\n\t\t\t\t<\/div>\n\t\t\t\t\t<\/div>\n\t\t\t\t<\/div>\n\t\t<div class=\"elementor-element elementor-element-48a8521 e-flex e-con-boxed e-con e-parent\" data-id=\"48a8521\" data-element_type=\"container\" data-e-type=\"container\">\n\t\t\t\t\t<div class=\"e-con-inner\">\n\t\t\t\t<div class=\"elementor-element elementor-element-9f8dac6 elementor-invisible elementor-widget elementor-widget-heading\" data-id=\"9f8dac6\" data-element_type=\"widget\" data-e-type=\"widget\" data-settings=\"{&quot;_animation&quot;:&quot;fadeIn&quot;}\" data-widget_type=\"heading.default\">\n\t\t\t\t<div class=\"elementor-widget-container\">\n\t\t\t\t\t<h2 class=\"elementor-heading-title elementor-size-default\">Verpflegung und Gaumenfreuden<\/h2>\t\t\t\t<\/div>\n\t\t\t\t<\/div>\n\t\t<div class=\"elementor-element elementor-element-88bd4e1 e-flex e-con-boxed e-con e-child\" data-id=\"88bd4e1\" data-element_type=\"container\" data-e-type=\"container\">\n\t\t\t\t\t<div class=\"e-con-inner\">\n\t\t<a class=\"elementor-element elementor-element-16eb599 e-flex e-con-boxed e-con e-child\" data-id=\"16eb599\" data-element_type=\"container\" data-e-type=\"container\" data-settings=\"{&quot;background_background&quot;:&quot;classic&quot;}\" href=\"\/de\/service\/restauration\/\">\n\t\t\t\t\t<div class=\"e-con-inner\">\n\t\t\t\t<div class=\"elementor-element elementor-element-2952f33 animated-fast elementor-invisible elementor-widget elementor-widget-heading\" data-id=\"2952f33\" data-element_type=\"widget\" data-e-type=\"widget\" data-settings=\"{&quot;_animation&quot;:&quot;fadeInDown&quot;,&quot;_animation_delay&quot;:&quot;500&quot;}\" data-widget_type=\"heading.default\">\n\t\t\t\t<div class=\"elementor-widget-container\">\n\t\t\t\t\t<h3 class=\"elementor-heading-title elementor-size-default\">Mahlzeit Caterer<\/h3>\t\t\t\t<\/div>\n\t\t\t\t<\/div>\n\t\t\t\t\t<\/div>\n\t\t\t\t<\/a>\n\t\t\t\t\t<\/div>\n\t\t\t\t<\/div>\n\t\t\t\t<div class=\"elementor-element elementor-element-c516ef1 elementor-invisible elementor-widget elementor-widget-heading\" data-id=\"c516ef1\" data-element_type=\"widget\" data-e-type=\"widget\" data-settings=\"{&quot;_animation&quot;:&quot;fadeIn&quot;}\" data-widget_type=\"heading.default\">\n\t\t\t\t<div class=\"elementor-widget-container\">\n\t\t\t\t\t<h2 class=\"elementor-heading-title elementor-size-default\">Aktivit\u00e4ten und Besichtigungen in Burgund<\/h2>\t\t\t\t<\/div>\n\t\t\t\t<\/div>\n\t\t\t\t<div class=\"elementor-element elementor-element-5c866b2 elementor-widget elementor-widget-text-editor\" data-id=\"5c866b2\" data-element_type=\"widget\" data-e-type=\"widget\" data-widget_type=\"text-editor.default\">\n\t\t\t\t<div class=\"elementor-widget-container\">\n\t\t\t\t\t\t\t\t\t<p>Haben Sie Lust, an ungew\u00f6hnlichen Aktivit\u00e4ten teilzunehmen und ein Abenteuer in Burgund zu erleben?<br \/><br \/>Sehen Sie sich unseren\u00a0<a href=\"https:\/\/pont-roche.com\/de\/region-burgund\/\" target=\"_blank\" rel=\"noopener\">Seite f\u00fcr Aktivit\u00e4ten in Burgund<\/a>\u00a0oder kontaktieren Sie Fr\u00e9d\u00e9ric, um ihm Ihre W\u00fcnsche mitzuteilen und wertvolle Kontakte zu erhalten, damit Sie das Programm f\u00fcr Ihren romantischen Aufenthalt ausarbeiten k\u00f6nnen.<\/p>\t\t\t\t\t\t\t\t<\/div>\n\t\t\t\t<\/div>\n\t\t\t\t\t<\/div>\n\t\t\t\t<\/div>\n\t\t\t\t<\/div>","protected":false},"excerpt":{"rendered":"<p>Unsere Dienstleistungen In der Domaine Pont-Roche &amp; Spa bieten wir Ihnen nicht nur ungew\u00f6hnliche Unterk\u00fcnfte mit allem Komfort inmitten der Natur Burgunds, sondern auch hochwertige Dienstleistungen, die Wohlbefinden und Vergn\u00fcgen miteinander verbinden. Wenn Sie einen Aufenthalt im Cube oder in der Cabane buchen, profitieren Sie von bestimmten Dienstleistungen, die in Ihrem Unterkunftsangebot enthalten sind, wie z.B....<\/p>","protected":false},"author":1,"featured_media":0,"parent":0,"menu_order":0,"comment_status":"closed","ping_status":"closed","template":"","meta":{"_kad_post_transparent":"","_kad_post_title":"hide","_kad_post_layout":"fullwidth","_kad_post_sidebar_id":"","_kad_post_content_style":"unboxed","_kad_post_vertical_padding":"hide","_kad_post_feature":"hide","_kad_post_feature_position":"","_kad_post_header":false,"_kad_post_footer":false,"_kad_post_classname":"","footnotes":""},"class_list":["post-12306","page","type-page","status-publish","hentry"],"_links":{"self":[{"href":"https:\/\/pont-roche.com\/de\/wp-json\/wp\/v2\/pages\/12306","targetHints":{"allow":["GET"]}}],"collection":[{"href":"https:\/\/pont-roche.com\/de\/wp-json\/wp\/v2\/pages"}],"about":[{"href":"https:\/\/pont-roche.com\/de\/wp-json\/wp\/v2\/types\/page"}],"author":[{"embeddable":true,"href":"https:\/\/pont-roche.com\/de\/wp-json\/wp\/v2\/users\/1"}],"replies":[{"embeddable":true,"href":"https:\/\/pont-roche.com\/de\/wp-json\/wp\/v2\/comments?post=12306"}],"version-history":[{"count":0,"href":"https:\/\/pont-roche.com\/de\/wp-json\/wp\/v2\/pages\/12306\/revisions"}],"wp:attachment":[{"href":"https:\/\/pont-roche.com\/de\/wp-json\/wp\/v2\/media?parent=12306"}],"curies":[{"name":"wp","href":"https:\/\/api.w.org\/{rel}","templated":true}]}}