{"id":12308,"date":"2024-01-10T18:05:10","date_gmt":"2024-01-10T17:05:10","guid":{"rendered":"https:\/\/pont-roche.com\/?page_id=12308"},"modified":"2026-01-31T12:56:11","modified_gmt":"2026-01-31T11:56:11","slug":"spa-privatif","status":"publish","type":"page","link":"https:\/\/pont-roche.com\/de\/service\/spa-privatif\/","title":{"rendered":"Spa \/ Massagen"},"content":{"rendered":"<div data-elementor-type=\"wp-page\" data-elementor-id=\"12308\" class=\"elementor elementor-12308\" data-elementor-post-type=\"page\">\n\t\t\t\t<div class=\"elementor-element elementor-element-f80da34 e-flex e-con-boxed e-con e-parent\" data-id=\"f80da34\" data-element_type=\"container\" data-e-type=\"container\">\n\t\t\t\t\t<div class=\"e-con-inner\">\n\t\t\t\t<div class=\"elementor-element elementor-element-7e76384 elementor-invisible elementor-widget elementor-widget-heading\" data-id=\"7e76384\" data-element_type=\"widget\" data-e-type=\"widget\" data-settings=\"{&quot;_animation&quot;:&quot;fadeInUp&quot;}\" data-widget_type=\"heading.default\">\n\t\t\t\t<div class=\"elementor-widget-container\">\n\t\t\t\t\t<h1 class=\"elementor-heading-title elementor-size-default\">Privates Nordisches SPA\n<\/h1>\t\t\t\t<\/div>\n\t\t\t\t<\/div>\n\t\t\t\t<div class=\"elementor-element elementor-element-f4f726e elementor-widget-divider--view-line elementor-invisible elementor-widget elementor-widget-divider\" data-id=\"f4f726e\" data-element_type=\"widget\" data-e-type=\"widget\" data-settings=\"{&quot;_animation&quot;:&quot;zoomIn&quot;,&quot;_animation_delay&quot;:&quot;400&quot;}\" data-widget_type=\"divider.default\">\n\t\t\t\t<div class=\"elementor-widget-container\">\n\t\t\t\t\t\t\t<div class=\"elementor-divider\">\n\t\t\t<span class=\"elementor-divider-separator\">\n\t\t\t\t\t\t<\/span>\n\t\t<\/div>\n\t\t\t\t\t\t<\/div>\n\t\t\t\t<\/div>\n\t\t\t\t\t<\/div>\n\t\t\t\t<\/div>\n\t\t<div class=\"elementor-element elementor-element-2646a02 e-flex e-con-boxed e-con e-parent\" data-id=\"2646a02\" data-element_type=\"container\" data-e-type=\"container\" data-settings=\"{&quot;background_background&quot;:&quot;classic&quot;}\">\n\t\t\t\t\t<div class=\"e-con-inner\">\n\t\t<div class=\"elementor-element elementor-element-1537f1e e-flex e-con-boxed e-con e-child\" data-id=\"1537f1e\" data-element_type=\"container\" data-e-type=\"container\" data-settings=\"{&quot;background_background&quot;:&quot;classic&quot;}\">\n\t\t\t\t\t<div class=\"e-con-inner\">\n\t\t\t\t<div class=\"elementor-element elementor-element-3a64176 elementor-widget elementor-widget-text-editor\" data-id=\"3a64176\" data-element_type=\"widget\" data-e-type=\"widget\" data-widget_type=\"text-editor.default\">\n\t\t\t\t<div class=\"elementor-widget-container\">\n\t\t\t\t\t\t\t\t\t<p>Wenn Sie einen Aufenthalt im Domaine Pont-Roche &amp; Spa buchen, profitieren Sie von einer Unterkunft mit eigenem Spa, um sich einen echten Moment der Entspannung zu g\u00f6nnen. Eine romantische Auszeit im Herzen des Burgunds.<\/p>\t\t\t\t\t\t\t\t<\/div>\n\t\t\t\t<\/div>\n\t\t\t\t\t<\/div>\n\t\t\t\t<\/div>\n\t\t\t\t\t<\/div>\n\t\t\t\t<\/div>\n\t\t<div class=\"elementor-element elementor-element-7e7c334 e-flex e-con-boxed e-con e-parent\" data-id=\"7e7c334\" data-element_type=\"container\" data-e-type=\"container\">\n\t\t\t\t\t<div class=\"e-con-inner\">\n\t\t\t\t<div class=\"elementor-element elementor-element-e937560 elementor-invisible elementor-widget elementor-widget-heading\" data-id=\"e937560\" data-element_type=\"widget\" data-e-type=\"widget\" data-settings=\"{&quot;_animation&quot;:&quot;fadeIn&quot;}\" data-widget_type=\"heading.default\">\n\t\t\t\t<div class=\"elementor-widget-container\">\n\t\t\t\t\t<h2 class=\"elementor-heading-title elementor-size-default\">Zwei Unterk\u00fcnfte mit eigenem nordischem Bad\n<\/h2>\t\t\t\t<\/div>\n\t\t\t\t<\/div>\n\t\t<div class=\"elementor-element elementor-element-864b7a0 e-flex e-con-boxed e-con e-child\" data-id=\"864b7a0\" data-element_type=\"container\" data-e-type=\"container\">\n\t\t\t\t\t<div class=\"e-con-inner\">\n\t\t<div class=\"elementor-element elementor-element-cdf1b09 e-flex e-con-boxed e-con e-child\" data-id=\"cdf1b09\" data-element_type=\"container\" data-e-type=\"container\">\n\t\t\t\t\t<div class=\"e-con-inner\">\n\t\t\t\t<div class=\"elementor-element elementor-element-917de6c elementor-widget elementor-widget-image\" data-id=\"917de6c\" data-element_type=\"widget\" data-e-type=\"widget\" data-widget_type=\"image.default\">\n\t\t\t\t<div class=\"elementor-widget-container\">\n\t\t\t\t\t\t\t\t\t\t\t\t\t\t\t<img fetchpriority=\"high\" decoding=\"async\" width=\"768\" height=\"1024\" src=\"https:\/\/pont-roche.com\/wp-content\/uploads\/2024\/01\/Bian-nordique-Cube-768x1024.jpg\" class=\"attachment-large size-large wp-image-12611\" alt=\"\" srcset=\"https:\/\/pont-roche.com\/wp-content\/uploads\/2024\/01\/Bian-nordique-Cube-768x1024.jpg 768w, https:\/\/pont-roche.com\/wp-content\/uploads\/2024\/01\/Bian-nordique-Cube-225x300.jpg 225w, https:\/\/pont-roche.com\/wp-content\/uploads\/2024\/01\/Bian-nordique-Cube-1152x1536.jpg 1152w, https:\/\/pont-roche.com\/wp-content\/uploads\/2024\/01\/Bian-nordique-Cube-1536x2048.jpg 1536w, https:\/\/pont-roche.com\/wp-content\/uploads\/2024\/01\/Bian-nordique-Cube-9x12.jpg 9w, https:\/\/pont-roche.com\/wp-content\/uploads\/2024\/01\/Bian-nordique-Cube-600x800.jpg 600w, https:\/\/pont-roche.com\/wp-content\/uploads\/2024\/01\/Bian-nordique-Cube-scaled.jpg 1900w\" sizes=\"(max-width: 768px) 100vw, 768px\" \/>\t\t\t\t\t\t\t\t\t\t\t\t\t\t\t<\/div>\n\t\t\t\t<\/div>\n\t\t\t\t\t<\/div>\n\t\t\t\t<\/div>\n\t\t<div class=\"elementor-element elementor-element-b3c9c65 e-flex e-con-boxed e-con e-child\" data-id=\"b3c9c65\" data-element_type=\"container\" data-e-type=\"container\">\n\t\t\t\t\t<div class=\"e-con-inner\">\n\t\t\t\t<div class=\"elementor-element elementor-element-f4441bd elementor-widget elementor-widget-text-editor\" data-id=\"f4441bd\" data-element_type=\"widget\" data-e-type=\"widget\" data-widget_type=\"text-editor.default\">\n\t\t\t\t<div class=\"elementor-widget-container\">\n\t\t\t\t\t\t\t\t\t<p>Um jedem zu erm\u00f6glichen, sich w\u00e4hrend seines Aufenthalts maximal zu erholen und eine Intimit\u00e4t in unserem gesch\u00fctzten Ort wiederzufinden, sind unsere beiden <strong>ungew\u00f6hnliche Unterk\u00fcnfte sind mit einem privaten Spa ausgestattet<\/strong>.<\/p><p>Bei der Unterkunft le Cube ist das nordische Bad, auch skandinavisches Spa genannt, auf der Terrasse angeordnet, wo es vor Blicken gesch\u00fctzt ist, sodass Sie den Blick auf den Fluss in aller Privatsph\u00e4re genie\u00dfen k\u00f6nnen. Bei La Cabane befindet sich das Spa am Fu\u00dfe der H\u00fctte, umgeben von der Natur.<\/p><p>Es wird mit Holzfeuer erhitzt und erm\u00f6glicht Ihnen, sich allein oder zu zweit einen Moment der puren Entspannung zu g\u00f6nnen. Neben der geistigen Erholung, die ein Spa-Besuch mit sich bringt, hilft das warme Bad Ihrem K\u00f6rper, Verspannungen zu l\u00f6sen und Ihre Muskeln zu entspannen.<\/p><p>Unser nordisches Bad ist f\u00fcr Ihre Ankunft vor 18 Uhr vorbereitet und beheizt.<\/p>\t\t\t\t\t\t\t\t<\/div>\n\t\t\t\t<\/div>\n\t\t\t\t\t<\/div>\n\t\t\t\t<\/div>\n\t\t\t\t\t<\/div>\n\t\t\t\t<\/div>\n\t\t\t\t<div class=\"elementor-element elementor-element-af64af9 elementor-invisible elementor-widget elementor-widget-heading\" data-id=\"af64af9\" data-element_type=\"widget\" data-e-type=\"widget\" data-settings=\"{&quot;_animation&quot;:&quot;fadeIn&quot;}\" data-widget_type=\"heading.default\">\n\t\t\t\t<div class=\"elementor-widget-container\">\n\t\t\t\t\t<h2 class=\"elementor-heading-title elementor-size-default\">Wellness-Aufenthalt mit einwandfreier Hygiene<\/h2>\t\t\t\t<\/div>\n\t\t\t\t<\/div>\n\t\t\t\t<div class=\"elementor-element elementor-element-c947165 elementor-widget elementor-widget-text-editor\" data-id=\"c947165\" data-element_type=\"widget\" data-e-type=\"widget\" data-widget_type=\"text-editor.default\">\n\t\t\t\t<div class=\"elementor-widget-container\">\n\t\t\t\t\t\t\t\t\t<p>Zwischen jeder Buchung wird das Wasser in den nordischen B\u00e4dern vollst\u00e4ndig abgelassen und der Whirlpool gereinigt. Sobald es vollst\u00e4ndig sauber ist, f\u00fcllt Fr\u00e9d\u00e9ric, Ihr Gastgeber, jedes einzelne <strong>privates nordisches Bad mit Quellwasser<\/strong>.<\/p><p>Mit anderen Worten: Wenn Sie einen Moment in Ihrem skandinavischen Whirlpool verbringen, profitieren Sie von erneuertem Wasser. Ihr Wasser. Diese Hygienegarantie sorgt daf\u00fcr, dass Sie Ihren Moment der Entspannung mit 100 % genie\u00dfen k\u00f6nnen.<\/p><p>Unsere ungew\u00f6hnlichen Unterk\u00fcnfte, die ausgestattet sind mit <strong>private nordische Whirlpools<\/strong> sind der ideale Ort, um loszulassen und zu verschnaufen, weit weg von der Hektik des Alltags.<\/p>\t\t\t\t\t\t\t\t<\/div>\n\t\t\t\t<\/div>\n\t\t\t\t<div class=\"elementor-element elementor-element-c1d8151 elementor-invisible elementor-widget elementor-widget-heading\" data-id=\"c1d8151\" data-element_type=\"widget\" data-e-type=\"widget\" data-settings=\"{&quot;_animation&quot;:&quot;fadeIn&quot;}\" data-widget_type=\"heading.default\">\n\t\t\t\t<div class=\"elementor-widget-container\">\n\t\t\t\t\t<h2 class=\"elementor-heading-title elementor-size-default\">Der perfekte Ort f\u00fcr einen romantischen Aufenthalt<\/h2>\t\t\t\t<\/div>\n\t\t\t\t<\/div>\n\t\t<div class=\"elementor-element elementor-element-a02bf0d e-flex e-con-boxed e-con e-child\" data-id=\"a02bf0d\" data-element_type=\"container\" data-e-type=\"container\">\n\t\t\t\t\t<div class=\"e-con-inner\">\n\t\t<div class=\"elementor-element elementor-element-73b928d e-flex e-con-boxed e-con e-child\" data-id=\"73b928d\" data-element_type=\"container\" data-e-type=\"container\">\n\t\t\t\t\t<div class=\"e-con-inner\">\n\t\t\t\t<div class=\"elementor-element elementor-element-cffa639 elementor-widget elementor-widget-text-editor\" data-id=\"cffa639\" data-element_type=\"widget\" data-e-type=\"widget\" data-widget_type=\"text-editor.default\">\n\t\t\t\t<div class=\"elementor-widget-container\">\n\t\t\t\t\t\t\t\t\t<p>Was gibt es Romantischeres als einen Abend zu zweit in einem skandinavischen Bad, an dem Sie sich bei ged\u00e4mpftem Licht vom sanften Rauschen des Flusses in den Schlaf wiegen lassen k\u00f6nnen? F\u00fcr Verliebte ist die Domaine Pont-Roche der perfekte Ort, um die Bande zu erneuern und neue Erinnerungen als Paar zu schaffen - zwischen Komplizenschaft, Wiederentdeckung und Romantik. Unsere <strong>H\u00fctte mit eigenem Spa<\/strong> und die Suite Le Cube wurden so gestaltet, dass Sie besondere, hochwertige und private Momente miteinander teilen k\u00f6nnen.<\/p><p><strong><span style=\"text-decoration: underline;\">MASSAGEN \ud83d\udc86\u200d\u2642\ufe0f<\/span><\/strong><\/p><p>Sie k\u00f6nnen Ihren Wellness-Aufenthalt in Burgund auch mit einer Massagesitzung abrunden. Diese findet in der M\u00fchle auf unserem Familiengut oder in Ihrer Unterkunft statt. Wir laden Sie ein, unsere Masseurin B\u00e9a gleich nach Ihrer Buchung zu kontaktieren, um einen Termin w\u00e4hrend Ihres Aufenthalts in Fr\u00e9nois zu vereinbaren.<\/p><p>Unsere Masseurinnen verwenden Massage\u00f6l.\u00a0<strong>VIN\u00c9SIME<\/strong> f\u00fcr ein au\u00dfergew\u00f6hnliches Sinneserlebnis.<\/p><p>B\u00e9a Tel.: 06 46 18 02 65<\/p>\t\t\t\t\t\t\t\t<\/div>\n\t\t\t\t<\/div>\n\t\t\t\t\t<\/div>\n\t\t\t\t<\/div>\n\t\t<div class=\"elementor-element elementor-element-70fe2f2 e-flex e-con-boxed e-con e-child\" data-id=\"70fe2f2\" data-element_type=\"container\" data-e-type=\"container\">\n\t\t\t\t\t<div class=\"e-con-inner\">\n\t\t\t\t<div class=\"elementor-element elementor-element-811298c elementor-widget elementor-widget-image\" data-id=\"811298c\" data-element_type=\"widget\" data-e-type=\"widget\" data-widget_type=\"image.default\">\n\t\t\t\t<div class=\"elementor-widget-container\">\n\t\t\t\t\t\t\t\t\t\t\t\t\t\t\t<img decoding=\"async\" width=\"768\" height=\"1024\" src=\"https:\/\/pont-roche.com\/wp-content\/uploads\/2022\/03\/IMG_20220308_150938_resized_20220309_092635494-1-768x1024.jpg\" class=\"attachment-large size-large wp-image-9937\" alt=\"\" srcset=\"https:\/\/pont-roche.com\/wp-content\/uploads\/2022\/03\/IMG_20220308_150938_resized_20220309_092635494-1-768x1024.jpg 768w, https:\/\/pont-roche.com\/wp-content\/uploads\/2022\/03\/IMG_20220308_150938_resized_20220309_092635494-1-225x300.jpg 225w, https:\/\/pont-roche.com\/wp-content\/uploads\/2022\/03\/IMG_20220308_150938_resized_20220309_092635494-1-1152x1536.jpg 1152w, https:\/\/pont-roche.com\/wp-content\/uploads\/2022\/03\/IMG_20220308_150938_resized_20220309_092635494-1-9x12.jpg 9w, https:\/\/pont-roche.com\/wp-content\/uploads\/2022\/03\/IMG_20220308_150938_resized_20220309_092635494-1-600x800.jpg 600w, https:\/\/pont-roche.com\/wp-content\/uploads\/2022\/03\/IMG_20220308_150938_resized_20220309_092635494-1.jpg 1368w\" sizes=\"(max-width: 768px) 100vw, 768px\" \/>\t\t\t\t\t\t\t\t\t\t\t\t\t\t\t<\/div>\n\t\t\t\t<\/div>\n\t\t\t\t\t<\/div>\n\t\t\t\t<\/div>\n\t\t\t\t\t<\/div>\n\t\t\t\t<\/div>\n\t\t\t\t<div class=\"elementor-element elementor-element-53ff1c1 elementor-widget elementor-widget-text-editor\" data-id=\"53ff1c1\" data-element_type=\"widget\" data-e-type=\"widget\" data-widget_type=\"text-editor.default\">\n\t\t\t\t<div class=\"elementor-widget-container\">\n\t\t\t\t\t\t\t\t\t<p>Entdecken Sie jetzt unsere beiden ungew\u00f6hnlichen Unterk\u00fcnfte in Burgund, die Chic, Design, Romantik und Natur miteinander verbinden: Le Cube, eine ungew\u00f6hnliche Wohnung mit allem Komfort direkt am Wasser, und La Cabane, die authentisch und luxuri\u00f6s zugleich ist.<\/p>\t\t\t\t\t\t\t\t<\/div>\n\t\t\t\t<\/div>\n\t\t\t\t\t<\/div>\n\t\t\t\t<\/div>\n\t\t<div class=\"elementor-element elementor-element-ea4d26a e-flex e-con-boxed e-con e-child\" data-id=\"ea4d26a\" data-element_type=\"container\" data-e-type=\"container\">\n\t\t\t\t\t<div class=\"e-con-inner\">\n\t\t<a class=\"elementor-element elementor-element-9f5abf1 e-flex e-con-boxed e-con e-child\" data-id=\"9f5abf1\" data-element_type=\"container\" data-e-type=\"container\" data-settings=\"{&quot;background_background&quot;:&quot;classic&quot;}\" href=\"\/de\/der-wurfel\/\">\n\t\t\t\t\t<div class=\"e-con-inner\">\n\t\t\t\t<div class=\"elementor-element elementor-element-ba21c59 animated-fast elementor-invisible elementor-widget elementor-widget-heading\" data-id=\"ba21c59\" data-element_type=\"widget\" data-e-type=\"widget\" data-settings=\"{&quot;_animation&quot;:&quot;fadeInDown&quot;,&quot;_animation_delay&quot;:&quot;500&quot;}\" data-widget_type=\"heading.default\">\n\t\t\t\t<div class=\"elementor-widget-container\">\n\t\t\t\t\t<h3 class=\"elementor-heading-title elementor-size-default\">Entdecke den Cube<\/h3>\t\t\t\t<\/div>\n\t\t\t\t<\/div>\n\t\t\t\t\t<\/div>\n\t\t\t\t<\/a>\n\t\t<a class=\"elementor-element elementor-element-1a2b387 e-flex e-con-boxed e-con e-child\" data-id=\"1a2b387\" data-element_type=\"container\" data-e-type=\"container\" data-settings=\"{&quot;background_background&quot;:&quot;classic&quot;}\" href=\"\/de\/die-kabine\/\">\n\t\t\t\t\t<div class=\"e-con-inner\">\n\t\t\t\t<div class=\"elementor-element elementor-element-c5a344c animated-fast elementor-invisible elementor-widget elementor-widget-heading\" data-id=\"c5a344c\" data-element_type=\"widget\" data-e-type=\"widget\" data-settings=\"{&quot;_animation&quot;:&quot;fadeInDown&quot;,&quot;_animation_delay&quot;:&quot;500&quot;}\" data-widget_type=\"heading.default\">\n\t\t\t\t<div class=\"elementor-widget-container\">\n\t\t\t\t\t<h3 class=\"elementor-heading-title elementor-size-default\">Entdecke die H\u00fctte<\/h3>\t\t\t\t<\/div>\n\t\t\t\t<\/div>\n\t\t\t\t\t<\/div>\n\t\t\t\t<\/a>\n\t\t\t\t\t<\/div>\n\t\t\t\t<\/div>\n\t\t\t\t<\/div>","protected":false},"excerpt":{"rendered":"<p>Privates nordisches Spa Wenn Sie einen Aufenthalt im Domaine Pont-Roche &amp; Spa buchen, profitieren Sie von einer Unterkunft mit privatem Spa, in dem Sie sich einen Moment der Entspannung g\u00f6nnen k\u00f6nnen. Eine romantische Auszeit im Herzen des Burgunds. Zwei Unterk\u00fcnfte mit eigenem nordischem Bad Damit sich jeder w\u00e4hrend seines Aufenthalts so gut wie m\u00f6glich erholen kann und eine...<\/p>","protected":false},"author":1,"featured_media":0,"parent":12306,"menu_order":0,"comment_status":"closed","ping_status":"closed","template":"","meta":{"_kad_post_transparent":"","_kad_post_title":"hide","_kad_post_layout":"fullwidth","_kad_post_sidebar_id":"","_kad_post_content_style":"unboxed","_kad_post_vertical_padding":"hide","_kad_post_feature":"hide","_kad_post_feature_position":"","_kad_post_header":false,"_kad_post_footer":false,"_kad_post_classname":"","footnotes":""},"class_list":["post-12308","page","type-page","status-publish","hentry"],"_links":{"self":[{"href":"https:\/\/pont-roche.com\/de\/wp-json\/wp\/v2\/pages\/12308","targetHints":{"allow":["GET"]}}],"collection":[{"href":"https:\/\/pont-roche.com\/de\/wp-json\/wp\/v2\/pages"}],"about":[{"href":"https:\/\/pont-roche.com\/de\/wp-json\/wp\/v2\/types\/page"}],"author":[{"embeddable":true,"href":"https:\/\/pont-roche.com\/de\/wp-json\/wp\/v2\/users\/1"}],"replies":[{"embeddable":true,"href":"https:\/\/pont-roche.com\/de\/wp-json\/wp\/v2\/comments?post=12308"}],"version-history":[{"count":0,"href":"https:\/\/pont-roche.com\/de\/wp-json\/wp\/v2\/pages\/12308\/revisions"}],"up":[{"embeddable":true,"href":"https:\/\/pont-roche.com\/de\/wp-json\/wp\/v2\/pages\/12306"}],"wp:attachment":[{"href":"https:\/\/pont-roche.com\/de\/wp-json\/wp\/v2\/media?parent=12308"}],"curies":[{"name":"wp","href":"https:\/\/api.w.org\/{rel}","templated":true}]}}