{"id":12310,"date":"2024-01-10T18:23:16","date_gmt":"2024-01-10T17:23:16","guid":{"rendered":"https:\/\/pont-roche.com\/?page_id=12310"},"modified":"2025-03-26T07:23:40","modified_gmt":"2025-03-26T06:23:40","slug":"sauna-panoramique","status":"publish","type":"page","link":"https:\/\/pont-roche.com\/de\/service\/sauna-panoramique\/","title":{"rendered":"Panorama-Sauna"},"content":{"rendered":"<div data-elementor-type=\"wp-page\" data-elementor-id=\"12310\" class=\"elementor elementor-12310\" data-elementor-post-type=\"page\">\n\t\t\t\t<div class=\"elementor-element elementor-element-4c1bf7b e-flex e-con-boxed e-con e-parent\" data-id=\"4c1bf7b\" data-element_type=\"container\" data-e-type=\"container\">\n\t\t\t\t\t<div class=\"e-con-inner\">\n\t\t\t\t<div class=\"elementor-element elementor-element-fc4e6e0 elementor-invisible elementor-widget elementor-widget-heading\" data-id=\"fc4e6e0\" data-element_type=\"widget\" data-e-type=\"widget\" data-settings=\"{&quot;_animation&quot;:&quot;fadeInUp&quot;}\" data-widget_type=\"heading.default\">\n\t\t\t\t<div class=\"elementor-widget-container\">\n\t\t\t\t\t<h1 class=\"elementor-heading-title elementor-size-default\">Panoramasauna<\/h1>\t\t\t\t<\/div>\n\t\t\t\t<\/div>\n\t\t\t\t<div class=\"elementor-element elementor-element-7205f98 elementor-widget-divider--view-line elementor-invisible elementor-widget elementor-widget-divider\" data-id=\"7205f98\" data-element_type=\"widget\" data-e-type=\"widget\" data-settings=\"{&quot;_animation&quot;:&quot;zoomIn&quot;,&quot;_animation_delay&quot;:&quot;400&quot;}\" data-widget_type=\"divider.default\">\n\t\t\t\t<div class=\"elementor-widget-container\">\n\t\t\t\t\t\t\t<div class=\"elementor-divider\">\n\t\t\t<span class=\"elementor-divider-separator\">\n\t\t\t\t\t\t<\/span>\n\t\t<\/div>\n\t\t\t\t\t\t<\/div>\n\t\t\t\t<\/div>\n\t\t\t\t\t<\/div>\n\t\t\t\t<\/div>\n\t\t<div class=\"elementor-element elementor-element-9e4fd5b e-flex e-con-boxed e-con e-parent\" data-id=\"9e4fd5b\" data-element_type=\"container\" data-e-type=\"container\" data-settings=\"{&quot;background_background&quot;:&quot;classic&quot;}\">\n\t\t\t\t\t<div class=\"e-con-inner\">\n\t\t<div class=\"elementor-element elementor-element-114e597 e-flex e-con-boxed e-con e-child\" data-id=\"114e597\" data-element_type=\"container\" data-e-type=\"container\" data-settings=\"{&quot;background_background&quot;:&quot;classic&quot;}\">\n\t\t\t\t\t<div class=\"e-con-inner\">\n\t\t\t\t<div class=\"elementor-element elementor-element-8588461 elementor-widget elementor-widget-text-editor\" data-id=\"8588461\" data-element_type=\"widget\" data-e-type=\"widget\" data-widget_type=\"text-editor.default\">\n\t\t\t\t<div class=\"elementor-widget-container\">\n\t\t\t\t\t\t\t\t\t<p>G\u00f6nnen Sie sich einen einzigartigen Moment der Entspannung in unserer Panoramasauna, mit einem atemberaubenden Blick auf den Fluss Ignon und die umliegende Natur. <\/p>\t\t\t\t\t\t\t\t<\/div>\n\t\t\t\t<\/div>\n\t\t\t\t\t<\/div>\n\t\t\t\t<\/div>\n\t\t\t\t\t<\/div>\n\t\t\t\t<\/div>\n\t\t<div class=\"elementor-element elementor-element-58a97cd e-flex e-con-boxed e-con e-parent\" data-id=\"58a97cd\" data-element_type=\"container\" data-e-type=\"container\">\n\t\t\t\t\t<div class=\"e-con-inner\">\n\t\t\t\t<div class=\"elementor-element elementor-element-d916de9 elementor-invisible elementor-widget elementor-widget-heading\" data-id=\"d916de9\" data-element_type=\"widget\" data-e-type=\"widget\" data-settings=\"{&quot;_animation&quot;:&quot;fadeIn&quot;}\" data-widget_type=\"heading.default\">\n\t\t\t\t<div class=\"elementor-widget-container\">\n\t\t\t\t\t<h2 class=\"elementor-heading-title elementor-size-default\">Eine Wohlf\u00fchlblase inmitten der Natur<\/h2>\t\t\t\t<\/div>\n\t\t\t\t<\/div>\n\t\t<div class=\"elementor-element elementor-element-4b27fac e-flex e-con-boxed e-con e-child\" data-id=\"4b27fac\" data-element_type=\"container\" data-e-type=\"container\">\n\t\t\t\t\t<div class=\"e-con-inner\">\n\t\t<div class=\"elementor-element elementor-element-5b50bd7 e-flex e-con-boxed e-con e-child\" data-id=\"5b50bd7\" data-element_type=\"container\" data-e-type=\"container\">\n\t\t\t\t\t<div class=\"e-con-inner\">\n\t\t\t\t<div class=\"elementor-element elementor-element-8c0ae5b elementor-widget elementor-widget-image\" data-id=\"8c0ae5b\" data-element_type=\"widget\" data-e-type=\"widget\" data-widget_type=\"image.default\">\n\t\t\t\t<div class=\"elementor-widget-container\">\n\t\t\t\t\t\t\t\t\t\t\t\t\t\t\t<img fetchpriority=\"high\" decoding=\"async\" width=\"768\" height=\"1024\" src=\"https:\/\/pont-roche.com\/wp-content\/uploads\/2024\/01\/spa-768x1024.jpg\" class=\"attachment-large size-large wp-image-12443\" alt=\"\" srcset=\"https:\/\/pont-roche.com\/wp-content\/uploads\/2024\/01\/spa-768x1023.jpg 768w, https:\/\/pont-roche.com\/wp-content\/uploads\/2024\/01\/spa-225x300.jpg 225w, https:\/\/pont-roche.com\/wp-content\/uploads\/2024\/01\/spa-1153x1536.jpg 1153w, https:\/\/pont-roche.com\/wp-content\/uploads\/2024\/01\/spa-9x12.jpg 9w, https:\/\/pont-roche.com\/wp-content\/uploads\/2024\/01\/spa-600x800.jpg 600w, https:\/\/pont-roche.com\/wp-content\/uploads\/2024\/01\/spa.jpg 1500w\" sizes=\"(max-width: 768px) 100vw, 768px\" \/>\t\t\t\t\t\t\t\t\t\t\t\t\t\t\t<\/div>\n\t\t\t\t<\/div>\n\t\t\t\t\t<\/div>\n\t\t\t\t<\/div>\n\t\t<div class=\"elementor-element elementor-element-0841f1f e-flex e-con-boxed e-con e-child\" data-id=\"0841f1f\" data-element_type=\"container\" data-e-type=\"container\">\n\t\t\t\t\t<div class=\"e-con-inner\">\n\t\t\t\t<div class=\"elementor-element elementor-element-7bf47b9 elementor-widget elementor-widget-text-editor\" data-id=\"7bf47b9\" data-element_type=\"widget\" data-e-type=\"widget\" data-widget_type=\"text-editor.default\">\n\t\t\t\t<div class=\"elementor-widget-container\">\n\t\t\t\t\t\t\t\t\t<p>Um Ihre Wellness-Pause in der Domaine Pont-Roche &amp; Spa zu vervollst\u00e4ndigen, g\u00f6nnen Sie sich eine Stunde pure Entspannung. <strong>Entspannung in unserer Panoramasauna<\/strong>allein oder zu zweit. Hier kommt unser Mantra Chic, Natur, Design und Romantik voll zum Tragen. Der Anblick des flie\u00dfenden Flusswassers, das Ger\u00e4usch der zwitschernden V\u00f6gel und die umh\u00fcllende W\u00e4rme der Sauna kumulieren sich, um Ihnen einen einzigartigen Moment des Wohlbefindens zu bieten.<\/p><p>W\u00e4hrend die trockene, intensive Hitze der Sauna Ihren K\u00f6rper und Ihre Haut pflegt, k\u00f6nnen Sie in Ihrer Blase die Natur betrachten und sehen, wie sie sich vor Ihren Augen entwickelt. Sch\u00f6pfen Sie neue Kraft und beruhigen Sie Ihren Geist w\u00e4hrend dieses magischen Moments am Wasser und inmitten der Vegetation, bevor Sie sich in Ihren Kokon inmitten der B\u00e4ume, die Cabane, oder Ihre Designersuite, den Cube, begeben.<\/p><p><strong>ANGEBOT<\/strong>\u00a0: Ab 4 gebuchten \u00dcbernachtungen in der Domaine Pont Roche schenken wir Ihnen eine 1-st\u00fcndige Sitzung f\u00fcr 2 Personen in unserer Panoramasauna!<\/p>\t\t\t\t\t\t\t\t<\/div>\n\t\t\t\t<\/div>\n\t\t\t\t\t<\/div>\n\t\t\t\t<\/div>\n\t\t\t\t\t<\/div>\n\t\t\t\t<\/div>\n\t\t\t\t<div class=\"elementor-element elementor-element-5338d4a elementor-invisible elementor-widget elementor-widget-heading\" data-id=\"5338d4a\" data-element_type=\"widget\" data-e-type=\"widget\" data-settings=\"{&quot;_animation&quot;:&quot;fadeIn&quot;}\" data-widget_type=\"heading.default\">\n\t\t\t\t<div class=\"elementor-widget-container\">\n\t\t\t\t\t<h2 class=\"elementor-heading-title elementor-size-default\">Buchen Sie Ihre Sitzung in unserer Panoramasauna<\/h2>\t\t\t\t<\/div>\n\t\t\t\t<\/div>\n\t\t\t\t<div class=\"elementor-element elementor-element-e441ef0 elementor-widget elementor-widget-text-editor\" data-id=\"e441ef0\" data-element_type=\"widget\" data-e-type=\"widget\" data-widget_type=\"text-editor.default\">\n\t\t\t\t<div class=\"elementor-widget-container\">\n\t\t\t\t\t\t\t\t\t<p>Wenn Sie versuchen m\u00f6chten <strong>das magische Erlebnis der Panoramasauna<\/strong>Wenn Sie eine Unterkunft suchen, informieren Sie Fr\u00e9d\u00e9ric, Ihren Gastgeber, bei der Buchung. Diese Leistung ist nicht im Preis der Buchung Ihrer ungew\u00f6hnlichen Unterkunft enthalten.<\/p><p>Eine Wellness-Sitzung in der Sauna kostet 70 \u20ac f\u00fcr eine Stunde, egal ob Sie allein oder zu zweit sind. Sie k\u00f6nnen w\u00e4hrend Ihres Aufenthalts mehrere Sitzungen absolvieren, vorausgesetzt, die Sauna ist frei und Ihr Gastgeber wird rechtzeitig informiert.<\/p><p><strong>ANGEBOT: <\/strong>Wir schenken Ihnen eine 1-st\u00fcndige Sitzung in unserer Panoramasauna f\u00fcr 2 Personen bei einem Aufenthalt ab 4 \u00dcbernachtungen.<\/p>\t\t\t\t\t\t\t\t<\/div>\n\t\t\t\t<\/div>\n\t\t\t\t\t<\/div>\n\t\t\t\t<\/div>\n\t\t\t\t<\/div>","protected":false},"excerpt":{"rendered":"<p>Panoramasauna G\u00f6nnen Sie sich einen einzigartigen Moment der Entspannung in unserer Panoramasauna, mit einem atemberaubenden Blick auf den Fluss Ignon und die umliegende Natur. Eine Blase des Wohlbefindens inmitten der Natur Um Ihre Wellness-Pause in der Domaine Pont-Roche &amp; Spa zu vervollst\u00e4ndigen, g\u00f6nnen Sie sich eine Stunde pure Entspannung in unserer Panoramasauna, der einzigen...<\/p>","protected":false},"author":1,"featured_media":0,"parent":12306,"menu_order":0,"comment_status":"closed","ping_status":"closed","template":"","meta":{"_kad_post_transparent":"","_kad_post_title":"hide","_kad_post_layout":"fullwidth","_kad_post_sidebar_id":"","_kad_post_content_style":"unboxed","_kad_post_vertical_padding":"hide","_kad_post_feature":"hide","_kad_post_feature_position":"","_kad_post_header":false,"_kad_post_footer":false,"_kad_post_classname":"","footnotes":""},"class_list":["post-12310","page","type-page","status-publish","hentry"],"_links":{"self":[{"href":"https:\/\/pont-roche.com\/de\/wp-json\/wp\/v2\/pages\/12310","targetHints":{"allow":["GET"]}}],"collection":[{"href":"https:\/\/pont-roche.com\/de\/wp-json\/wp\/v2\/pages"}],"about":[{"href":"https:\/\/pont-roche.com\/de\/wp-json\/wp\/v2\/types\/page"}],"author":[{"embeddable":true,"href":"https:\/\/pont-roche.com\/de\/wp-json\/wp\/v2\/users\/1"}],"replies":[{"embeddable":true,"href":"https:\/\/pont-roche.com\/de\/wp-json\/wp\/v2\/comments?post=12310"}],"version-history":[{"count":0,"href":"https:\/\/pont-roche.com\/de\/wp-json\/wp\/v2\/pages\/12310\/revisions"}],"up":[{"embeddable":true,"href":"https:\/\/pont-roche.com\/de\/wp-json\/wp\/v2\/pages\/12306"}],"wp:attachment":[{"href":"https:\/\/pont-roche.com\/de\/wp-json\/wp\/v2\/media?parent=12310"}],"curies":[{"name":"wp","href":"https:\/\/api.w.org\/{rel}","templated":true}]}}