{"id":12315,"date":"2024-01-10T18:51:42","date_gmt":"2024-01-10T17:51:42","guid":{"rendered":"https:\/\/pont-roche.com\/?page_id=12315"},"modified":"2026-04-24T05:37:03","modified_gmt":"2026-04-24T03:37:03","slug":"restauration","status":"publish","type":"page","link":"https:\/\/pont-roche.com\/de\/service\/restauration\/","title":{"rendered":"Verpflegung"},"content":{"rendered":"<div data-elementor-type=\"wp-page\" data-elementor-id=\"12315\" class=\"elementor elementor-12315\" data-elementor-post-type=\"page\">\n\t\t\t\t<div class=\"elementor-element elementor-element-43d3039 e-flex e-con-boxed e-con e-parent\" data-id=\"43d3039\" data-element_type=\"container\" data-e-type=\"container\">\n\t\t\t\t\t<div class=\"e-con-inner\">\n\t\t\t\t<div class=\"elementor-element elementor-element-bb24a69 elementor-invisible elementor-widget elementor-widget-heading\" data-id=\"bb24a69\" data-element_type=\"widget\" data-e-type=\"widget\" data-settings=\"{&quot;_animation&quot;:&quot;fadeInUp&quot;}\" data-widget_type=\"heading.default\">\n\t\t\t\t<div class=\"elementor-widget-container\">\n\t\t\t\t\t<h1 class=\"elementor-heading-title elementor-size-default\">Essen gehen und die burgundische K\u00fcche entdecken<\/h1>\t\t\t\t<\/div>\n\t\t\t\t<\/div>\n\t\t\t\t<div class=\"elementor-element elementor-element-622c713 elementor-widget-divider--view-line elementor-invisible elementor-widget elementor-widget-divider\" data-id=\"622c713\" data-element_type=\"widget\" data-e-type=\"widget\" data-settings=\"{&quot;_animation&quot;:&quot;zoomIn&quot;,&quot;_animation_delay&quot;:&quot;400&quot;}\" data-widget_type=\"divider.default\">\n\t\t\t\t<div class=\"elementor-widget-container\">\n\t\t\t\t\t\t\t<div class=\"elementor-divider\">\n\t\t\t<span class=\"elementor-divider-separator\">\n\t\t\t\t\t\t<\/span>\n\t\t<\/div>\n\t\t\t\t\t\t<\/div>\n\t\t\t\t<\/div>\n\t\t\t\t\t<\/div>\n\t\t\t\t<\/div>\n\t\t<div class=\"elementor-element elementor-element-5869f33 e-flex e-con-boxed e-con e-parent\" data-id=\"5869f33\" data-element_type=\"container\" data-e-type=\"container\" data-settings=\"{&quot;background_background&quot;:&quot;classic&quot;}\">\n\t\t\t\t\t<div class=\"e-con-inner\">\n\t\t<div class=\"elementor-element elementor-element-51e8815 e-con-full e-flex e-con e-child\" data-id=\"51e8815\" data-element_type=\"container\" data-e-type=\"container\" data-settings=\"{&quot;background_background&quot;:&quot;classic&quot;}\">\n\t\t\t\t<div class=\"elementor-element elementor-element-1f524e2 elementor-widget elementor-widget-text-editor\" data-id=\"1f524e2\" data-element_type=\"widget\" data-e-type=\"widget\" data-widget_type=\"text-editor.default\">\n\t\t\t\t<div class=\"elementor-widget-container\">\n\t\t\t\t\t\t\t\t\t<p>Auch wenn die Domaine Pont-Roche kein Restaurant im eigentlichen Sinne besitzt, gibt es mehrere M\u00f6glichkeiten, um Ihre epikureischen Gel\u00fcste w\u00e4hrend Ihres romantischen Aufenthalts zu befriedigen.<\/p>\t\t\t\t\t\t\t\t<\/div>\n\t\t\t\t<\/div>\n\t\t\t\t<\/div>\n\t\t\t\t<div class=\"elementor-element elementor-element-8416da1 elementor-widget elementor-widget-text-editor\" data-id=\"8416da1\" data-element_type=\"widget\" data-e-type=\"widget\" data-widget_type=\"text-editor.default\">\n\t\t\t\t<div class=\"elementor-widget-container\">\n\t\t\t\t\t\t\t\t\t<p>Restaurant : L'\u00e9vYdenCe \/ Chefkoch: Yann Zwysig \/ Fotonachweis: Christophe Fouquin<\/p>\t\t\t\t\t\t\t\t<\/div>\n\t\t\t\t<\/div>\n\t\t\t\t\t<\/div>\n\t\t\t\t<\/div>\n\t\t<div class=\"elementor-element elementor-element-25ab33e e-flex e-con-boxed e-con e-parent\" data-id=\"25ab33e\" data-element_type=\"container\" data-e-type=\"container\">\n\t\t\t\t\t<div class=\"e-con-inner\">\n\t\t\t\t<div class=\"elementor-element elementor-element-a1e6eae elementor-invisible elementor-widget elementor-widget-heading\" data-id=\"a1e6eae\" data-element_type=\"widget\" data-e-type=\"widget\" data-settings=\"{&quot;_animation&quot;:&quot;fadeIn&quot;}\" data-widget_type=\"heading.default\">\n\t\t\t\t<div class=\"elementor-widget-container\">\n\t\t\t\t\t<h2 class=\"elementor-heading-title elementor-size-default\">Selbstgemachtes Essen genie\u00dfen, ohne sich von seinem Kokon zu entfernen\n<\/h2>\t\t\t\t<\/div>\n\t\t\t\t<\/div>\n\t\t\t\t\t<\/div>\n\t\t\t\t<\/div>\n\t\t<div class=\"elementor-element elementor-element-673d0d0 e-flex e-con-boxed e-con e-child\" data-id=\"673d0d0\" data-element_type=\"container\" data-e-type=\"container\">\n\t\t\t\t\t<div class=\"e-con-inner\">\n\t\t<div class=\"elementor-element elementor-element-fbe54db e-flex e-con-boxed e-con e-child\" data-id=\"fbe54db\" data-element_type=\"container\" data-e-type=\"container\">\n\t\t\t\t\t<div class=\"e-con-inner\">\n\t\t\t\t<div class=\"elementor-element elementor-element-f236dad elementor-widget elementor-widget-image\" data-id=\"f236dad\" data-element_type=\"widget\" data-e-type=\"widget\" data-widget_type=\"image.default\">\n\t\t\t\t<div class=\"elementor-widget-container\">\n\t\t\t\t\t\t\t\t\t\t\t\t\t\t\t<img fetchpriority=\"high\" decoding=\"async\" width=\"576\" height=\"1024\" src=\"https:\/\/pont-roche.com\/wp-content\/uploads\/2024\/12\/IMG_9801-576x1024.jpeg\" class=\"attachment-large size-large wp-image-14367\" alt=\"\" srcset=\"https:\/\/pont-roche.com\/wp-content\/uploads\/2024\/12\/IMG_9801-576x1024.jpeg 576w, https:\/\/pont-roche.com\/wp-content\/uploads\/2024\/12\/IMG_9801-169x300.jpeg 169w, https:\/\/pont-roche.com\/wp-content\/uploads\/2024\/12\/IMG_9801-768x1365.jpeg 768w, https:\/\/pont-roche.com\/wp-content\/uploads\/2024\/12\/IMG_9801-864x1536.jpeg 864w, https:\/\/pont-roche.com\/wp-content\/uploads\/2024\/12\/IMG_9801-1152x2048.jpeg 1152w, https:\/\/pont-roche.com\/wp-content\/uploads\/2024\/12\/IMG_9801-7x12.jpeg 7w, https:\/\/pont-roche.com\/wp-content\/uploads\/2024\/12\/IMG_9801-600x1067.jpeg 600w, https:\/\/pont-roche.com\/wp-content\/uploads\/2024\/12\/IMG_9801-scaled.jpeg 1440w\" sizes=\"(max-width: 576px) 100vw, 576px\" \/>\t\t\t\t\t\t\t\t\t\t\t\t\t\t\t<\/div>\n\t\t\t\t<\/div>\n\t\t\t\t\t<\/div>\n\t\t\t\t<\/div>\n\t\t<div class=\"elementor-element elementor-element-cad65f8 e-flex e-con-boxed e-con e-child\" data-id=\"cad65f8\" data-element_type=\"container\" data-e-type=\"container\">\n\t\t\t\t\t<div class=\"e-con-inner\">\n\t\t\t\t<div class=\"elementor-element elementor-element-6ae9cca elementor-widget elementor-widget-text-editor\" data-id=\"6ae9cca\" data-element_type=\"widget\" data-e-type=\"widget\" data-widget_type=\"text-editor.default\">\n\t\t\t\t<div class=\"elementor-widget-container\">\n\t\t\t\t\t\t\t\t\t<p>Wir k\u00f6nnen Ihnen ein ausgezeichnetes Restaurant empfehlen, das nur 30 Minuten von der Domaine entfernt liegt, the place to be! Es handelt sich um das Restaurant\u00a0<strong>Die Evidenz<\/strong>\u00a0in Blaisy-Bas von Yann Zwysig Tel.: 03 80 33 03 03 Sie k\u00f6nnen auch online reservieren!<\/p><p><strong>Der Funke<\/strong>, ein neues Restaurant hat gerade er\u00f6ffnet, getestet und f\u00fcr gut befunden \u2705, 15 Minuten von der Domaine entfernt, Tel.: 03.80.75.74.11 in Salives, frische Produkte, ansprechende Pr\u00e4sentation und gro\u00dfz\u00fcgige K\u00fcche. M\u00f6glichkeit,\u00a0<strong>Lieferung<\/strong> Gerichte vor Ort am Freitag- und Samstagabend, 48 Stunden im Voraus zu bestellen.<\/p><p><span class=\"w8qArf FoJoyf\">Wir schlagen Ihnen auch zwei sehr sch\u00f6ne Adressen vor, um auf der Domaine zu essen. Ihre Bestellungen werden bei unseren Partnern abgeholt.  :\u00a0<\/span><\/p><p><span class=\"w8qArf FoJoyf\">Die K\u00e4serei\u00a0<strong>MEISTER RABE<\/strong> in Is sur Tille Tel.: 06. 47.21.27.28 Anthony bietet Ihnen 4 verschiedene K\u00e4se-\/Wurst-\/Weinplatten zur Auswahl. Nach Ihrer Bestellung vor Ort abzuholen.<\/span><\/p><p><span class=\"w8qArf FoJoyf\"><strong>\u00dcBER DIE SEINE DES WEINS<\/strong>\u00a0in Saint Seine l\u2019Abbaye, Tel.: 06.04.45.15.02 Abiba (ehemalige Chef-Sommeli\u00e8re bei Bernard Loiseau) bietet Ihnen ein Men\u00fc mit hausgemachten Gerichten und Desserts. Je nach Ihren W\u00fcnschen (allergenfrei, vegetarisch) stellt Abiba Ihnen gerne ein ma\u00dfgeschneidertes Men\u00fc zusammen, begleitet von einer Auswahl an sulfitfreien Weinen. Nach Ihrer Bestellung k\u00f6nnen Sie die Speisen vor Ort abholen. Wir empfehlen Ihnen diese sch\u00f6ne Adresse w\u00e4rmstens.<\/span><\/p><p><span class=\"w8qArf FoJoyf\">Sur la Seine du Vin bietet Ihnen auch vegetarische Men\u00fcs an. <\/span><span class=\"w8qArf FoJoyf\">Sie k\u00f6nnen auch (nach Absprache) vor Ort essen, in einer zeitlosen Atmosph\u00e4re! Erleben Sie ein ECHTES Erlebnis, eine Reise in die Vergangenheit!\u00a0<\/span><\/p>\t\t\t\t\t\t\t\t<\/div>\n\t\t\t\t<\/div>\n\t\t\t\t\t<\/div>\n\t\t\t\t<\/div>\n\t\t\t\t\t<\/div>\n\t\t\t\t<\/div>\n\t\t<div class=\"elementor-element elementor-element-1335c85 e-flex e-con-boxed e-con e-parent\" data-id=\"1335c85\" data-element_type=\"container\" data-e-type=\"container\">\n\t\t\t\t\t<div class=\"e-con-inner\">\n\t\t\t\t<div class=\"elementor-element elementor-element-4e9bfde elementor-invisible elementor-widget elementor-widget-heading\" data-id=\"4e9bfde\" data-element_type=\"widget\" data-e-type=\"widget\" data-settings=\"{&quot;_animation&quot;:&quot;fadeIn&quot;}\" data-widget_type=\"heading.default\">\n\t\t\t\t<div class=\"elementor-widget-container\">\n\t\t\t\t\t<h2 class=\"elementor-heading-title elementor-size-default\">Sich in seiner Unterkunft ein Festmahl zubereiten<\/h2>\t\t\t\t<\/div>\n\t\t\t\t<\/div>\n\t\t\t\t<div class=\"elementor-element elementor-element-676f5d8 elementor-widget elementor-widget-text-editor\" data-id=\"676f5d8\" data-element_type=\"widget\" data-e-type=\"widget\" data-widget_type=\"text-editor.default\">\n\t\t\t\t<div class=\"elementor-widget-container\">\n\t\t\t\t\t\t\t\t\t<p>Haben Sie Lust, sich in aller Abgeschiedenheit leckere Gerichte zuzubereiten? Unsere beiden ungew\u00f6hnlichen Unterk\u00fcnfte, der Cube und die Cabane, verf\u00fcgen jeweils \u00fcber eine <strong>ausgestattete K\u00fcche<\/strong> um Ihnen zu erm\u00f6glichen, sich in Ihrer Unterkunft v\u00f6llig selbstst\u00e4ndig und in Ihrem eigenen Rhythmus zu bewegen.<\/p>\t\t\t\t\t\t\t\t<\/div>\n\t\t\t\t<\/div>\n\t\t\t\t<div class=\"elementor-element elementor-element-553552e elementor-widget elementor-widget-heading\" data-id=\"553552e\" data-element_type=\"widget\" data-e-type=\"widget\" data-widget_type=\"heading.default\">\n\t\t\t\t<div class=\"elementor-widget-container\">\n\t\t\t\t\t<h3 class=\"elementor-heading-title elementor-size-default\">Ausstattung in beiden Unterk\u00fcnften vorhanden<\/h3>\t\t\t\t<\/div>\n\t\t\t\t<\/div>\n\t\t\t\t<div class=\"elementor-element elementor-element-83ce9ab elementor-icon-list--layout-inline elementor-list-item-link-full_width elementor-widget elementor-widget-icon-list\" data-id=\"83ce9ab\" data-element_type=\"widget\" data-e-type=\"widget\" data-widget_type=\"icon-list.default\">\n\t\t\t\t<div class=\"elementor-widget-container\">\n\t\t\t\t\t\t\t<ul class=\"elementor-icon-list-items elementor-inline-items\">\n\t\t\t\t\t\t\t<li class=\"elementor-icon-list-item elementor-inline-item\">\n\t\t\t\t\t\t\t\t\t\t\t<span class=\"elementor-icon-list-icon\">\n\t\t\t\t\t\t\t<svg aria-hidden=\"true\" class=\"e-font-icon-svg e-fas-check\" viewbox=\"0 0 512 512\" xmlns=\"http:\/\/www.w3.org\/2000\/svg\"><path d=\"M173.898 439.404l-166.4-166.4c-9.997-9.997-9.997-26.206 0-36.204l36.203-36.204c9.997-9.998 26.207-9.998 36.204 0L192 312.69 432.095 72.596c9.997-9.997 26.207-9.997 36.204 0l36.203 36.204c9.997 9.997 9.997 26.206 0 36.204l-294.4 294.401c-9.998 9.997-26.207 9.997-36.204-.001z\"><\/path><\/svg>\t\t\t\t\t\t<\/span>\n\t\t\t\t\t\t\t\t\t\t<span class=\"elementor-icon-list-text\">K\u00fchlschrank<\/span>\n\t\t\t\t\t\t\t\t\t<\/li>\n\t\t\t\t\t\t\t\t<li class=\"elementor-icon-list-item elementor-inline-item\">\n\t\t\t\t\t\t\t\t\t\t\t<span class=\"elementor-icon-list-icon\">\n\t\t\t\t\t\t\t<svg aria-hidden=\"true\" class=\"e-font-icon-svg e-fas-check\" viewbox=\"0 0 512 512\" xmlns=\"http:\/\/www.w3.org\/2000\/svg\"><path d=\"M173.898 439.404l-166.4-166.4c-9.997-9.997-9.997-26.206 0-36.204l36.203-36.204c9.997-9.998 26.207-9.998 36.204 0L192 312.69 432.095 72.596c9.997-9.997 26.207-9.997 36.204 0l36.203 36.204c9.997 9.997 9.997 26.206 0 36.204l-294.4 294.401c-9.998 9.997-26.207 9.997-36.204-.001z\"><\/path><\/svg>\t\t\t\t\t\t<\/span>\n\t\t\t\t\t\t\t\t\t\t<span class=\"elementor-icon-list-text\">Sp\u00fcle<\/span>\n\t\t\t\t\t\t\t\t\t<\/li>\n\t\t\t\t\t\t\t\t<li class=\"elementor-icon-list-item elementor-inline-item\">\n\t\t\t\t\t\t\t\t\t\t\t<span class=\"elementor-icon-list-icon\">\n\t\t\t\t\t\t\t<svg aria-hidden=\"true\" class=\"e-font-icon-svg e-fas-check\" viewbox=\"0 0 512 512\" xmlns=\"http:\/\/www.w3.org\/2000\/svg\"><path d=\"M173.898 439.404l-166.4-166.4c-9.997-9.997-9.997-26.206 0-36.204l36.203-36.204c9.997-9.998 26.207-9.998 36.204 0L192 312.69 432.095 72.596c9.997-9.997 26.207-9.997 36.204 0l36.203 36.204c9.997 9.997 9.997 26.206 0 36.204l-294.4 294.401c-9.998 9.997-26.207 9.997-36.204-.001z\"><\/path><\/svg>\t\t\t\t\t\t<\/span>\n\t\t\t\t\t\t\t\t\t\t<span class=\"elementor-icon-list-text\">Mikrowelle<\/span>\n\t\t\t\t\t\t\t\t\t<\/li>\n\t\t\t\t\t\t\t\t<li class=\"elementor-icon-list-item elementor-inline-item\">\n\t\t\t\t\t\t\t\t\t\t\t<span class=\"elementor-icon-list-icon\">\n\t\t\t\t\t\t\t<svg aria-hidden=\"true\" class=\"e-font-icon-svg e-fas-check\" viewbox=\"0 0 512 512\" xmlns=\"http:\/\/www.w3.org\/2000\/svg\"><path d=\"M173.898 439.404l-166.4-166.4c-9.997-9.997-9.997-26.206 0-36.204l36.203-36.204c9.997-9.998 26.207-9.998 36.204 0L192 312.69 432.095 72.596c9.997-9.997 26.207-9.997 36.204 0l36.203 36.204c9.997 9.997 9.997 26.206 0 36.204l-294.4 294.401c-9.998 9.997-26.207 9.997-36.204-.001z\"><\/path><\/svg>\t\t\t\t\t\t<\/span>\n\t\t\t\t\t\t\t\t\t\t<span class=\"elementor-icon-list-text\">Kaffeemaschine mit Kolben<\/span>\n\t\t\t\t\t\t\t\t\t<\/li>\n\t\t\t\t\t\t\t\t<li class=\"elementor-icon-list-item elementor-inline-item\">\n\t\t\t\t\t\t\t\t\t\t\t<span class=\"elementor-icon-list-icon\">\n\t\t\t\t\t\t\t<svg aria-hidden=\"true\" class=\"e-font-icon-svg e-fas-check\" viewbox=\"0 0 512 512\" xmlns=\"http:\/\/www.w3.org\/2000\/svg\"><path d=\"M173.898 439.404l-166.4-166.4c-9.997-9.997-9.997-26.206 0-36.204l36.203-36.204c9.997-9.998 26.207-9.998 36.204 0L192 312.69 432.095 72.596c9.997-9.997 26.207-9.997 36.204 0l36.203 36.204c9.997 9.997 9.997 26.206 0 36.204l-294.4 294.401c-9.998 9.997-26.207 9.997-36.204-.001z\"><\/path><\/svg>\t\t\t\t\t\t<\/span>\n\t\t\t\t\t\t\t\t\t\t<span class=\"elementor-icon-list-text\">Dunstabzugshaube<\/span>\n\t\t\t\t\t\t\t\t\t<\/li>\n\t\t\t\t\t\t\t\t<li class=\"elementor-icon-list-item elementor-inline-item\">\n\t\t\t\t\t\t\t\t\t\t\t<span class=\"elementor-icon-list-icon\">\n\t\t\t\t\t\t\t<svg aria-hidden=\"true\" class=\"e-font-icon-svg e-fas-check\" viewbox=\"0 0 512 512\" xmlns=\"http:\/\/www.w3.org\/2000\/svg\"><path d=\"M173.898 439.404l-166.4-166.4c-9.997-9.997-9.997-26.206 0-36.204l36.203-36.204c9.997-9.998 26.207-9.998 36.204 0L192 312.69 432.095 72.596c9.997-9.997 26.207-9.997 36.204 0l36.203 36.204c9.997 9.997 9.997 26.206 0 36.204l-294.4 294.401c-9.998 9.997-26.207 9.997-36.204-.001z\"><\/path><\/svg>\t\t\t\t\t\t<\/span>\n\t\t\t\t\t\t\t\t\t\t<span class=\"elementor-icon-list-text\">Wasserkocher<\/span>\n\t\t\t\t\t\t\t\t\t<\/li>\n\t\t\t\t\t\t<\/ul>\n\t\t\t\t\t\t<\/div>\n\t\t\t\t<\/div>\n\t\t\t\t<div class=\"elementor-element elementor-element-1525ecc elementor-widget elementor-widget-heading\" data-id=\"1525ecc\" data-element_type=\"widget\" data-e-type=\"widget\" data-widget_type=\"heading.default\">\n\t\t\t\t<div class=\"elementor-widget-container\">\n\t\t\t\t\t<h3 class=\"elementor-heading-title elementor-size-default\">Ausstattungen, die nur im Cube vorhanden sind\n<\/h3>\t\t\t\t<\/div>\n\t\t\t\t<\/div>\n\t\t\t\t<div class=\"elementor-element elementor-element-102895d elementor-icon-list--layout-inline elementor-list-item-link-full_width elementor-widget elementor-widget-icon-list\" data-id=\"102895d\" data-element_type=\"widget\" data-e-type=\"widget\" data-widget_type=\"icon-list.default\">\n\t\t\t\t<div class=\"elementor-widget-container\">\n\t\t\t\t\t\t\t<ul class=\"elementor-icon-list-items elementor-inline-items\">\n\t\t\t\t\t\t\t<li class=\"elementor-icon-list-item elementor-inline-item\">\n\t\t\t\t\t\t\t\t\t\t\t<span class=\"elementor-icon-list-icon\">\n\t\t\t\t\t\t\t<svg aria-hidden=\"true\" class=\"e-font-icon-svg e-fas-check\" viewbox=\"0 0 512 512\" xmlns=\"http:\/\/www.w3.org\/2000\/svg\"><path d=\"M173.898 439.404l-166.4-166.4c-9.997-9.997-9.997-26.206 0-36.204l36.203-36.204c9.997-9.998 26.207-9.998 36.204 0L192 312.69 432.095 72.596c9.997-9.997 26.207-9.997 36.204 0l36.203 36.204c9.997 9.997 9.997 26.206 0 36.204l-294.4 294.401c-9.998 9.997-26.207 9.997-36.204-.001z\"><\/path><\/svg>\t\t\t\t\t\t<\/span>\n\t\t\t\t\t\t\t\t\t\t<span class=\"elementor-icon-list-text\">Glaskeramikkochfelder<\/span>\n\t\t\t\t\t\t\t\t\t<\/li>\n\t\t\t\t\t\t\t\t<li class=\"elementor-icon-list-item elementor-inline-item\">\n\t\t\t\t\t\t\t\t\t\t\t<span class=\"elementor-icon-list-icon\">\n\t\t\t\t\t\t\t<svg aria-hidden=\"true\" class=\"e-font-icon-svg e-fas-check\" viewbox=\"0 0 512 512\" xmlns=\"http:\/\/www.w3.org\/2000\/svg\"><path d=\"M173.898 439.404l-166.4-166.4c-9.997-9.997-9.997-26.206 0-36.204l36.203-36.204c9.997-9.998 26.207-9.998 36.204 0L192 312.69 432.095 72.596c9.997-9.997 26.207-9.997 36.204 0l36.203 36.204c9.997 9.997 9.997 26.206 0 36.204l-294.4 294.401c-9.998 9.997-26.207 9.997-36.204-.001z\"><\/path><\/svg>\t\t\t\t\t\t<\/span>\n\t\t\t\t\t\t\t\t\t\t<span class=\"elementor-icon-list-text\">Backofen<\/span>\n\t\t\t\t\t\t\t\t\t<\/li>\n\t\t\t\t\t\t\t\t<li class=\"elementor-icon-list-item elementor-inline-item\">\n\t\t\t\t\t\t\t\t\t\t\t<span class=\"elementor-icon-list-icon\">\n\t\t\t\t\t\t\t<svg aria-hidden=\"true\" class=\"e-font-icon-svg e-fas-check\" viewbox=\"0 0 512 512\" xmlns=\"http:\/\/www.w3.org\/2000\/svg\"><path d=\"M173.898 439.404l-166.4-166.4c-9.997-9.997-9.997-26.206 0-36.204l36.203-36.204c9.997-9.998 26.207-9.998 36.204 0L192 312.69 432.095 72.596c9.997-9.997 26.207-9.997 36.204 0l36.203 36.204c9.997 9.997 9.997 26.206 0 36.204l-294.4 294.401c-9.998 9.997-26.207 9.997-36.204-.001z\"><\/path><\/svg>\t\t\t\t\t\t<\/span>\n\t\t\t\t\t\t\t\t\t\t<span class=\"elementor-icon-list-text\">Geschirrsp\u00fcler<\/span>\n\t\t\t\t\t\t\t\t\t<\/li>\n\t\t\t\t\t\t<\/ul>\n\t\t\t\t\t\t<\/div>\n\t\t\t\t<\/div>\n\t\t\t\t<div class=\"elementor-element elementor-element-bb5ec06 elementor-widget elementor-widget-heading\" data-id=\"bb5ec06\" data-element_type=\"widget\" data-e-type=\"widget\" data-widget_type=\"heading.default\">\n\t\t\t\t<div class=\"elementor-widget-container\">\n\t\t\t\t\t<h3 class=\"elementor-heading-title elementor-size-default\">Ausstattungen, die nur in der H\u00fctte vorhanden sind\n<\/h3>\t\t\t\t<\/div>\n\t\t\t\t<\/div>\n\t\t\t\t<div class=\"elementor-element elementor-element-e0d74f6 elementor-icon-list--layout-inline elementor-list-item-link-full_width elementor-widget elementor-widget-icon-list\" data-id=\"e0d74f6\" data-element_type=\"widget\" data-e-type=\"widget\" data-widget_type=\"icon-list.default\">\n\t\t\t\t<div class=\"elementor-widget-container\">\n\t\t\t\t\t\t\t<ul class=\"elementor-icon-list-items elementor-inline-items\">\n\t\t\t\t\t\t\t<li class=\"elementor-icon-list-item elementor-inline-item\">\n\t\t\t\t\t\t\t\t\t\t\t<span class=\"elementor-icon-list-icon\">\n\t\t\t\t\t\t\t<svg aria-hidden=\"true\" class=\"e-font-icon-svg e-fas-check\" viewbox=\"0 0 512 512\" xmlns=\"http:\/\/www.w3.org\/2000\/svg\"><path d=\"M173.898 439.404l-166.4-166.4c-9.997-9.997-9.997-26.206 0-36.204l36.203-36.204c9.997-9.998 26.207-9.998 36.204 0L192 312.69 432.095 72.596c9.997-9.997 26.207-9.997 36.204 0l36.203 36.204c9.997 9.997 9.997 26.206 0 36.204l-294.4 294.401c-9.998 9.997-26.207 9.997-36.204-.001z\"><\/path><\/svg>\t\t\t\t\t\t<\/span>\n\t\t\t\t\t\t\t\t\t\t<span class=\"elementor-icon-list-text\">Induktionskochfeld<\/span>\n\t\t\t\t\t\t\t\t\t<\/li>\n\t\t\t\t\t\t<\/ul>\n\t\t\t\t\t\t<\/div>\n\t\t\t\t<\/div>\n\t\t\t\t<div class=\"elementor-element elementor-element-0fdfd80 elementor-widget elementor-widget-text-editor\" data-id=\"0fdfd80\" data-element_type=\"widget\" data-e-type=\"widget\" data-widget_type=\"text-editor.default\">\n\t\t\t\t<div class=\"elementor-widget-container\">\n\t\t\t\t\t\t\t\t\t<p>Wenn Sie auf der Suche nach frischen, lokalen Produkten sind, machen Sie einen Abstecher zum Bauernhof von Labergement, einem Weiler von Moloy, der 4 km vom Landgut entfernt liegt.\u00a0<\/p><p><span style=\"font-weight: 400;\">Etwas weiter entfernt, etwa 30 km, liegt das charmante Dorf Etaules, das ebenfalls \u00fcber einen Bauernhof verf\u00fcgt und Produkte im Direktverkauf anbietet.\u00a0<\/span><\/p><p><span style=\"font-weight: 400;\">Wenn Sie schlie\u00dflich in Dijon auf der Durchreise sind, sollten Sie es nicht vers\u00e4umen, die Ameisenfarm zu besuchen, einen geselligen und atypischen Ort, der eine Kantine und einen Null-Abfall-Lebensmittelladen vereint, Au gramme pr\u00e8s, wo Sie alles finden k\u00f6nnen, was Sie brauchen, um sich in Ihrer Wohnung leckere Gerichte zuzubereiten.<\/span><\/p>\t\t\t\t\t\t\t\t<\/div>\n\t\t\t\t<\/div>\n\t\t\t\t<div class=\"elementor-element elementor-element-80e973a elementor-invisible elementor-widget elementor-widget-heading\" data-id=\"80e973a\" data-element_type=\"widget\" data-e-type=\"widget\" data-settings=\"{&quot;_animation&quot;:&quot;fadeIn&quot;}\" data-widget_type=\"heading.default\">\n\t\t\t\t<div class=\"elementor-widget-container\">\n\t\t\t\t\t<h2 class=\"elementor-heading-title elementor-size-default\">Burgund und seine Gerichte kennenlernen<\/h2>\t\t\t\t<\/div>\n\t\t\t\t<\/div>\n\t\t\t\t<div class=\"elementor-element elementor-element-c9d21a1 elementor-widget elementor-widget-text-editor\" data-id=\"c9d21a1\" data-element_type=\"widget\" data-e-type=\"widget\" data-widget_type=\"text-editor.default\">\n\t\t\t\t<div class=\"elementor-widget-container\">\n\t\t\t\t\t\t\t\t\t<p>F\u00fcr Liebhaber kulinarischer Roadtrips und Genie\u00dfer ist das Burgund ein ideales Reiseziel. Die gastronomische Kultur nimmt in der Region einen sehr wichtigen Platz ein. Warum sich also nicht auf ein Abenteuer einlassen und sich von einem der <strong>zahlreiche burgundische Restaurants<\/strong> ?<\/p><p>Im Stadtzentrum von Dijon oder Beaune gibt es eine gro\u00dfe Auswahl an Lokalen f\u00fcr Liebhaber der burgundischen K\u00fcche. Innerhalb der Hauptstadt der Herz\u00f6ge von Burgund sind beispielsweise das Gourmetrestaurant Cibo, das gro\u00dfen Wert darauf legt, nur lokale Produkte zu verwenden, das 314, das sich rund um die wundersch\u00f6nen Markthallen von Dijon befindet, oder das La Menuiserie, ein Restaurant, das sich f\u00fcr eine lokavore und umweltbewusste K\u00fcche einsetzt, zu erw\u00e4hnen. Dieser epikureische Ausflug bietet die Gelegenheit, die Stadt und die Region durch ihre Gerichte und Produkte aus einem anderen Blickwinkel zu entdecken.<\/p><p>Sie k\u00f6nnen auch durch das Tille de l'Ignon-Tal streifen, um de <strong>k\u00f6stliche burgundische Gerichte<\/strong>. Wir empfehlen Ihnen besonders die Auberge C\u00f4t\u00e9 Rivi\u00e8re und O Dix, die sich in Is-sur-Tille befinden.<\/p><p>Und schlie\u00dflich befindet sich in Saint-Seine l'Abbaye mein Lieblingsort: die Weinbar Sur la Seine du vin, in der Abiba, ehemalige Sommeli\u00e8re bei Bernard Loiseau, f\u00fcr ein zeitloses Erlebnis sorgt!<\/p><div dir=\"auto\"><p><strong>UNSER NETZWERK,<\/strong> <strong>UNSERE FAVORITEN \u2705.<\/strong><\/p><\/div><div dir=\"auto\">\u00a0<\/div><div dir=\"auto\">In Burgund:<\/div><div dir=\"auto\">Das Haus der Schmiedemeister in Moloy\u00a0<a href=\"https:\/\/www.gitemoloy.fr\/fr\" target=\"_blank\" rel=\"noopener\">https:\/\/www.gitemoloy.fr\/fr<\/a><\/div><div dir=\"auto\">Vaud\u00e9sir-H\u00e4user in Chablis\u00a0 <a href=\"https:\/\/www.maisonsvaudesir.fr\/fr\" target=\"_blank\" rel=\"noopener\">https:\/\/www.maisonsvaudesir.fr\/fr<\/a><\/div><div dir=\"auto\">Samo Lodges <a href=\"https:\/\/samo-lodges.fr\/\" target=\"_blank\" rel=\"noopener\">https:\/\/samo-lodges.fr\/<\/a><\/div><div dir=\"auto\">\u00a0<\/div><div dir=\"auto\">In S\u00fcdfrankreich:<\/div><div dir=\"auto\">La Chambre 21 in Entrevaux\u00a0<a href=\"https:\/\/www.instagram.com\/lachambre21.entrevaux\/\" target=\"_blank\" rel=\"noopener\">https:\/\/www.instagram.com\/lachambre21.entrevaux\/<\/a><\/div><div dir=\"auto\">Le Mas de Saribou in der Ard\u00e8che\u00a0<a href=\"https:\/\/masdesaribou.fr\" target=\"_blank\" rel=\"noopener\">https:\/\/masdesaribou.fr<\/a><\/div><div dir=\"auto\">\u00a0<\/div><div dir=\"auto\">In Kroatien:<\/div><div dir=\"auto\">Art Heritage Apartments in Split\u00a0<a href=\"https:\/\/www.instagram.com\/art_heritage_apartments\/\" target=\"_blank\" rel=\"noopener\">https:\/\/www.instagram.com\/art_heritage_apartments\/<\/a><\/div><p>\u00a0<\/p><p>Z\u00f6gern Sie nicht, Ihren Gastgeber Fr\u00e9d\u00e9ric um Rat zu fragen, der Ihnen gerne von diesen guten Adressen erz\u00e4hlen wird.<\/p>\t\t\t\t\t\t\t\t<\/div>\n\t\t\t\t<\/div>\n\t\t\t\t\t<\/div>\n\t\t\t\t<\/div>\n\t\t\t\t<\/div>","protected":false},"excerpt":{"rendered":"<p>Essen gehen und die burgundische K\u00fcche entdecken Auch wenn die Domaine Pont-Roche kein Restaurant im eigentlichen Sinne besitzt, gibt es mehrere M\u00f6glichkeiten, Ihre epikureischen Gel\u00fcste w\u00e4hrend Ihres romantischen Aufenthalts zu befriedigen. Restaurant : L'\u00e9vYdenCe \/ Chefkoch: Yann Zwysig \/ Bildnachweis: Christophe Fouquin Hausgemachte Gerichte genie\u00dfen, ohne sich vom Fleck zu bewegen....<\/p>","protected":false},"author":1,"featured_media":0,"parent":12306,"menu_order":0,"comment_status":"closed","ping_status":"closed","template":"","meta":{"_kad_post_transparent":"","_kad_post_title":"hide","_kad_post_layout":"fullwidth","_kad_post_sidebar_id":"","_kad_post_content_style":"unboxed","_kad_post_vertical_padding":"hide","_kad_post_feature":"hide","_kad_post_feature_position":"","_kad_post_header":false,"_kad_post_footer":false,"_kad_post_classname":"","footnotes":""},"class_list":["post-12315","page","type-page","status-publish","hentry"],"_links":{"self":[{"href":"https:\/\/pont-roche.com\/de\/wp-json\/wp\/v2\/pages\/12315","targetHints":{"allow":["GET"]}}],"collection":[{"href":"https:\/\/pont-roche.com\/de\/wp-json\/wp\/v2\/pages"}],"about":[{"href":"https:\/\/pont-roche.com\/de\/wp-json\/wp\/v2\/types\/page"}],"author":[{"embeddable":true,"href":"https:\/\/pont-roche.com\/de\/wp-json\/wp\/v2\/users\/1"}],"replies":[{"embeddable":true,"href":"https:\/\/pont-roche.com\/de\/wp-json\/wp\/v2\/comments?post=12315"}],"version-history":[{"count":0,"href":"https:\/\/pont-roche.com\/de\/wp-json\/wp\/v2\/pages\/12315\/revisions"}],"up":[{"embeddable":true,"href":"https:\/\/pont-roche.com\/de\/wp-json\/wp\/v2\/pages\/12306"}],"wp:attachment":[{"href":"https:\/\/pont-roche.com\/de\/wp-json\/wp\/v2\/media?parent=12315"}],"curies":[{"name":"wp","href":"https:\/\/api.w.org\/{rel}","templated":true}]}}