{"id":13633,"date":"2024-10-07T17:59:46","date_gmt":"2024-10-07T15:59:46","guid":{"rendered":"https:\/\/pont-roche.com\/?page_id=13633"},"modified":"2025-08-08T12:48:52","modified_gmt":"2025-08-08T10:48:52","slug":"week-end-amoureux-bourgogne","status":"publish","type":"page","link":"https:\/\/pont-roche.com\/de\/week-end-amoureux-bourgogne\/","title":{"rendered":"Paar\/Liebende"},"content":{"rendered":"<div data-elementor-type=\"wp-page\" data-elementor-id=\"13633\" class=\"elementor elementor-13633\" data-elementor-post-type=\"page\">\n\t\t\t\t<div class=\"elementor-element elementor-element-c2372b3 e-flex e-con-boxed e-con e-parent\" data-id=\"c2372b3\" data-element_type=\"container\" data-e-type=\"container\">\n\t\t\t\t\t<div class=\"e-con-inner\">\n\t\t\t\t<div class=\"elementor-element elementor-element-b3b58fb elementor-invisible elementor-widget elementor-widget-heading\" data-id=\"b3b58fb\" data-element_type=\"widget\" data-e-type=\"widget\" data-settings=\"{&quot;_animation&quot;:&quot;fadeInUp&quot;}\" data-widget_type=\"heading.default\">\n\t\t\t\t<div class=\"elementor-widget-container\">\n\t\t\t\t\t<h1 class=\"elementor-heading-title elementor-size-default\">Liebeswochenende in Burgund mit privatem Spa<\/h1>\t\t\t\t<\/div>\n\t\t\t\t<\/div>\n\t\t\t\t<div class=\"elementor-element elementor-element-13cba4c elementor-widget-divider--view-line elementor-invisible elementor-widget elementor-widget-divider\" data-id=\"13cba4c\" data-element_type=\"widget\" data-e-type=\"widget\" data-settings=\"{&quot;_animation&quot;:&quot;zoomIn&quot;,&quot;_animation_delay&quot;:&quot;400&quot;}\" data-widget_type=\"divider.default\">\n\t\t\t\t<div class=\"elementor-widget-container\">\n\t\t\t\t\t\t\t<div class=\"elementor-divider\">\n\t\t\t<span class=\"elementor-divider-separator\">\n\t\t\t\t\t\t<\/span>\n\t\t<\/div>\n\t\t\t\t\t\t<\/div>\n\t\t\t\t<\/div>\n\t\t\t\t\t<\/div>\n\t\t\t\t<\/div>\n\t\t<div class=\"elementor-element elementor-element-028a627 e-flex e-con-boxed e-con e-parent\" data-id=\"028a627\" data-element_type=\"container\" data-e-type=\"container\" data-settings=\"{&quot;background_background&quot;:&quot;classic&quot;}\">\n\t\t\t\t\t<div class=\"e-con-inner\">\n\t\t<div class=\"elementor-element elementor-element-c3c920a e-flex e-con-boxed e-con e-child\" data-id=\"c3c920a\" data-element_type=\"container\" data-e-type=\"container\" data-settings=\"{&quot;background_background&quot;:&quot;classic&quot;}\">\n\t\t\t\t\t<div class=\"e-con-inner\">\n\t\t\t\t<div class=\"elementor-element elementor-element-4e25b51 elementor-widget elementor-widget-text-editor\" data-id=\"4e25b51\" data-element_type=\"widget\" data-e-type=\"widget\" data-widget_type=\"text-editor.default\">\n\t\t\t\t<div class=\"elementor-widget-container\">\n\t\t\t\t\t\t\t\t\t<p>Entfliehen Sie in einen sanften Kokon inmitten der Natur Burgunds und schaffen Sie sich neue, komplizenhafte Erinnerungen f\u00fcr Verliebte. <\/p>\t\t\t\t\t\t\t\t<\/div>\n\t\t\t\t<\/div>\n\t\t\t\t\t<\/div>\n\t\t\t\t<\/div>\n\t\t\t\t\t<\/div>\n\t\t\t\t<\/div>\n\t\t<div class=\"elementor-element elementor-element-ebfcb1d e-flex e-con-boxed e-con e-parent\" data-id=\"ebfcb1d\" data-element_type=\"container\" data-e-type=\"container\">\n\t\t\t\t\t<div class=\"e-con-inner\">\n\t\t\t\t<div class=\"elementor-element elementor-element-8e1dea4 elementor-invisible elementor-widget elementor-widget-heading\" data-id=\"8e1dea4\" data-element_type=\"widget\" data-e-type=\"widget\" data-settings=\"{&quot;_animation&quot;:&quot;fadeIn&quot;}\" data-widget_type=\"heading.default\">\n\t\t\t\t<div class=\"elementor-widget-container\">\n\t\t\t\t\t<h2 class=\"elementor-heading-title elementor-size-default\">Ihr n\u00e4chster Romantikurlaub findet in Burgund statt<\/h2>\t\t\t\t<\/div>\n\t\t\t\t<\/div>\n\t\t\t\t<div class=\"elementor-element elementor-element-f5f6792 elementor-widget elementor-widget-text-editor\" data-id=\"f5f6792\" data-element_type=\"widget\" data-e-type=\"widget\" data-widget_type=\"text-editor.default\">\n\t\t\t\t<div class=\"elementor-widget-container\">\n\t\t\t\t\t\t\t\t\t<p>Die Domaine Pont-Roche &amp; Spa ist das <strong>perfekter Ort f\u00fcr Verliebte<\/strong> die eine entspannende Auszeit zu zweit genie\u00dfen m\u00f6chten. Seine zwei ungew\u00f6hnlichen und luxuri\u00f6sen Unterk\u00fcnfte und seine romantische und bukolische Umgebung laden Sie zu Entspannung und Zweisamkeit ein.<\/p>\t\t\t\t\t\t\t\t<\/div>\n\t\t\t\t<\/div>\n\t\t\t\t\t<\/div>\n\t\t\t\t<\/div>\n\t\t<div class=\"elementor-element elementor-element-a3b55c3 e-flex e-con-boxed e-con e-parent\" data-id=\"a3b55c3\" data-element_type=\"container\" data-e-type=\"container\">\n\t\t\t\t\t<div class=\"e-con-inner\">\n\t\t\t\t<div class=\"elementor-element elementor-element-2c430e9 hotel-tmpl-titles elementor-widget elementor-widget-heading\" data-id=\"2c430e9\" data-element_type=\"widget\" data-e-type=\"widget\" data-widget_type=\"heading.default\">\n\t\t\t\t<div class=\"elementor-widget-container\">\n\t\t\t\t\t<h3 class=\"elementor-heading-title elementor-size-default\">Zwei hochwertige Kuschelnester f\u00fcr Turteltauben<\/h3>\t\t\t\t<\/div>\n\t\t\t\t<\/div>\n\t\t<div class=\"elementor-element elementor-element-39841fb e-con-full e-flex e-con e-child\" data-id=\"39841fb\" data-element_type=\"container\" data-e-type=\"container\">\n\t\t<div class=\"elementor-element elementor-element-f8c229d e-con-full e-flex e-con e-child\" data-id=\"f8c229d\" data-element_type=\"container\" data-e-type=\"container\">\n\t\t\t\t<div class=\"elementor-element elementor-element-4b2d6a6 elementor-widget elementor-widget-image\" data-id=\"4b2d6a6\" data-element_type=\"widget\" data-e-type=\"widget\" data-widget_type=\"image.default\">\n\t\t\t\t<div class=\"elementor-widget-container\">\n\t\t\t\t\t\t\t\t\t\t\t\t\t\t\t<img fetchpriority=\"high\" decoding=\"async\" width=\"1024\" height=\"683\" src=\"https:\/\/pont-roche.com\/wp-content\/uploads\/2024\/01\/IMG_0970-1024x683.jpg\" class=\"attachment-large size-large wp-image-12631\" alt=\"\" srcset=\"https:\/\/pont-roche.com\/wp-content\/uploads\/2024\/01\/IMG_0970-1024x683.jpg 1024w, https:\/\/pont-roche.com\/wp-content\/uploads\/2024\/01\/IMG_0970-300x200.jpg 300w, https:\/\/pont-roche.com\/wp-content\/uploads\/2024\/01\/IMG_0970-768x512.jpg 768w, https:\/\/pont-roche.com\/wp-content\/uploads\/2024\/01\/IMG_0970-1536x1024.jpg 1536w, https:\/\/pont-roche.com\/wp-content\/uploads\/2024\/01\/IMG_0970-scaled.jpg 1900w, https:\/\/pont-roche.com\/wp-content\/uploads\/2024\/01\/IMG_0970-18x12.jpg 18w, https:\/\/pont-roche.com\/wp-content\/uploads\/2024\/01\/IMG_0970-600x400.jpg 600w\" sizes=\"(max-width: 1024px) 100vw, 1024px\" \/>\t\t\t\t\t\t\t\t\t\t\t\t\t\t\t<\/div>\n\t\t\t\t<\/div>\n\t\t\t\t<\/div>\n\t\t<div class=\"elementor-element elementor-element-b4c1ac6 e-con-full e-flex e-con e-child\" data-id=\"b4c1ac6\" data-element_type=\"container\" data-e-type=\"container\">\n\t\t\t\t<div class=\"elementor-element elementor-element-acf7285 elementor-widget elementor-widget-text-editor\" data-id=\"acf7285\" data-element_type=\"widget\" data-e-type=\"widget\" data-widget_type=\"text-editor.default\">\n\t\t\t\t<div class=\"elementor-widget-container\">\n\t\t\t\t\t\t\t\t\t<p>La Cabane, eine harmonische Mischung aus Luxus und Einfachheit, bietet Ihnen eine magische und einzigartige Umgebung. Umgeben von B\u00e4umen genie\u00dfen Sie eine Blase der Intimit\u00e4t, ohne jegliches Gegen\u00fcber, sodass Sie sich allein, in Zweisamkeit mit Ihrer besseren H\u00e4lfte, fernab von jeglicher Hektik bewegen k\u00f6nnen. Die Terrasse mit Blick auf den Fluss Ignon wurde so gestaltet, dass sie Ihnen einen zauberhaften Rahmen bietet, in dem Sie sich entspannen k\u00f6nnen, w\u00e4hrend Sie vom sanften Rauschen des Wassers und dem Gesang der V\u00f6gel in den Schlaf gewiegt werden.<\/p><p><a href=\"https:\/\/pont-roche.com\/de\/die-kabine\/\">Entdecken Sie unsere H\u00fctte mit allem Komfort<\/a><\/p>\t\t\t\t\t\t\t\t<\/div>\n\t\t\t\t<\/div>\n\t\t\t\t<\/div>\n\t\t\t\t<\/div>\n\t\t<div class=\"elementor-element elementor-element-cc1aadc e-con-full e-flex e-con e-child\" data-id=\"cc1aadc\" data-element_type=\"container\" data-e-type=\"container\">\n\t\t<div class=\"elementor-element elementor-element-9d7afb7 e-con-full e-flex e-con e-child\" data-id=\"9d7afb7\" data-element_type=\"container\" data-e-type=\"container\">\n\t\t\t\t<div class=\"elementor-element elementor-element-3079806 elementor-widget elementor-widget-text-editor\" data-id=\"3079806\" data-element_type=\"widget\" data-e-type=\"widget\" data-widget_type=\"text-editor.default\">\n\t\t\t\t<div class=\"elementor-widget-container\">\n\t\t\t\t\t\t\t\t\t<p>Le Cube, unsere nach au\u00dfen hin offene Design-Unterkunft, liegt etwas weiter entfernt am Wasser, um die Ruhe des Ignon-Tals zu genie\u00dfen und komplizenhafte Momente zu zweit zu erleben. Sie bietet ein au\u00dfergew\u00f6hnliches Erlebnis, das Komfort, Design und Natur miteinander verbindet, dank ihrer luxuri\u00f6sen M\u00f6bel und gro\u00dfen Fensterfronten, die den Horizont mit einem atemberaubenden Blick auf die umliegende Vegetation und den friedlichen Fluss unterhalb der Terrasse \u00f6ffnen.<\/p><p><a href=\"https:\/\/pont-roche.com\/de\/der-wurfel\/\">Entdecken Sie unseren schicken Design-W\u00fcrfel<\/a><\/p>\t\t\t\t\t\t\t\t<\/div>\n\t\t\t\t<\/div>\n\t\t\t\t<\/div>\n\t\t<div class=\"elementor-element elementor-element-bbfa49a e-con-full e-flex e-con e-child\" data-id=\"bbfa49a\" data-element_type=\"container\" data-e-type=\"container\">\n\t\t\t\t<div class=\"elementor-element elementor-element-9b5dffd elementor-widget elementor-widget-image\" data-id=\"9b5dffd\" data-element_type=\"widget\" data-e-type=\"widget\" data-widget_type=\"image.default\">\n\t\t\t\t<div class=\"elementor-widget-container\">\n\t\t\t\t\t\t\t\t\t\t\t\t\t\t\t<img decoding=\"async\" width=\"1024\" height=\"768\" src=\"https:\/\/pont-roche.com\/wp-content\/uploads\/2024\/10\/cube-exterieur-pelouse-1024x768.jpeg\" class=\"attachment-large size-large wp-image-13611\" alt=\"\" srcset=\"https:\/\/pont-roche.com\/wp-content\/uploads\/2024\/10\/cube-exterieur-pelouse-1024x768.jpeg 1024w, https:\/\/pont-roche.com\/wp-content\/uploads\/2024\/10\/cube-exterieur-pelouse-300x225.jpeg 300w, https:\/\/pont-roche.com\/wp-content\/uploads\/2024\/10\/cube-exterieur-pelouse-768x576.jpeg 768w, https:\/\/pont-roche.com\/wp-content\/uploads\/2024\/10\/cube-exterieur-pelouse-1536x1152.jpeg 1536w, https:\/\/pont-roche.com\/wp-content\/uploads\/2024\/10\/cube-exterieur-pelouse-scaled.jpeg 1900w, https:\/\/pont-roche.com\/wp-content\/uploads\/2024\/10\/cube-exterieur-pelouse-16x12.jpeg 16w, https:\/\/pont-roche.com\/wp-content\/uploads\/2024\/10\/cube-exterieur-pelouse-600x450.jpeg 600w\" sizes=\"(max-width: 1024px) 100vw, 1024px\" \/>\t\t\t\t\t\t\t\t\t\t\t\t\t\t\t<\/div>\n\t\t\t\t<\/div>\n\t\t\t\t<\/div>\n\t\t\t\t<\/div>\n\t\t\t\t\t<\/div>\n\t\t\t\t<\/div>\n\t\t<div class=\"elementor-element elementor-element-ccfdf08 e-flex e-con-boxed e-con e-parent\" data-id=\"ccfdf08\" data-element_type=\"container\" data-e-type=\"container\">\n\t\t\t\t\t<div class=\"e-con-inner\">\n\t\t\t\t<div class=\"elementor-element elementor-element-07fc4df hotel-tmpl-titles elementor-widget elementor-widget-heading\" data-id=\"07fc4df\" data-element_type=\"widget\" data-e-type=\"widget\" data-widget_type=\"heading.default\">\n\t\t\t\t<div class=\"elementor-widget-container\">\n\t\t\t\t\t<h3 class=\"elementor-heading-title elementor-size-default\">Wellness-Blasen und Entspannung zu zweit<\/h3>\t\t\t\t<\/div>\n\t\t\t\t<\/div>\n\t\t\t\t<div class=\"elementor-element elementor-element-116615a elementor-widget elementor-widget-text-editor\" data-id=\"116615a\" data-element_type=\"widget\" data-e-type=\"widget\" data-widget_type=\"text-editor.default\">\n\t\t\t\t<div class=\"elementor-widget-container\">\n\t\t\t\t\t\t\t\t\t<p>Jede unserer beiden ungew\u00f6hnlichen und romantischen Unterk\u00fcnfte ist mit einem privaten nordischen Bad ausgestattet, das vollst\u00e4ndig gereinigt und speziell f\u00fcr Sie vorbereitet wird. Ihr Bad wird f\u00fcr Ihre Ankunft aufgeheizt, sodass Sie die beruhigende Wirkung auf K\u00f6rper und Geist gleich nach Ihrem Einzug genie\u00dfen k\u00f6nnen. Die W\u00e4rme des Wassers, das Rauschen des Flusses und die im Sommer gr\u00fcne oder im Winter verschneite Natur tragen dazu bei, einen zeitlosen Moment zu schaffen, in dem Sie sich wieder auf das Wesentliche besinnen k\u00f6nnen.<\/p><p>Und zur Vervollst\u00e4ndigung Ihres <strong>Aufenthalt f\u00fcr Paare in Burgund<\/strong>Lassen Sie sich von einem Besuch in unserer Panoramasauna (optional, bei der Buchung hinzuzuf\u00fcgen) mit Blick auf den Fluss verf\u00fchren, um die umliegende Natur zu beobachten und die Zeit in trauter Zweisamkeit vergehen zu lassen.<\/p>\t\t\t\t\t\t\t\t<\/div>\n\t\t\t\t<\/div>\n\t\t\t\t<div class=\"elementor-element elementor-element-4fc084b elementor-widget elementor-widget-image\" data-id=\"4fc084b\" data-element_type=\"widget\" data-e-type=\"widget\" data-widget_type=\"image.default\">\n\t\t\t\t<div class=\"elementor-widget-container\">\n\t\t\t\t\t\t\t\t\t\t\t\t\t\t\t<img decoding=\"async\" width=\"1024\" height=\"683\" src=\"https:\/\/pont-roche.com\/wp-content\/uploads\/2020\/01\/IMG_3753-1024x683.jpg\" class=\"attachment-large size-large wp-image-7353\" alt=\"\" srcset=\"https:\/\/pont-roche.com\/wp-content\/uploads\/2020\/01\/IMG_3753-1024x683.jpg 1024w, https:\/\/pont-roche.com\/wp-content\/uploads\/2020\/01\/IMG_3753-scaled-600x400.jpg 600w, https:\/\/pont-roche.com\/wp-content\/uploads\/2020\/01\/IMG_3753-300x200.jpg 300w, https:\/\/pont-roche.com\/wp-content\/uploads\/2020\/01\/IMG_3753-768x512.jpg 768w, https:\/\/pont-roche.com\/wp-content\/uploads\/2020\/01\/IMG_3753-1536x1024.jpg 1536w, https:\/\/pont-roche.com\/wp-content\/uploads\/2020\/01\/IMG_3753-2048x1365.jpg 2048w, https:\/\/pont-roche.com\/wp-content\/uploads\/2020\/01\/IMG_3753-640x427.jpg 640w, https:\/\/pont-roche.com\/wp-content\/uploads\/2020\/01\/IMG_3753-1280x853.jpg 1280w, https:\/\/pont-roche.com\/wp-content\/uploads\/2020\/01\/IMG_3753-scaled.jpg 1900w\" sizes=\"(max-width: 1024px) 100vw, 1024px\" \/>\t\t\t\t\t\t\t\t\t\t\t\t\t\t\t<\/div>\n\t\t\t\t<\/div>\n\t\t\t\t<div class=\"elementor-element elementor-element-71286e9 elementor-align-center elementor-mobile-align-center elementor-widget elementor-widget-button\" data-id=\"71286e9\" data-element_type=\"widget\" data-e-type=\"widget\" data-widget_type=\"button.default\">\n\t\t\t\t<div class=\"elementor-widget-container\">\n\t\t\t\t\t\t\t\t\t<div class=\"elementor-button-wrapper\">\n\t\t\t\t\t<a class=\"elementor-button elementor-button-link elementor-size-lg\" href=\"\/de\/service\/sauna-panoramique\/\">\n\t\t\t\t\t\t<span class=\"elementor-button-content-wrapper\">\n\t\t\t\t\t\t<span class=\"elementor-button-icon\">\n\t\t\t\t<svg aria-hidden=\"true\" class=\"e-font-icon-svg e-fas-arrow-right\" viewbox=\"0 0 448 512\" xmlns=\"http:\/\/www.w3.org\/2000\/svg\"><path d=\"M190.5 66.9l22.2-22.2c9.4-9.4 24.6-9.4 33.9 0L441 239c9.4 9.4 9.4 24.6 0 33.9L246.6 467.3c-9.4 9.4-24.6 9.4-33.9 0l-22.2-22.2c-9.5-9.5-9.3-25 .4-34.3L311.4 296H24c-13.3 0-24-10.7-24-24v-32c0-13.3 10.7-24 24-24h287.4L190.9 101.2c-9.8-9.3-10-24.8-.4-34.3z\"><\/path><\/svg>\t\t\t<\/span>\n\t\t\t\t\t\t\t\t\t<span class=\"elementor-button-text\">Entdecken Sie die Panoramasauna<\/span>\n\t\t\t\t\t<\/span>\n\t\t\t\t\t<\/a>\n\t\t\t\t<\/div>\n\t\t\t\t\t\t\t\t<\/div>\n\t\t\t\t<\/div>\n\t\t\t\t\t<\/div>\n\t\t\t\t<\/div>\n\t\t<div class=\"elementor-element elementor-element-5757c0a e-flex e-con-boxed e-con e-parent\" data-id=\"5757c0a\" data-element_type=\"container\" data-e-type=\"container\">\n\t\t\t\t\t<div class=\"e-con-inner\">\n\t\t\t\t<div class=\"elementor-element elementor-element-f12aacc elementor-invisible elementor-widget elementor-widget-heading\" data-id=\"f12aacc\" data-element_type=\"widget\" data-e-type=\"widget\" data-settings=\"{&quot;_animation&quot;:&quot;fadeIn&quot;}\" data-widget_type=\"heading.default\">\n\t\t\t\t<div class=\"elementor-widget-container\">\n\t\t\t\t\t<h2 class=\"elementor-heading-title elementor-size-default\">Eine nat\u00fcrliche Umgebung in unmittelbarer N\u00e4he von Dijon \n<\/h2>\t\t\t\t<\/div>\n\t\t\t\t<\/div>\n\t\t\t\t<div class=\"elementor-element elementor-element-66fb923 elementor-widget elementor-widget-text-editor\" data-id=\"66fb923\" data-element_type=\"widget\" data-e-type=\"widget\" data-widget_type=\"text-editor.default\">\n\t\t\t\t<div class=\"elementor-widget-container\">\n\t\t\t\t\t\t\t\t\t<p>Durch die Buchung eines <strong>romantischer Aufenthalt auf unserem Landgut<\/strong>Sie k\u00f6nnen Ihren Kokon w\u00e4hrend Ihres gesamten Aufenthalts genie\u00dfen, die burgundische Landschaft erkunden oder einen St\u00e4dtetrip nach Dijon oder in die umliegenden Kleinst\u00e4dte unternehmen.<\/p><p>In der N\u00e4he der Domaine Pont-Roche &amp; Spa befinden sich zahlreiche Sehensw\u00fcrdigkeiten. Ob Sie nun auf der Suche nach historischen Denkm\u00e4lern sind, die es zu besichtigen gilt, nach Wein- und kulinarischen Erlebnissen oder nach Wanderwegen, die es zu begehen gilt, Sie werden nur einen Steinwurf von Ihrer Unterkunft entfernt f\u00fcndig.<\/p><p>Durchsuchen Sie unsere Empfehlungen oder fragen Sie Ihren Gastgeber, Fr\u00e9d\u00e9ric Dansert, bei der Buchung nach weiteren Informationen. <a href=\"https:\/\/pont-roche.com\/de\/region-burgund\/\">sch\u00f6ne burgundische Adressen<\/a> und Ihren Aufenthalt in Natur, Chic und Wellness abrunden.<\/p>\t\t\t\t\t\t\t\t<\/div>\n\t\t\t\t<\/div>\n\t\t\t\t\t<\/div>\n\t\t\t\t<\/div>\n\t\t<div class=\"elementor-element elementor-element-8285d9d e-flex e-con-boxed e-con e-parent\" data-id=\"8285d9d\" data-element_type=\"container\" data-e-type=\"container\">\n\t\t\t\t\t<div class=\"e-con-inner\">\n\t\t\t\t<div class=\"elementor-element elementor-element-5553e19 elementor-invisible elementor-widget elementor-widget-heading\" data-id=\"5553e19\" data-element_type=\"widget\" data-e-type=\"widget\" data-settings=\"{&quot;_animation&quot;:&quot;fadeIn&quot;}\" data-widget_type=\"heading.default\">\n\t\t\t\t<div class=\"elementor-widget-container\">\n\t\t\t\t\t<h2 class=\"elementor-heading-title elementor-size-default\">Sich selbst oder anderen eine romantische \u00dcbernachtung g\u00f6nnen<\/h2>\t\t\t\t<\/div>\n\t\t\t\t<\/div>\n\t\t\t\t<div class=\"elementor-element elementor-element-a2b41ce elementor-widget elementor-widget-text-editor\" data-id=\"a2b41ce\" data-element_type=\"widget\" data-e-type=\"widget\" data-widget_type=\"text-editor.default\">\n\t\t\t\t<div class=\"elementor-widget-container\">\n\t\t\t\t\t\t\t\t\t<p>Um einen Hochzeitstag, den Valentinstag oder einfach eine \u00dcberraschung f\u00fcr Ihre bessere H\u00e4lfte zu feiern, bereiten wir Geschenkgutscheine vor, die ein Leben lang g\u00fcltig sind und einen romantischen Ausflug auf unser Landgut in Burgund erm\u00f6glichen.<\/p><p>Es ist Ihnen \u00fcberlassen, wie lange Sie Ihren <strong>Liebesurlaub in Burgund<\/strong>Sie k\u00f6nnen Ihre Buchung mit einem Fr\u00fchst\u00fcck oder einem Besuch in der Panoramasauna erg\u00e4nzen.<\/p>\t\t\t\t\t\t\t\t<\/div>\n\t\t\t\t<\/div>\n\t\t<div class=\"elementor-element elementor-element-a8d9ed4 e-con-full e-flex e-con e-child\" data-id=\"a8d9ed4\" data-element_type=\"container\" data-e-type=\"container\">\n\t\t<div class=\"elementor-element elementor-element-834c701 e-flex e-con-boxed e-con e-child\" data-id=\"834c701\" data-element_type=\"container\" data-e-type=\"container\">\n\t\t\t\t\t<div class=\"e-con-inner\">\n\t\t<div class=\"elementor-element elementor-element-73f084b e-con-full e-flex e-con e-child\" data-id=\"73f084b\" data-element_type=\"container\" data-e-type=\"container\" data-settings=\"{&quot;background_background&quot;:&quot;classic&quot;}\">\n\t\t\t\t<\/div>\n\t\t\t\t<div class=\"elementor-element elementor-element-e596d02 elementor-align-center elementor-mobile-align-center elementor-widget elementor-widget-button\" data-id=\"e596d02\" data-element_type=\"widget\" data-e-type=\"widget\" data-widget_type=\"button.default\">\n\t\t\t\t<div class=\"elementor-widget-container\">\n\t\t\t\t\t\t\t\t\t<div class=\"elementor-button-wrapper\">\n\t\t\t\t\t<a class=\"elementor-button elementor-button-link elementor-size-lg\" href=\"\/de\/le-cube-offrir-2\/\">\n\t\t\t\t\t\t<span class=\"elementor-button-content-wrapper\">\n\t\t\t\t\t\t<span class=\"elementor-button-icon\">\n\t\t\t\t<svg aria-hidden=\"true\" class=\"e-font-icon-svg e-fas-arrow-right\" viewbox=\"0 0 448 512\" xmlns=\"http:\/\/www.w3.org\/2000\/svg\"><path d=\"M190.5 66.9l22.2-22.2c9.4-9.4 24.6-9.4 33.9 0L441 239c9.4 9.4 9.4 24.6 0 33.9L246.6 467.3c-9.4 9.4-24.6 9.4-33.9 0l-22.2-22.2c-9.5-9.5-9.3-25 .4-34.3L311.4 296H24c-13.3 0-24-10.7-24-24v-32c0-13.3 10.7-24 24-24h287.4L190.9 101.2c-9.8-9.3-10-24.8-.4-34.3z\"><\/path><\/svg>\t\t\t<\/span>\n\t\t\t\t\t\t\t\t\t<span class=\"elementor-button-text\">EINEN AUFENTHALT IM KUBUS VERSCHENKEN<\/span>\n\t\t\t\t\t<\/span>\n\t\t\t\t\t<\/a>\n\t\t\t\t<\/div>\n\t\t\t\t\t\t\t\t<\/div>\n\t\t\t\t<\/div>\n\t\t\t\t\t<\/div>\n\t\t\t\t<\/div>\n\t\t<div class=\"elementor-element elementor-element-00ad018 e-flex e-con-boxed e-con e-child\" data-id=\"00ad018\" data-element_type=\"container\" data-e-type=\"container\">\n\t\t\t\t\t<div class=\"e-con-inner\">\n\t\t<div class=\"elementor-element elementor-element-68438f1 e-flex e-con-boxed e-con e-child\" data-id=\"68438f1\" data-element_type=\"container\" data-e-type=\"container\" data-settings=\"{&quot;background_background&quot;:&quot;classic&quot;}\">\n\t\t\t\t\t<div class=\"e-con-inner\">\n\t\t\t\t\t<\/div>\n\t\t\t\t<\/div>\n\t\t\t\t<div class=\"elementor-element elementor-element-e82df4e elementor-align-center elementor-mobile-align-center elementor-widget elementor-widget-button\" data-id=\"e82df4e\" data-element_type=\"widget\" data-e-type=\"widget\" data-widget_type=\"button.default\">\n\t\t\t\t<div class=\"elementor-widget-container\">\n\t\t\t\t\t\t\t\t\t<div class=\"elementor-button-wrapper\">\n\t\t\t\t\t<a class=\"elementor-button elementor-button-link elementor-size-lg\" href=\"\/de\/la-cabane-offrir-2\/\">\n\t\t\t\t\t\t<span class=\"elementor-button-content-wrapper\">\n\t\t\t\t\t\t<span class=\"elementor-button-icon\">\n\t\t\t\t<svg aria-hidden=\"true\" class=\"e-font-icon-svg e-fas-arrow-right\" viewbox=\"0 0 448 512\" xmlns=\"http:\/\/www.w3.org\/2000\/svg\"><path d=\"M190.5 66.9l22.2-22.2c9.4-9.4 24.6-9.4 33.9 0L441 239c9.4 9.4 9.4 24.6 0 33.9L246.6 467.3c-9.4 9.4-24.6 9.4-33.9 0l-22.2-22.2c-9.5-9.5-9.3-25 .4-34.3L311.4 296H24c-13.3 0-24-10.7-24-24v-32c0-13.3 10.7-24 24-24h287.4L190.9 101.2c-9.8-9.3-10-24.8-.4-34.3z\"><\/path><\/svg>\t\t\t<\/span>\n\t\t\t\t\t\t\t\t\t<span class=\"elementor-button-text\">EINEN AUFENTHALT IN DER H\u00dcTTE VERSCHENKEN<\/span>\n\t\t\t\t\t<\/span>\n\t\t\t\t\t<\/a>\n\t\t\t\t<\/div>\n\t\t\t\t\t\t\t\t<\/div>\n\t\t\t\t<\/div>\n\t\t\t\t\t<\/div>\n\t\t\t\t<\/div>\n\t\t\t\t<\/div>\n\t\t\t\t\t<\/div>\n\t\t\t\t<\/div>\n\t\t<div class=\"elementor-element elementor-element-31e0f5b e-flex e-con-boxed e-con e-parent\" data-id=\"31e0f5b\" data-element_type=\"container\" data-e-type=\"container\">\n\t\t\t\t\t<div class=\"e-con-inner\">\n\t\t\t\t<div class=\"elementor-element elementor-element-49822a2 elementor-invisible elementor-widget elementor-widget-heading\" data-id=\"49822a2\" data-element_type=\"widget\" data-e-type=\"widget\" data-settings=\"{&quot;_animation&quot;:&quot;fadeIn&quot;}\" data-widget_type=\"heading.default\">\n\t\t\t\t<div class=\"elementor-widget-container\">\n\t\t\t\t\t<h2 class=\"elementor-heading-title elementor-size-default\">Die Liebhaber der Domaine Pont-Roche &amp; Spa<\/h2>\t\t\t\t<\/div>\n\t\t\t\t<\/div>\n\t\t\t\t<div class=\"elementor-element elementor-element-d799235 elementor-widget elementor-widget-text-editor\" data-id=\"d799235\" data-element_type=\"widget\" data-e-type=\"widget\" data-widget_type=\"text-editor.default\">\n\t\t\t\t<div class=\"elementor-widget-container\">\n\t\t\t\t\t\t\t\t\t<p><span style=\"font-weight: 400;\">Ingrid - August 2024<\/span><\/p><p><i><span style=\"font-weight: 400;\">\"Wir haben ein wunderbares Wochenende in der H\u00fctte verbracht. Man l\u00e4sst sich vom Rauschen des Wassers wiegen, von den B\u00e4umen und dem Komfort der H\u00fctte verzaubern. Das nordische Bad in einer Sommernacht ist sehr angenehm. Den Tag mit dem von Frederic mitgebrachten Fr\u00fchst\u00fcck auf der Terrasse am Wasser zu beginnen, ist top, und die einst\u00fcndige Massage auf der Terrasse ist einfach g\u00f6ttlich! Sehr sch\u00f6nes Geschenk, das wir zu unserem 25. Hochzeitstag bekommen haben.\"<\/span><\/i><\/p><p><span style=\"font-weight: 400;\">J\u00e9r\u00f4me - Juli 2024<\/span><\/p><p><i><span style=\"font-weight: 400;\">\"Und in der Mitte flie\u00dft ein Fluss\" Die f\u00fcnf Sterne sind f\u00fcr diesen magischen Ort mehr als verdient. Ein Ort au\u00dferhalb der Zeit. Es gibt nichts zu bem\u00e4ngeln (Sauberkeit der R\u00e4umlichkeiten, kein Gegen\u00fcber, au\u00dfergew\u00f6hnliche Bettw\u00e4sche...). Fr\u00e9d\u00e9ric Dansert, der Besitzer des Ortes, ist ein Spiegelbild des Ortes. Ein Liebhaber seines Berufes, der alles f\u00fcr das Wohlbefinden seiner G\u00e4ste gibt, eine sehr sch\u00f6ne Begegnung. Mit geschlossenen Augen zu buchen\".\u00a0<\/span><\/i><\/p><p><span style=\"font-weight: 400;\">Laura - Mai 2024<\/span><\/p><p><i><span style=\"font-weight: 400;\">\" Vielen Dank f\u00fcr den herzlichen Empfang. Das nordische Bad war bei unserer Ankunft bereits fertig, der gro\u00dfe Luxus. Das beruhigende Rauschen des Wassers und die umliegende Natur machen diesen Ort zu einem kleinen Paradies. Die H\u00fctte ist sehr gepflegt und sehr sauber. Wir k\u00f6nnen sie f\u00fcr Naturliebhaber w\u00e4rmstens empfehlen\".<\/span><\/i><\/p>\t\t\t\t\t\t\t\t<\/div>\n\t\t\t\t<\/div>\n\t\t\t\t\t<\/div>\n\t\t\t\t<\/div>\n\t\t\t\t<\/div>","protected":false},"excerpt":{"rendered":"<p>Ein Wochenende f\u00fcr Verliebte in Burgund mit privatem Spa Entfliehen Sie in einen sanften Kokon inmitten der Natur Burgunds und schaffen Sie sich neue Erinnerungen f\u00fcr Verliebte. Ihr n\u00e4chster romantischer Urlaub findet im Burgund statt Die Domaine Pont-Roche &amp; Spa ist der perfekte Ort f\u00fcr Verliebte, die eine entspannende Auszeit genie\u00dfen m\u00f6chten...<\/p>","protected":false},"author":1,"featured_media":0,"parent":0,"menu_order":0,"comment_status":"closed","ping_status":"closed","template":"","meta":{"_kad_post_transparent":"","_kad_post_title":"hide","_kad_post_layout":"fullwidth","_kad_post_sidebar_id":"","_kad_post_content_style":"unboxed","_kad_post_vertical_padding":"hide","_kad_post_feature":"hide","_kad_post_feature_position":"","_kad_post_header":false,"_kad_post_footer":false,"_kad_post_classname":"","footnotes":""},"class_list":["post-13633","page","type-page","status-publish","hentry"],"_links":{"self":[{"href":"https:\/\/pont-roche.com\/de\/wp-json\/wp\/v2\/pages\/13633","targetHints":{"allow":["GET"]}}],"collection":[{"href":"https:\/\/pont-roche.com\/de\/wp-json\/wp\/v2\/pages"}],"about":[{"href":"https:\/\/pont-roche.com\/de\/wp-json\/wp\/v2\/types\/page"}],"author":[{"embeddable":true,"href":"https:\/\/pont-roche.com\/de\/wp-json\/wp\/v2\/users\/1"}],"replies":[{"embeddable":true,"href":"https:\/\/pont-roche.com\/de\/wp-json\/wp\/v2\/comments?post=13633"}],"version-history":[{"count":0,"href":"https:\/\/pont-roche.com\/de\/wp-json\/wp\/v2\/pages\/13633\/revisions"}],"wp:attachment":[{"href":"https:\/\/pont-roche.com\/de\/wp-json\/wp\/v2\/media?parent=13633"}],"curies":[{"name":"wp","href":"https:\/\/api.w.org\/{rel}","templated":true}]}}