{"id":15384,"date":"2025-04-02T12:26:49","date_gmt":"2025-04-02T10:26:49","guid":{"rendered":"https:\/\/pont-roche.com\/?page_id=15384"},"modified":"2025-09-24T17:38:22","modified_gmt":"2025-09-24T15:38:22","slug":"week-end-detente-filles","status":"publish","type":"page","link":"https:\/\/pont-roche.com\/de\/week-end-detente-filles\/","title":{"rendered":"Entspannungswochenende unter M\u00e4dchen in Burgund"},"content":{"rendered":"<div data-elementor-type=\"wp-page\" data-elementor-id=\"15384\" class=\"elementor elementor-15384\" data-elementor-post-type=\"page\">\n\t\t\t\t<div class=\"elementor-element elementor-element-3b2a1a3 e-flex e-con-boxed e-con e-parent\" data-id=\"3b2a1a3\" data-element_type=\"container\" data-e-type=\"container\">\n\t\t\t\t\t<div class=\"e-con-inner\">\n\t\t\t\t<div class=\"elementor-element elementor-element-4f645e1 elementor-invisible elementor-widget elementor-widget-heading\" data-id=\"4f645e1\" data-element_type=\"widget\" data-e-type=\"widget\" data-settings=\"{&quot;_animation&quot;:&quot;fadeInUp&quot;}\" data-widget_type=\"heading.default\">\n\t\t\t\t<div class=\"elementor-widget-container\">\n\t\t\t\t\t<h1 class=\"elementor-heading-title elementor-size-default\">Genie\u00dfen Sie ein entspanntes Wochenende unter M\u00e4dchen im Herzen von Burgund<\/h1>\t\t\t\t<\/div>\n\t\t\t\t<\/div>\n\t\t\t\t<div class=\"elementor-element elementor-element-efe1b93 elementor-widget-divider--view-line elementor-invisible elementor-widget elementor-widget-divider\" data-id=\"efe1b93\" data-element_type=\"widget\" data-e-type=\"widget\" data-settings=\"{&quot;_animation&quot;:&quot;zoomIn&quot;,&quot;_animation_delay&quot;:&quot;400&quot;}\" data-widget_type=\"divider.default\">\n\t\t\t\t<div class=\"elementor-widget-container\">\n\t\t\t\t\t\t\t<div class=\"elementor-divider\">\n\t\t\t<span class=\"elementor-divider-separator\">\n\t\t\t\t\t\t<\/span>\n\t\t<\/div>\n\t\t\t\t\t\t<\/div>\n\t\t\t\t<\/div>\n\t\t\t\t\t<\/div>\n\t\t\t\t<\/div>\n\t\t<div class=\"elementor-element elementor-element-cedf473 e-flex e-con-boxed e-con e-parent\" data-id=\"cedf473\" data-element_type=\"container\" data-e-type=\"container\" data-settings=\"{&quot;background_background&quot;:&quot;classic&quot;}\">\n\t\t\t\t\t<div class=\"e-con-inner\">\n\t\t<div class=\"elementor-element elementor-element-84f1660 e-flex e-con-boxed e-con e-child\" data-id=\"84f1660\" data-element_type=\"container\" data-e-type=\"container\" data-settings=\"{&quot;background_background&quot;:&quot;classic&quot;}\">\n\t\t\t\t\t<div class=\"e-con-inner\">\n\t\t\t\t<div class=\"elementor-element elementor-element-2cd220c elementor-widget elementor-widget-text-editor\" data-id=\"2cd220c\" data-element_type=\"widget\" data-e-type=\"widget\" data-widget_type=\"text-editor.default\">\n\t\t\t\t<div class=\"elementor-widget-container\">\n\t\t\t\t\t\t\t\t\t<p>Willkommen im Domaine Pont-Roche &amp; Spa, Ihrer Blase der Gelassenheit, die sich mitten in die Natur schmiegt. Der ideale Ort, um sich die Zeit zu nehmen, sich zu entschleunigen und sich wieder auf das Wesentliche zu konzentrieren: Ihre Freundschaft und Ihr Wohlbefinden.<\/p>\t\t\t\t\t\t\t\t<\/div>\n\t\t\t\t<\/div>\n\t\t\t\t\t<\/div>\n\t\t\t\t<\/div>\n\t\t\t\t\t<\/div>\n\t\t\t\t<\/div>\n\t\t<div class=\"elementor-element elementor-element-b53ab1e e-flex e-con-boxed e-con e-parent\" data-id=\"b53ab1e\" data-element_type=\"container\" data-e-type=\"container\">\n\t\t\t\t\t<div class=\"e-con-inner\">\n\t\t\t\t<div class=\"elementor-element elementor-element-4e06162 elementor-invisible elementor-widget elementor-widget-heading\" data-id=\"4e06162\" data-element_type=\"widget\" data-e-type=\"widget\" data-settings=\"{&quot;_animation&quot;:&quot;fadeIn&quot;}\" data-widget_type=\"heading.default\">\n\t\t\t\t<div class=\"elementor-widget-container\">\n\t\t\t\t\t<h2 class=\"elementor-heading-title elementor-size-default\">Auf dem Programm: Entspannung, Vertrauen und Trost<\/h2>\t\t\t\t<\/div>\n\t\t\t\t<\/div>\n\t\t\t\t<div class=\"elementor-element elementor-element-966fdcd elementor-widget elementor-widget-text-editor\" data-id=\"966fdcd\" data-element_type=\"widget\" data-e-type=\"widget\" data-widget_type=\"text-editor.default\">\n\t\t\t\t<div class=\"elementor-widget-container\">\n\t\t\t\t\t\t\t\t\t<p>Das Anwesen befindet sich im Herzen der burgundischen Natur, in einer zauberhaften Umgebung, die zum Loslassen und zur Zweisamkeit einl\u00e4dt. Stellen Sie sich einen Abend mit Freundinnen vor, an dem Sie in einem warmen Bad im Freien die Welt neu erkunden, w\u00e4hrend im Hintergrund das Rauschen des Flusses zu h\u00f6ren ist. So k\u00f6nnte Ihre <strong>entspanntes Wochenende unter M\u00e4dchen<\/strong> in der Domaine Pont-Roche &amp; Spa.<\/p><p>Wir setzen alles daran, dass Sie w\u00e4hrend Ihres Aufenthalts in unseren beiden ungew\u00f6hnlichen Unterk\u00fcnften, dem Cube und der Cabane, neue Erinnerungen schaffen k\u00f6nnen. Jede verf\u00fcgt \u00fcber ein eigenes nordisches Bad f\u00fcr zwei Personen, das vollst\u00e4ndig entleert, gereinigt und vorbereitet wird, damit Sie es gleich bei Ihrer Ankunft genie\u00dfen k\u00f6nnen. Sie m\u00fcssen nur Ihren Badeanzug anziehen, in Ihr mit Holzfeuer geheiztes Bad eintauchen und das Pl\u00e4tschern des Wassers Ihre vertraulichen Gespr\u00e4che und Ihr Lachen untermalen lassen.<\/p><p>Unsere beiden hochwertigen Unterk\u00fcnfte sind liebevoll eingerichtet und verf\u00fcgen jeweils \u00fcber eine eigene Atmosph\u00e4re. Der Cube, der bis zu vier Personen beherbergen kann, ist eine ger\u00e4umige und helle Designunterkunft, die direkt am Wasser liegt und einen freien Blick auf den Horizont bietet. La Cabane, eine intimere und kokonartige Unterkunft f\u00fcr zwei Personen, befindet sich inmitten von B\u00e4umen und \u00fcberragt den Fluss Ignon, um eine einzigartige bukolische Landschaft zu bieten, als ob die Natur an der Feier teilnimmt.<\/p><p>Stellen Sie sich vor, Sie entspannen gemeinsam in entspannendem warmem Wasser, Ihrem Wasser, gewiegt vom sanften Rauschen des Flusses, unter einem Sternenhimmel im Sommer oder umgeben von der schneebedeckten Natur im Winter.<\/p>\t\t\t\t\t\t\t\t<\/div>\n\t\t\t\t<\/div>\n\t\t<div class=\"elementor-element elementor-element-ac7ef8e e-con-full e-flex e-con e-child\" data-id=\"ac7ef8e\" data-element_type=\"container\" data-e-type=\"container\">\n\t\t<div class=\"elementor-element elementor-element-51257ad e-flex e-con-boxed e-con e-child\" data-id=\"51257ad\" data-element_type=\"container\" data-e-type=\"container\">\n\t\t\t\t\t<div class=\"e-con-inner\">\n\t\t<div class=\"elementor-element elementor-element-0a902fe e-con-full e-flex e-con e-child\" data-id=\"0a902fe\" data-element_type=\"container\" data-e-type=\"container\" data-settings=\"{&quot;background_background&quot;:&quot;classic&quot;}\">\n\t\t\t\t<\/div>\n\t\t\t\t<div class=\"elementor-element elementor-element-bed615c elementor-align-center elementor-mobile-align-center elementor-widget elementor-widget-button\" data-id=\"bed615c\" data-element_type=\"widget\" data-e-type=\"widget\" data-widget_type=\"button.default\">\n\t\t\t\t<div class=\"elementor-widget-container\">\n\t\t\t\t\t\t\t\t\t<div class=\"elementor-button-wrapper\">\n\t\t\t\t\t<a class=\"elementor-button elementor-button-link elementor-size-lg\" href=\"\/de\/der-wurfel\/\">\n\t\t\t\t\t\t<span class=\"elementor-button-content-wrapper\">\n\t\t\t\t\t\t<span class=\"elementor-button-icon\">\n\t\t\t\t<svg aria-hidden=\"true\" class=\"e-font-icon-svg e-fas-arrow-right\" viewbox=\"0 0 448 512\" xmlns=\"http:\/\/www.w3.org\/2000\/svg\"><path d=\"M190.5 66.9l22.2-22.2c9.4-9.4 24.6-9.4 33.9 0L441 239c9.4 9.4 9.4 24.6 0 33.9L246.6 467.3c-9.4 9.4-24.6 9.4-33.9 0l-22.2-22.2c-9.5-9.5-9.3-25 .4-34.3L311.4 296H24c-13.3 0-24-10.7-24-24v-32c0-13.3 10.7-24 24-24h287.4L190.9 101.2c-9.8-9.3-10-24.8-.4-34.3z\"><\/path><\/svg>\t\t\t<\/span>\n\t\t\t\t\t\t\t\t\t<span class=\"elementor-button-text\">Entdecke den Cube<\/span>\n\t\t\t\t\t<\/span>\n\t\t\t\t\t<\/a>\n\t\t\t\t<\/div>\n\t\t\t\t\t\t\t\t<\/div>\n\t\t\t\t<\/div>\n\t\t\t\t\t<\/div>\n\t\t\t\t<\/div>\n\t\t<div class=\"elementor-element elementor-element-e73e56a e-flex e-con-boxed e-con e-child\" data-id=\"e73e56a\" data-element_type=\"container\" data-e-type=\"container\">\n\t\t\t\t\t<div class=\"e-con-inner\">\n\t\t<div class=\"elementor-element elementor-element-08bcd6a e-flex e-con-boxed e-con e-child\" data-id=\"08bcd6a\" data-element_type=\"container\" data-e-type=\"container\" data-settings=\"{&quot;background_background&quot;:&quot;classic&quot;}\">\n\t\t\t\t\t<div class=\"e-con-inner\">\n\t\t\t\t\t<\/div>\n\t\t\t\t<\/div>\n\t\t\t\t<div class=\"elementor-element elementor-element-41b6135 elementor-align-center elementor-mobile-align-center elementor-widget elementor-widget-button\" data-id=\"41b6135\" data-element_type=\"widget\" data-e-type=\"widget\" data-widget_type=\"button.default\">\n\t\t\t\t<div class=\"elementor-widget-container\">\n\t\t\t\t\t\t\t\t\t<div class=\"elementor-button-wrapper\">\n\t\t\t\t\t<a class=\"elementor-button elementor-button-link elementor-size-lg\" href=\"\/de\/die-kabine\/\">\n\t\t\t\t\t\t<span class=\"elementor-button-content-wrapper\">\n\t\t\t\t\t\t<span class=\"elementor-button-icon\">\n\t\t\t\t<svg aria-hidden=\"true\" class=\"e-font-icon-svg e-fas-arrow-right\" viewbox=\"0 0 448 512\" xmlns=\"http:\/\/www.w3.org\/2000\/svg\"><path d=\"M190.5 66.9l22.2-22.2c9.4-9.4 24.6-9.4 33.9 0L441 239c9.4 9.4 9.4 24.6 0 33.9L246.6 467.3c-9.4 9.4-24.6 9.4-33.9 0l-22.2-22.2c-9.5-9.5-9.3-25 .4-34.3L311.4 296H24c-13.3 0-24-10.7-24-24v-32c0-13.3 10.7-24 24-24h287.4L190.9 101.2c-9.8-9.3-10-24.8-.4-34.3z\"><\/path><\/svg>\t\t\t<\/span>\n\t\t\t\t\t\t\t\t\t<span class=\"elementor-button-text\">Entdecke die H\u00fctte<\/span>\n\t\t\t\t\t<\/span>\n\t\t\t\t\t<\/a>\n\t\t\t\t<\/div>\n\t\t\t\t\t\t\t\t<\/div>\n\t\t\t\t<\/div>\n\t\t\t\t\t<\/div>\n\t\t\t\t<\/div>\n\t\t\t\t<\/div>\n\t\t\t\t<div class=\"elementor-element elementor-element-7e92246 elementor-widget elementor-widget-text-editor\" data-id=\"7e92246\" data-element_type=\"widget\" data-e-type=\"widget\" data-widget_type=\"text-editor.default\">\n\t\t\t\t<div class=\"elementor-widget-container\">\n\t\t\t\t\t\t\t\t\t<p>F\u00fcr eine <strong>absolute Entspannung w\u00e4hrend Ihres Aufenthaltes unter M\u00e4dchen<\/strong>Testen Sie die Panoramasauna (optional): eine Blase des Wohlbefindens mit einem atemberaubenden Blick auf den Fluss Ignon, in der die Zeit still zu stehen scheint, um der Zweisamkeit Platz zu machen.<\/p><p>Kontaktieren Sie Fr\u00e9d\u00e9ric Dansert, Ihren Gastgeber in der Domaine Pont-Roche &amp; Spa, um Ihre Buchung zu verfeinern und den Wellnessaufenthalt zusammenzustellen, der zu Ihnen passt.<\/p>\t\t\t\t\t\t\t\t<\/div>\n\t\t\t\t<\/div>\n\t\t\t\t\t<\/div>\n\t\t\t\t<\/div>\n\t\t<div class=\"elementor-element elementor-element-15bc3f0 e-flex e-con-boxed e-con e-parent\" data-id=\"15bc3f0\" data-element_type=\"container\" data-e-type=\"container\">\n\t\t\t\t\t<div class=\"e-con-inner\">\n\t\t\t\t<div class=\"elementor-element elementor-element-157752a elementor-invisible elementor-widget elementor-widget-heading\" data-id=\"157752a\" data-element_type=\"widget\" data-e-type=\"widget\" data-settings=\"{&quot;_animation&quot;:&quot;fadeIn&quot;}\" data-widget_type=\"heading.default\">\n\t\t\t\t<div class=\"elementor-widget-container\">\n\t\t\t\t\t<h2 class=\"elementor-heading-title elementor-size-default\">Ein wertvolles Geschenk f\u00fcr eine einzigartige Freundschaft<\/h2>\t\t\t\t<\/div>\n\t\t\t\t<\/div>\n\t\t\t\t<div class=\"elementor-element elementor-element-e294a5c elementor-widget elementor-widget-text-editor\" data-id=\"e294a5c\" data-element_type=\"widget\" data-e-type=\"widget\" data-widget_type=\"text-editor.default\">\n\t\t\t\t<div class=\"elementor-widget-container\">\n\t\t\t\t\t\t\t\t\t<p>Die langlebigsten Geschenke sind sicherlich Erinnerungen. Schaffen Sie neue mit unseren Geschenkgutscheinen f\u00fcr eine \u00dcbernachtung, ein Wochenende oder einen mehrt\u00e4gigen Aufenthalt in einer unserer beiden ungew\u00f6hnlichen Unterk\u00fcnfte in Burgund.<\/p><p>Unsere Geschenkgutscheine sind zwei Jahre lang g\u00fcltig und bieten die M\u00f6glichkeit, zeitlose Momente nur untereinander zu teilen, um sich wieder zu verbinden und eure Freundschaft noch weiter zu st\u00e4rken.<\/p>\t\t\t\t\t\t\t\t<\/div>\n\t\t\t\t<\/div>\n\t\t\t\t<div class=\"elementor-element elementor-element-12a4afc elementor-align-center elementor-mobile-align-center elementor-widget elementor-widget-button\" data-id=\"12a4afc\" data-element_type=\"widget\" data-e-type=\"widget\" data-widget_type=\"button.default\">\n\t\t\t\t<div class=\"elementor-widget-container\">\n\t\t\t\t\t\t\t\t\t<div class=\"elementor-button-wrapper\">\n\t\t\t\t\t<a class=\"elementor-button elementor-button-link elementor-size-lg\" href=\"\/de\/cadeau-nuit-insolite\/\">\n\t\t\t\t\t\t<span class=\"elementor-button-content-wrapper\">\n\t\t\t\t\t\t<span class=\"elementor-button-icon\">\n\t\t\t\t<svg aria-hidden=\"true\" class=\"e-font-icon-svg e-fas-arrow-right\" viewbox=\"0 0 448 512\" xmlns=\"http:\/\/www.w3.org\/2000\/svg\"><path d=\"M190.5 66.9l22.2-22.2c9.4-9.4 24.6-9.4 33.9 0L441 239c9.4 9.4 9.4 24.6 0 33.9L246.6 467.3c-9.4 9.4-24.6 9.4-33.9 0l-22.2-22.2c-9.5-9.5-9.3-25 .4-34.3L311.4 296H24c-13.3 0-24-10.7-24-24v-32c0-13.3 10.7-24 24-24h287.4L190.9 101.2c-9.8-9.3-10-24.8-.4-34.3z\"><\/path><\/svg>\t\t\t<\/span>\n\t\t\t\t\t\t\t\t\t<span class=\"elementor-button-text\">EINEN GESCHENKGUTSCHEIN F\u00dcR EINE UNGEW\u00d6HNLICHE NACHT VERSCHENKEN<\/span>\n\t\t\t\t\t<\/span>\n\t\t\t\t\t<\/a>\n\t\t\t\t<\/div>\n\t\t\t\t\t\t\t\t<\/div>\n\t\t\t\t<\/div>\n\t\t\t\t<div class=\"elementor-element elementor-element-7bf4971 elementor-invisible elementor-widget elementor-widget-heading\" data-id=\"7bf4971\" data-element_type=\"widget\" data-e-type=\"widget\" data-settings=\"{&quot;_animation&quot;:&quot;fadeIn&quot;}\" data-widget_type=\"heading.default\">\n\t\t\t\t<div class=\"elementor-widget-container\">\n\t\t\t\t\t<h2 class=\"elementor-heading-title elementor-size-default\">Eine traumhafte Gelegenheit, das Burgund unter M\u00e4dchen zu entdecken<\/h2>\t\t\t\t<\/div>\n\t\t\t\t<\/div>\n\t\t\t\t<div class=\"elementor-element elementor-element-5339679 elementor-widget elementor-widget-text-editor\" data-id=\"5339679\" data-element_type=\"widget\" data-e-type=\"widget\" data-widget_type=\"text-editor.default\">\n\t\t\t\t<div class=\"elementor-widget-container\">\n\t\t\t\t\t\t\t\t\t<p>Zur Vervollst\u00e4ndigung Ihres <strong>Wellnessurlaub im Burgund unter Frauen<\/strong>Wenn Sie sich in der Region aufhalten, z\u00f6gern Sie nicht, die Region zu erkunden und ihre Sch\u00e4tze zu entdecken.<\/p><p>Sind Sie ein Genie\u00dfer? Lassen Sie sich zu einer Kellerbesichtigung in einem der D\u00f6rfer entlang der Route des Grands Crus verf\u00fchren, reservieren Sie einen guten Tisch in Dijon, z. B. bei Le 314, oder genie\u00dfen Sie einen guten Jahrgang in der Weinbar Sur la Seine du Vin in Saint-Seine l'Abbaye.<\/p><p>Sind Sie kunst- und geschichtsinteressiert? Besuchen Sie die Abtei von Fontenay oder das Schloss von Bussy-Rabutin, das etwa 30 Minuten von Ihrer Unterkunft entfernt liegt, charmante Bauwerke, in denen jeder Stein ein St\u00fcck der Vergangenheit Burgunds erz\u00e4hlt.<\/p><p>Sind Sie Naturliebhaber und auf der Suche nach frischer Luft? Machen Sie von Ihrer ungew\u00f6hnlichen Unterkunft im Ignon-Tal aus eine Wanderung, besuchen Sie die H\u00f6hlen von B\u00e8ze oder entdecken Sie den Creux Bleu, der nur wenige Kilometer von Fr\u00e9nois entfernt liegt.<\/p>\t\t\t\t\t\t\t\t<\/div>\n\t\t\t\t<\/div>\n\t\t\t\t<div class=\"elementor-element elementor-element-6457089 elementor-align-center elementor-mobile-align-center elementor-widget elementor-widget-button\" data-id=\"6457089\" data-element_type=\"widget\" data-e-type=\"widget\" data-widget_type=\"button.default\">\n\t\t\t\t<div class=\"elementor-widget-container\">\n\t\t\t\t\t\t\t\t\t<div class=\"elementor-button-wrapper\">\n\t\t\t\t\t<a class=\"elementor-button elementor-button-link elementor-size-lg\" href=\"https:\/\/pont-roche.com\/de\/region-burgund\/\">\n\t\t\t\t\t\t<span class=\"elementor-button-content-wrapper\">\n\t\t\t\t\t\t<span class=\"elementor-button-icon\">\n\t\t\t\t<svg aria-hidden=\"true\" class=\"e-font-icon-svg e-fas-arrow-right\" viewbox=\"0 0 448 512\" xmlns=\"http:\/\/www.w3.org\/2000\/svg\"><path d=\"M190.5 66.9l22.2-22.2c9.4-9.4 24.6-9.4 33.9 0L441 239c9.4 9.4 9.4 24.6 0 33.9L246.6 467.3c-9.4 9.4-24.6 9.4-33.9 0l-22.2-22.2c-9.5-9.5-9.3-25 .4-34.3L311.4 296H24c-13.3 0-24-10.7-24-24v-32c0-13.3 10.7-24 24-24h287.4L190.9 101.2c-9.8-9.3-10-24.8-.4-34.3z\"><\/path><\/svg>\t\t\t<\/span>\n\t\t\t\t\t\t\t\t\t<span class=\"elementor-button-text\">Entdecken Sie unsere Empfehlungen f\u00fcr Aktivit\u00e4ten in Burgund<\/span>\n\t\t\t\t\t<\/span>\n\t\t\t\t\t<\/a>\n\t\t\t\t<\/div>\n\t\t\t\t\t\t\t\t<\/div>\n\t\t\t\t<\/div>\n\t\t\t\t<div class=\"elementor-element elementor-element-137b27b elementor-invisible elementor-widget elementor-widget-heading\" data-id=\"137b27b\" data-element_type=\"widget\" data-e-type=\"widget\" data-settings=\"{&quot;_animation&quot;:&quot;fadeIn&quot;}\" data-widget_type=\"heading.default\">\n\t\t\t\t<div class=\"elementor-widget-container\">\n\t\t\t\t\t<h2 class=\"elementor-heading-title elementor-size-default\">Sind Sie also bereit f\u00fcr einen magischen Ausflug unter M\u00e4dchen?<\/h2>\t\t\t\t<\/div>\n\t\t\t\t<\/div>\n\t\t\t\t<div class=\"elementor-element elementor-element-ddfa84c elementor-widget elementor-widget-text-editor\" data-id=\"ddfa84c\" data-element_type=\"widget\" data-e-type=\"widget\" data-widget_type=\"text-editor.default\">\n\t\t\t\t<div class=\"elementor-widget-container\">\n\t\t\t\t\t\t\t\t\t<p>Egal, ob Sie vom Alltag abschalten, Ihre Freundschaften festigen oder sich einfach einen Moment au\u00dferhalb der Zeit g\u00f6nnen m\u00f6chten, dieses Wochenende l\u00e4dt Sie ein, sich zu entspannen und gl\u00fccklich zu sein.<\/p><p>Kontaktieren Sie Ihren Gastgeber Fr\u00e9d\u00e9ric Dansert, wenn Sie Fragen haben oder Empfehlungen f\u00fcr <strong>Ihren Aufenthalt unter M\u00e4dchen in Burgund individuell gestalten<\/strong>.<\/p>\t\t\t\t\t\t\t\t<\/div>\n\t\t\t\t<\/div>\n\t\t\t\t<div class=\"elementor-element elementor-element-ecdd624 elementor-align-center elementor-mobile-align-center elementor-widget elementor-widget-button\" data-id=\"ecdd624\" data-element_type=\"widget\" data-e-type=\"widget\" data-widget_type=\"button.default\">\n\t\t\t\t<div class=\"elementor-widget-container\">\n\t\t\t\t\t\t\t\t\t<div class=\"elementor-button-wrapper\">\n\t\t\t\t\t<a class=\"elementor-button elementor-button-link elementor-size-lg\" href=\"\/de\/kontakt\/\">\n\t\t\t\t\t\t<span class=\"elementor-button-content-wrapper\">\n\t\t\t\t\t\t<span class=\"elementor-button-icon\">\n\t\t\t\t<svg aria-hidden=\"true\" class=\"e-font-icon-svg e-fas-arrow-right\" viewbox=\"0 0 448 512\" xmlns=\"http:\/\/www.w3.org\/2000\/svg\"><path d=\"M190.5 66.9l22.2-22.2c9.4-9.4 24.6-9.4 33.9 0L441 239c9.4 9.4 9.4 24.6 0 33.9L246.6 467.3c-9.4 9.4-24.6 9.4-33.9 0l-22.2-22.2c-9.5-9.5-9.3-25 .4-34.3L311.4 296H24c-13.3 0-24-10.7-24-24v-32c0-13.3 10.7-24 24-24h287.4L190.9 101.2c-9.8-9.3-10-24.8-.4-34.3z\"><\/path><\/svg>\t\t\t<\/span>\n\t\t\t\t\t\t\t\t\t<span class=\"elementor-button-text\">Kontakt<\/span>\n\t\t\t\t\t<\/span>\n\t\t\t\t\t<\/a>\n\t\t\t\t<\/div>\n\t\t\t\t\t\t\t\t<\/div>\n\t\t\t\t<\/div>\n\t\t\t\t\t<\/div>\n\t\t\t\t<\/div>\n\t\t\t\t<\/div>","protected":false},"excerpt":{"rendered":"<p>Genie\u00dfen Sie ein entspanntes Wochenende unter Freundinnen im Herzen Burgunds Willkommen auf der Domaine Pont-Roche &amp; Spa, Ihrer Blase der Gelassenheit, die mitten in der Natur liegt. Der ideale Ort, um sich die Zeit zu nehmen, sich zu entschleunigen und sich wieder auf das Wesentliche zu konzentrieren: Ihre Freundschaft und Ihr Wohlbefinden. Auf dem Programm: Entspannung, Vertrauen und Trost Die Domaine...<\/p>","protected":false},"author":1,"featured_media":0,"parent":0,"menu_order":0,"comment_status":"closed","ping_status":"closed","template":"","meta":{"_kad_post_transparent":"","_kad_post_title":"hide","_kad_post_layout":"fullwidth","_kad_post_sidebar_id":"","_kad_post_content_style":"unboxed","_kad_post_vertical_padding":"hide","_kad_post_feature":"hide","_kad_post_feature_position":"","_kad_post_header":false,"_kad_post_footer":false,"_kad_post_classname":"","footnotes":""},"class_list":["post-15384","page","type-page","status-publish","hentry"],"_links":{"self":[{"href":"https:\/\/pont-roche.com\/de\/wp-json\/wp\/v2\/pages\/15384","targetHints":{"allow":["GET"]}}],"collection":[{"href":"https:\/\/pont-roche.com\/de\/wp-json\/wp\/v2\/pages"}],"about":[{"href":"https:\/\/pont-roche.com\/de\/wp-json\/wp\/v2\/types\/page"}],"author":[{"embeddable":true,"href":"https:\/\/pont-roche.com\/de\/wp-json\/wp\/v2\/users\/1"}],"replies":[{"embeddable":true,"href":"https:\/\/pont-roche.com\/de\/wp-json\/wp\/v2\/comments?post=15384"}],"version-history":[{"count":0,"href":"https:\/\/pont-roche.com\/de\/wp-json\/wp\/v2\/pages\/15384\/revisions"}],"wp:attachment":[{"href":"https:\/\/pont-roche.com\/de\/wp-json\/wp\/v2\/media?parent=15384"}],"curies":[{"name":"wp","href":"https:\/\/api.w.org\/{rel}","templated":true}]}}