{"id":15589,"date":"2025-06-07T18:22:18","date_gmt":"2025-06-07T16:22:18","guid":{"rendered":"https:\/\/pont-roche.com\/?page_id=15589"},"modified":"2025-06-07T18:53:28","modified_gmt":"2025-06-07T16:53:28","slug":"sejour-solo","status":"publish","type":"page","link":"https:\/\/pont-roche.com\/de\/sejour-solo\/","title":{"rendered":"Solo-Aufenthalt"},"content":{"rendered":"<div data-elementor-type=\"wp-page\" data-elementor-id=\"15589\" class=\"elementor elementor-15589\" data-elementor-post-type=\"page\">\n\t\t\t\t<div class=\"elementor-element elementor-element-468c08a e-flex e-con-boxed e-con e-parent\" data-id=\"468c08a\" data-element_type=\"container\" data-e-type=\"container\">\n\t\t\t\t\t<div class=\"e-con-inner\">\n\t\t\t\t<div class=\"elementor-element elementor-element-450948b elementor-invisible elementor-widget elementor-widget-heading\" data-id=\"450948b\" data-element_type=\"widget\" data-e-type=\"widget\" data-settings=\"{&quot;_animation&quot;:&quot;fadeInUp&quot;}\" data-widget_type=\"heading.default\">\n\t\t\t\t<div class=\"elementor-widget-container\">\n\t\t\t\t\t<h1 class=\"elementor-heading-title elementor-size-default\">G\u00f6nnen Sie sich einen schicken Solo-Aufenthalt mit Wellness in\n\nBurgund<\/h1>\t\t\t\t<\/div>\n\t\t\t\t<\/div>\n\t\t\t\t<div class=\"elementor-element elementor-element-68c918d elementor-widget-divider--view-line elementor-invisible elementor-widget elementor-widget-divider\" data-id=\"68c918d\" data-element_type=\"widget\" data-e-type=\"widget\" data-settings=\"{&quot;_animation&quot;:&quot;zoomIn&quot;,&quot;_animation_delay&quot;:&quot;400&quot;}\" data-widget_type=\"divider.default\">\n\t\t\t\t<div class=\"elementor-widget-container\">\n\t\t\t\t\t\t\t<div class=\"elementor-divider\">\n\t\t\t<span class=\"elementor-divider-separator\">\n\t\t\t\t\t\t<\/span>\n\t\t<\/div>\n\t\t\t\t\t\t<\/div>\n\t\t\t\t<\/div>\n\t\t\t\t\t<\/div>\n\t\t\t\t<\/div>\n\t\t<div class=\"elementor-element elementor-element-bf3cf9a e-flex e-con-boxed e-con e-parent\" data-id=\"bf3cf9a\" data-element_type=\"container\" data-e-type=\"container\" data-settings=\"{&quot;background_background&quot;:&quot;classic&quot;}\">\n\t\t\t\t\t<div class=\"e-con-inner\">\n\t\t<div class=\"elementor-element elementor-element-f5c93ed e-flex e-con-boxed e-con e-child\" data-id=\"f5c93ed\" data-element_type=\"container\" data-e-type=\"container\" data-settings=\"{&quot;background_background&quot;:&quot;classic&quot;}\">\n\t\t\t\t\t<div class=\"e-con-inner\">\n\t\t\t\t<div class=\"elementor-element elementor-element-c95e8f0 elementor-widget elementor-widget-text-editor\" data-id=\"c95e8f0\" data-element_type=\"widget\" data-e-type=\"widget\" data-widget_type=\"text-editor.default\">\n\t\t\t\t<div class=\"elementor-widget-container\">\n\t\t\t\t\t\t\t\t\tHaben Sie Lust auf eine Verschnaufpause und m\u00f6chten sich an einem ruhigen und erholsamen Ort neu ausrichten? Die Domaine Pont-Roche &amp; Spa empf\u00e4ngt Sie in einer ihrer beiden hochwertigen, ungew\u00f6hnlichen Unterk\u00fcnfte 40 Minuten von Dijon entfernt.\t\t\t\t\t\t\t\t<\/div>\n\t\t\t\t<\/div>\n\t\t\t\t\t<\/div>\n\t\t\t\t<\/div>\n\t\t\t\t\t<\/div>\n\t\t\t\t<\/div>\n\t\t<div class=\"elementor-element elementor-element-1b58cb8 e-flex e-con-boxed e-con e-parent\" data-id=\"1b58cb8\" data-element_type=\"container\" data-e-type=\"container\">\n\t\t\t\t\t<div class=\"e-con-inner\">\n\t\t\t\t<div class=\"elementor-element elementor-element-7ac52d0 elementor-invisible elementor-widget elementor-widget-heading\" data-id=\"7ac52d0\" data-element_type=\"widget\" data-e-type=\"widget\" data-settings=\"{&quot;_animation&quot;:&quot;fadeIn&quot;}\" data-widget_type=\"heading.default\">\n\t\t\t\t<div class=\"elementor-widget-container\">\n\t\t\t\t\t<h2 class=\"elementor-heading-title elementor-size-default\">Ein Aufenthalt, um vom Alltag abzuschalten und sich wieder mit sich selbst zu verbinden<\/h2>\t\t\t\t<\/div>\n\t\t\t\t<\/div>\n\t\t\t\t<div class=\"elementor-element elementor-element-62f2c00 elementor-widget elementor-widget-text-editor\" data-id=\"62f2c00\" data-element_type=\"widget\" data-e-type=\"widget\" data-widget_type=\"text-editor.default\">\n\t\t\t\t<div class=\"elementor-widget-container\">\n\t\t\t\t\t\t\t\t\t<p>Entdecken Sie ein gr\u00fcnes Schmuckk\u00e4stchen, in dem jedes Detail durchdacht wurde, damit <strong>Ihr Soloaufenthalt ein seltener, kostbarer und zutiefst beruhigender Moment ist<\/strong>.<\/p><p>Ob Sie f\u00fcr eine Wellness-Pause kommen, um zu lesen, im Wald zu wandern, zu meditieren oder<br \/>einfach nichts tun, die Domaine Pont-Roche &amp; Spa bietet Ihnen die perfekte Balance zwischen wilder Natur und schickem Komfort. Tauchen Sie ein in diese sanfte Blase, in der die Zeit im Rhythmus des Wassers des Flusses Ignon vergeht.<\/p>\t\t\t\t\t\t\t\t<\/div>\n\t\t\t\t<\/div>\n\t\t\t\t<div class=\"elementor-element elementor-element-7f9bb68 elementor-invisible elementor-widget elementor-widget-heading\" data-id=\"7f9bb68\" data-element_type=\"widget\" data-e-type=\"widget\" data-settings=\"{&quot;_animation&quot;:&quot;fadeIn&quot;}\" data-widget_type=\"heading.default\">\n\t\t\t\t<div class=\"elementor-widget-container\">\n\t\t\t\t\t<h2 class=\"elementor-heading-title elementor-size-default\">Ein Aufenthalt, um vom Alltag abzuschalten und sich wieder mit sich selbst zu verbinden<\/h2>\t\t\t\t<\/div>\n\t\t\t\t<\/div>\n\t\t\t\t<div class=\"elementor-element elementor-element-8b50364 elementor-widget elementor-widget-text-editor\" data-id=\"8b50364\" data-element_type=\"widget\" data-e-type=\"widget\" data-widget_type=\"text-editor.default\">\n\t\t\t\t<div class=\"elementor-widget-container\">\n\t\t\t\t\t\t\t\t\t<p>In der Domaine Pont-Roche &amp; Spa k\u00f6nnen Sie w\u00e4hlen, ob Sie sich in <strong>zwei einzigartige, designorientierte und komfortable Unterk\u00fcnfte f\u00fcr Ihren Solo-Aufenthalt<\/strong>.<\/p><p>Le Cube, ein wahres Juwel der zeitgen\u00f6ssischen Architektur, besticht durch seine minimalistischen Linien, seine gro\u00dfen Glas\u00f6ffnungen mit Blick auf die Ebene und den Fluss und bietet einen<br \/>hell und Zen-m\u00e4\u00dfig. Ein idealer Raum, um sich zu zentrieren, zu schreiben, zu tr\u00e4umen oder sich einfach nur Zeit zu nehmen.<\/p><p>In den B\u00e4umen gelegen, bietet die ungew\u00f6hnliche und luxuri\u00f6se H\u00fctte eine umh\u00fcllende, warme und intime Atmosph\u00e4re. Ihre gem\u00fctliche und authentische Atmosph\u00e4re macht sie zum perfekten Zufluchtsort f\u00fcr eine Auszeit zum Wohlf\u00fchlen.<\/p>\t\t\t\t\t\t\t\t<\/div>\n\t\t\t\t<\/div>\n\t\t<div class=\"elementor-element elementor-element-3b65964 e-con-full e-flex e-con e-child\" data-id=\"3b65964\" data-element_type=\"container\" data-e-type=\"container\">\n\t\t<div class=\"elementor-element elementor-element-57c3c81 e-flex e-con-boxed e-con e-child\" data-id=\"57c3c81\" data-element_type=\"container\" data-e-type=\"container\">\n\t\t\t\t\t<div class=\"e-con-inner\">\n\t\t<div class=\"elementor-element elementor-element-951e53f e-con-full e-flex e-con e-child\" data-id=\"951e53f\" data-element_type=\"container\" data-e-type=\"container\" data-settings=\"{&quot;background_background&quot;:&quot;classic&quot;}\">\n\t\t\t\t<\/div>\n\t\t\t\t<div class=\"elementor-element elementor-element-98a6d0b elementor-align-center elementor-mobile-align-center elementor-widget elementor-widget-button\" data-id=\"98a6d0b\" data-element_type=\"widget\" data-e-type=\"widget\" data-widget_type=\"button.default\">\n\t\t\t\t<div class=\"elementor-widget-container\">\n\t\t\t\t\t\t\t\t\t<div class=\"elementor-button-wrapper\">\n\t\t\t\t\t<a class=\"elementor-button elementor-button-link elementor-size-lg\" href=\"\/de\/der-wurfel\/\">\n\t\t\t\t\t\t<span class=\"elementor-button-content-wrapper\">\n\t\t\t\t\t\t<span class=\"elementor-button-icon\">\n\t\t\t\t<svg aria-hidden=\"true\" class=\"e-font-icon-svg e-fas-arrow-right\" viewbox=\"0 0 448 512\" xmlns=\"http:\/\/www.w3.org\/2000\/svg\"><path d=\"M190.5 66.9l22.2-22.2c9.4-9.4 24.6-9.4 33.9 0L441 239c9.4 9.4 9.4 24.6 0 33.9L246.6 467.3c-9.4 9.4-24.6 9.4-33.9 0l-22.2-22.2c-9.5-9.5-9.3-25 .4-34.3L311.4 296H24c-13.3 0-24-10.7-24-24v-32c0-13.3 10.7-24 24-24h287.4L190.9 101.2c-9.8-9.3-10-24.8-.4-34.3z\"><\/path><\/svg>\t\t\t<\/span>\n\t\t\t\t\t\t\t\t\t<span class=\"elementor-button-text\">Entdecke den Cube<\/span>\n\t\t\t\t\t<\/span>\n\t\t\t\t\t<\/a>\n\t\t\t\t<\/div>\n\t\t\t\t\t\t\t\t<\/div>\n\t\t\t\t<\/div>\n\t\t\t\t\t<\/div>\n\t\t\t\t<\/div>\n\t\t<div class=\"elementor-element elementor-element-9a3e212 e-flex e-con-boxed e-con e-child\" data-id=\"9a3e212\" data-element_type=\"container\" data-e-type=\"container\">\n\t\t\t\t\t<div class=\"e-con-inner\">\n\t\t<div class=\"elementor-element elementor-element-0849061 e-flex e-con-boxed e-con e-child\" data-id=\"0849061\" data-element_type=\"container\" data-e-type=\"container\" data-settings=\"{&quot;background_background&quot;:&quot;classic&quot;}\">\n\t\t\t\t\t<div class=\"e-con-inner\">\n\t\t\t\t\t<\/div>\n\t\t\t\t<\/div>\n\t\t\t\t<div class=\"elementor-element elementor-element-a8f39c7 elementor-align-center elementor-mobile-align-center elementor-widget elementor-widget-button\" data-id=\"a8f39c7\" data-element_type=\"widget\" data-e-type=\"widget\" data-widget_type=\"button.default\">\n\t\t\t\t<div class=\"elementor-widget-container\">\n\t\t\t\t\t\t\t\t\t<div class=\"elementor-button-wrapper\">\n\t\t\t\t\t<a class=\"elementor-button elementor-button-link elementor-size-lg\" href=\"\/de\/die-kabine\/\">\n\t\t\t\t\t\t<span class=\"elementor-button-content-wrapper\">\n\t\t\t\t\t\t<span class=\"elementor-button-icon\">\n\t\t\t\t<svg aria-hidden=\"true\" class=\"e-font-icon-svg e-fas-arrow-right\" viewbox=\"0 0 448 512\" xmlns=\"http:\/\/www.w3.org\/2000\/svg\"><path d=\"M190.5 66.9l22.2-22.2c9.4-9.4 24.6-9.4 33.9 0L441 239c9.4 9.4 9.4 24.6 0 33.9L246.6 467.3c-9.4 9.4-24.6 9.4-33.9 0l-22.2-22.2c-9.5-9.5-9.3-25 .4-34.3L311.4 296H24c-13.3 0-24-10.7-24-24v-32c0-13.3 10.7-24 24-24h287.4L190.9 101.2c-9.8-9.3-10-24.8-.4-34.3z\"><\/path><\/svg>\t\t\t<\/span>\n\t\t\t\t\t\t\t\t\t<span class=\"elementor-button-text\">Entdecke die H\u00fctte<\/span>\n\t\t\t\t\t<\/span>\n\t\t\t\t\t<\/a>\n\t\t\t\t<\/div>\n\t\t\t\t\t\t\t\t<\/div>\n\t\t\t\t<\/div>\n\t\t\t\t\t<\/div>\n\t\t\t\t<\/div>\n\t\t\t\t<\/div>\n\t\t\t\t<div class=\"elementor-element elementor-element-db39b8f elementor-widget elementor-widget-text-editor\" data-id=\"db39b8f\" data-element_type=\"widget\" data-e-type=\"widget\" data-widget_type=\"text-editor.default\">\n\t\t\t\t<div class=\"elementor-widget-container\">\n\t\t\t\t\t\t\t\t\t<p>Jede Unterkunft ist mit einem <a href=\"https:\/\/pont-roche.com\/de\/service\/spa-privatif\/\">privates nordisches Bad<\/a>Die Wohnung wird geleert, gereinigt, mit neuem Wasser gef\u00fcllt und f\u00fcr Ihre Ankunft aufgeheizt (auf Anfrage). Alles ist darauf ausgerichtet, Ihnen eine totale Gelassenheit zu bieten, damit Ihr <strong>Alleinreisende in Burgund<\/strong> zu einer echten Erfahrung der Wiederverbindung mit sich selbst wird.<\/p><p>Weitere Wellness-Aktivit\u00e4ten k\u00f6nnen Ihren Aufenthalt abrunden, z. B. eine Sitzung in unserem Panorama-Spa mit Blick auf den Fluss oder eine Behandlung bei unseren professionellen Partner-Masseuren. Kontaktieren Sie uns, um zu personalisieren <strong>Ihre \u00dcbernachtung oder Ihre paar Tage in Fr\u00e9nois<\/strong>.<\/p>\t\t\t\t\t\t\t\t<\/div>\n\t\t\t\t<\/div>\n\t\t\t\t\t<\/div>\n\t\t\t\t<\/div>\n\t\t<div class=\"elementor-element elementor-element-eb1f302 e-flex e-con-boxed e-con e-parent\" data-id=\"eb1f302\" data-element_type=\"container\" data-e-type=\"container\">\n\t\t\t\t\t<div class=\"e-con-inner\">\n\t\t\t\t<div class=\"elementor-element elementor-element-0a29ec6 elementor-invisible elementor-widget elementor-widget-heading\" data-id=\"0a29ec6\" data-element_type=\"widget\" data-e-type=\"widget\" data-settings=\"{&quot;_animation&quot;:&quot;fadeIn&quot;}\" data-widget_type=\"heading.default\">\n\t\t\t\t<div class=\"elementor-widget-container\">\n\t\t\t\t\t<h2 class=\"elementor-heading-title elementor-size-default\">Burgund allein entdecken<\/h2>\t\t\t\t<\/div>\n\t\t\t\t<\/div>\n\t\t\t\t<div class=\"elementor-element elementor-element-d7d94c6 elementor-widget elementor-widget-text-editor\" data-id=\"d7d94c6\" data-element_type=\"widget\" data-e-type=\"widget\" data-widget_type=\"text-editor.default\">\n\t\t\t\t<div class=\"elementor-widget-container\">\n\t\t\t\t\t\t\t\t\t<p>Ihre <strong>Soloausflug in die Bourgogne<\/strong> ist auch eine Gelegenheit, eine reiche und inspirierende Gegend zu erkunden. Von der Domaine Pont-Roche aus f\u00fchren mehrere Wanderwege entlang des Flusses Ignon, der sich ideal f\u00fcr meditative Spazierg\u00e4nge oder sch\u00f6ne Fotoerkundungen eignet.<\/p><p>Lust auf Kultur oder Gastronomie? Dijon, die Hauptstadt der Herz\u00f6ge von Burgund, ist nur 40 Minuten entfernt: Museen, mittelalterliche Gassen, Feinschmeckerm\u00e4rkte und kleine lokale Adressen erwarten Sie.<\/p><p>Alleinreisende, die sich f\u00fcr das Kulturerbe interessieren, werden von den umliegenden D\u00f6rfern wie Moloy, Villecomte, Salives, Salmaise oder Flavigny-sur-Ozerain begeistert sein, von denen einige zu den sch\u00f6nsten D\u00f6rfern Frankreichs z\u00e4hlen. Und f\u00fcr diejenigen, die die Wellness-Auszeit in einen Genie\u00dfer- oder Kunsthandwerkerausflug verwandeln m\u00f6chten, bieten mehrere lokale Produzenten und Sch\u00f6pfer authentische Erlebnisse nur wenige Kilometer um das Anwesen herum an - perfekte Aktivit\u00e4ten, um Ihre Solo-Eskapade zu bereichern.<\/p>\t\t\t\t\t\t\t\t<\/div>\n\t\t\t\t<\/div>\n\t\t\t\t<div class=\"elementor-element elementor-element-b139eed elementor-align-center elementor-mobile-align-center elementor-widget elementor-widget-button\" data-id=\"b139eed\" data-element_type=\"widget\" data-e-type=\"widget\" data-widget_type=\"button.default\">\n\t\t\t\t<div class=\"elementor-widget-container\">\n\t\t\t\t\t\t\t\t\t<div class=\"elementor-button-wrapper\">\n\t\t\t\t\t<a class=\"elementor-button elementor-button-link elementor-size-lg\" href=\"\/de\/region-burgund\/\">\n\t\t\t\t\t\t<span class=\"elementor-button-content-wrapper\">\n\t\t\t\t\t\t<span class=\"elementor-button-icon\">\n\t\t\t\t<svg aria-hidden=\"true\" class=\"e-font-icon-svg e-fas-arrow-right\" viewbox=\"0 0 448 512\" xmlns=\"http:\/\/www.w3.org\/2000\/svg\"><path d=\"M190.5 66.9l22.2-22.2c9.4-9.4 24.6-9.4 33.9 0L441 239c9.4 9.4 9.4 24.6 0 33.9L246.6 467.3c-9.4 9.4-24.6 9.4-33.9 0l-22.2-22.2c-9.5-9.5-9.3-25 .4-34.3L311.4 296H24c-13.3 0-24-10.7-24-24v-32c0-13.3 10.7-24 24-24h287.4L190.9 101.2c-9.8-9.3-10-24.8-.4-34.3z\"><\/path><\/svg>\t\t\t<\/span>\n\t\t\t\t\t\t\t\t\t<span class=\"elementor-button-text\">Unsere Auswahl an unverzichtbaren Orten und Aktivit\u00e4ten in Burgund<\/span>\n\t\t\t\t\t<\/span>\n\t\t\t\t\t<\/a>\n\t\t\t\t<\/div>\n\t\t\t\t\t\t\t\t<\/div>\n\t\t\t\t<\/div>\n\t\t\t\t<div class=\"elementor-element elementor-element-2364568 elementor-invisible elementor-widget elementor-widget-heading\" data-id=\"2364568\" data-element_type=\"widget\" data-e-type=\"widget\" data-settings=\"{&quot;_animation&quot;:&quot;fadeIn&quot;}\" data-widget_type=\"heading.default\">\n\t\t\t\t<div class=\"elementor-widget-container\">\n\t\t\t\t\t<h2 class=\"elementor-heading-title elementor-size-default\">Sind Sie bereit, die Solo-Erfahrung in der Domaine Pont-Roche &amp; Spa zu machen?<\/h2>\t\t\t\t<\/div>\n\t\t\t\t<\/div>\n\t\t\t\t<div class=\"elementor-element elementor-element-694701f elementor-widget elementor-widget-text-editor\" data-id=\"694701f\" data-element_type=\"widget\" data-e-type=\"widget\" data-widget_type=\"text-editor.default\">\n\t\t\t\t<div class=\"elementor-widget-container\">\n\t\t\t\t\t\t\t\t\t<p>Seit \u00fcber 12 Jahren pflegt die Domaine Pont-Roche &amp; Spa die Kunst der Gastfreundschaft mit Leidenschaft und hohen Anspr\u00fcchen. Hinter jedem Detail verbirgt sich die wohlwollende Aufmerksamkeit des Gastgebers Fr\u00e9d\u00e9ric Dansert, der sich daf\u00fcr einsetzt, eine ma\u00dfgeschneiderte Erfahrung zu bieten, die zutiefst menschlich ist und den Rhythmus eines jeden respektiert. Was auch immer der Grund f\u00fcr Ihre Soloreise ist, Sie werden mit Diskretion, W\u00e4rme und Professionalit\u00e4t empfangen.<\/p>\t\t\t\t\t\t\t\t<\/div>\n\t\t\t\t<\/div>\n\t\t\t\t<div class=\"elementor-element elementor-element-a13b6a4 elementor-widget elementor-widget-image\" data-id=\"a13b6a4\" data-element_type=\"widget\" data-e-type=\"widget\" data-widget_type=\"image.default\">\n\t\t\t\t<div class=\"elementor-widget-container\">\n\t\t\t\t\t\t\t\t\t\t\t\t\t\t\t<img fetchpriority=\"high\" decoding=\"async\" width=\"1024\" height=\"768\" src=\"https:\/\/pont-roche.com\/wp-content\/uploads\/2024\/10\/cube-terasse-1024x768.jpeg\" class=\"attachment-large size-large wp-image-13610\" alt=\"\" srcset=\"https:\/\/pont-roche.com\/wp-content\/uploads\/2024\/10\/cube-terasse-1024x768.jpeg 1024w, https:\/\/pont-roche.com\/wp-content\/uploads\/2024\/10\/cube-terasse-300x225.jpeg 300w, https:\/\/pont-roche.com\/wp-content\/uploads\/2024\/10\/cube-terasse-768x576.jpeg 768w, https:\/\/pont-roche.com\/wp-content\/uploads\/2024\/10\/cube-terasse-1536x1152.jpeg 1536w, https:\/\/pont-roche.com\/wp-content\/uploads\/2024\/10\/cube-terasse-scaled.jpeg 1900w, https:\/\/pont-roche.com\/wp-content\/uploads\/2024\/10\/cube-terasse-16x12.jpeg 16w, https:\/\/pont-roche.com\/wp-content\/uploads\/2024\/10\/cube-terasse-600x450.jpeg 600w\" sizes=\"(max-width: 1024px) 100vw, 1024px\" \/>\t\t\t\t\t\t\t\t\t\t\t\t\t\t\t<\/div>\n\t\t\t\t<\/div>\n\t\t\t\t<div class=\"elementor-element elementor-element-e4015d0 elementor-widget elementor-widget-text-editor\" data-id=\"e4015d0\" data-element_type=\"widget\" data-e-type=\"widget\" data-widget_type=\"text-editor.default\">\n\t\t\t\t<div class=\"elementor-widget-container\">\n\t\t\t\t\t\t\t\t\t<p>Die Domaine Pont-Roche l\u00e4dt Sie ein zu <strong>einen zeitlosen Soloaufenthalt erleben<\/strong>zwischen Natur, Design und Lebensfreude. Eine Blase des Wohlbefindens, eingebettet in Burgund, die Sie in vollen Z\u00fcgen genie\u00dfen k\u00f6nnen und die nur auf Sie wartet.<\/p>\t\t\t\t\t\t\t\t<\/div>\n\t\t\t\t<\/div>\n\t\t\t\t<div class=\"elementor-element elementor-element-445e781 elementor-align-center elementor-mobile-align-center elementor-widget elementor-widget-button\" data-id=\"445e781\" data-element_type=\"widget\" data-e-type=\"widget\" data-widget_type=\"button.default\">\n\t\t\t\t<div class=\"elementor-widget-container\">\n\t\t\t\t\t\t\t\t\t<div class=\"elementor-button-wrapper\">\n\t\t\t\t\t<a class=\"elementor-button elementor-button-link elementor-size-lg\" href=\"\/de\/kontakt\/\">\n\t\t\t\t\t\t<span class=\"elementor-button-content-wrapper\">\n\t\t\t\t\t\t<span class=\"elementor-button-icon\">\n\t\t\t\t<svg aria-hidden=\"true\" class=\"e-font-icon-svg e-fas-arrow-right\" viewbox=\"0 0 448 512\" xmlns=\"http:\/\/www.w3.org\/2000\/svg\"><path d=\"M190.5 66.9l22.2-22.2c9.4-9.4 24.6-9.4 33.9 0L441 239c9.4 9.4 9.4 24.6 0 33.9L246.6 467.3c-9.4 9.4-24.6 9.4-33.9 0l-22.2-22.2c-9.5-9.5-9.3-25 .4-34.3L311.4 296H24c-13.3 0-24-10.7-24-24v-32c0-13.3 10.7-24 24-24h287.4L190.9 101.2c-9.8-9.3-10-24.8-.4-34.3z\"><\/path><\/svg>\t\t\t<\/span>\n\t\t\t\t\t\t\t\t\t<span class=\"elementor-button-text\">Kontakt und Buchung<\/span>\n\t\t\t\t\t<\/span>\n\t\t\t\t\t<\/a>\n\t\t\t\t<\/div>\n\t\t\t\t\t\t\t\t<\/div>\n\t\t\t\t<\/div>\n\t\t\t\t\t<\/div>\n\t\t\t\t<\/div>\n\t\t\t\t<\/div>","protected":false},"excerpt":{"rendered":"<p>G\u00f6nnen Sie sich einen schicken Solo-Aufenthalt mit Wellness in Burgund Haben Sie Lust, an einem ruhigen, erholsamen Ort durchzuatmen und sich neu zu konzentrieren? Die Domaine Pont-Roche &amp; Spa empf\u00e4ngt Sie in einer ihrer beiden hochwertigen, ungew\u00f6hnlichen Unterk\u00fcnfte 40 Minuten von Dijon entfernt. Ein Aufenthalt, um vom Alltag abzuschalten und sich wieder mit...<\/p>","protected":false},"author":1,"featured_media":0,"parent":0,"menu_order":0,"comment_status":"closed","ping_status":"closed","template":"","meta":{"_kad_post_transparent":"","_kad_post_title":"hide","_kad_post_layout":"fullwidth","_kad_post_sidebar_id":"","_kad_post_content_style":"unboxed","_kad_post_vertical_padding":"hide","_kad_post_feature":"hide","_kad_post_feature_position":"","_kad_post_header":false,"_kad_post_footer":false,"_kad_post_classname":"","footnotes":""},"class_list":["post-15589","page","type-page","status-publish","hentry"],"_links":{"self":[{"href":"https:\/\/pont-roche.com\/de\/wp-json\/wp\/v2\/pages\/15589","targetHints":{"allow":["GET"]}}],"collection":[{"href":"https:\/\/pont-roche.com\/de\/wp-json\/wp\/v2\/pages"}],"about":[{"href":"https:\/\/pont-roche.com\/de\/wp-json\/wp\/v2\/types\/page"}],"author":[{"embeddable":true,"href":"https:\/\/pont-roche.com\/de\/wp-json\/wp\/v2\/users\/1"}],"replies":[{"embeddable":true,"href":"https:\/\/pont-roche.com\/de\/wp-json\/wp\/v2\/comments?post=15589"}],"version-history":[{"count":0,"href":"https:\/\/pont-roche.com\/de\/wp-json\/wp\/v2\/pages\/15589\/revisions"}],"wp:attachment":[{"href":"https:\/\/pont-roche.com\/de\/wp-json\/wp\/v2\/media?parent=15589"}],"curies":[{"name":"wp","href":"https:\/\/api.w.org\/{rel}","templated":true}]}}