{"id":15809,"date":"2025-08-05T16:42:21","date_gmt":"2025-08-05T14:42:21","guid":{"rendered":"https:\/\/pont-roche.com\/?page_id=15809"},"modified":"2025-08-11T17:45:08","modified_gmt":"2025-08-11T15:45:08","slug":"nuit-insolite-animaux","status":"publish","type":"page","link":"https:\/\/pont-roche.com\/de\/nuit-insolite-animaux\/","title":{"rendered":"Ungew\u00f6hnliche Nacht Haustiere erlaubt"},"content":{"rendered":"<div data-elementor-type=\"wp-page\" data-elementor-id=\"15809\" class=\"elementor elementor-15809\" data-elementor-post-type=\"page\">\n\t\t\t\t<div class=\"elementor-element elementor-element-4e6be63 e-flex e-con-boxed e-con e-parent\" data-id=\"4e6be63\" data-element_type=\"container\" data-e-type=\"container\">\n\t\t\t\t\t<div class=\"e-con-inner\">\n\t\t\t\t<div class=\"elementor-element elementor-element-ed728d9 elementor-invisible elementor-widget elementor-widget-heading\" data-id=\"ed728d9\" data-element_type=\"widget\" data-e-type=\"widget\" data-settings=\"{&quot;_animation&quot;:&quot;fadeInUp&quot;}\" data-widget_type=\"heading.default\">\n\t\t\t\t<div class=\"elementor-widget-container\">\n\t\t\t\t\t<h1 class=\"elementor-heading-title elementor-size-default\">Verbringen Sie einen ungew\u00f6hnlichen Ausflug mit Ihrem Haustier in Burgund<\/h1>\t\t\t\t<\/div>\n\t\t\t\t<\/div>\n\t\t\t\t<div class=\"elementor-element elementor-element-ff2538b elementor-widget-divider--view-line elementor-invisible elementor-widget elementor-widget-divider\" data-id=\"ff2538b\" data-element_type=\"widget\" data-e-type=\"widget\" data-settings=\"{&quot;_animation&quot;:&quot;zoomIn&quot;,&quot;_animation_delay&quot;:&quot;400&quot;}\" data-widget_type=\"divider.default\">\n\t\t\t\t<div class=\"elementor-widget-container\">\n\t\t\t\t\t\t\t<div class=\"elementor-divider\">\n\t\t\t<span class=\"elementor-divider-separator\">\n\t\t\t\t\t\t<\/span>\n\t\t<\/div>\n\t\t\t\t\t\t<\/div>\n\t\t\t\t<\/div>\n\t\t\t\t\t<\/div>\n\t\t\t\t<\/div>\n\t\t<div class=\"elementor-element elementor-element-a12dcab e-flex e-con-boxed e-con e-parent\" data-id=\"a12dcab\" data-element_type=\"container\" data-e-type=\"container\" data-settings=\"{&quot;background_background&quot;:&quot;classic&quot;}\">\n\t\t\t\t\t<div class=\"e-con-inner\">\n\t\t<div class=\"elementor-element elementor-element-fdca842 e-flex e-con-boxed e-con e-child\" data-id=\"fdca842\" data-element_type=\"container\" data-e-type=\"container\" data-settings=\"{&quot;background_background&quot;:&quot;classic&quot;}\">\n\t\t\t\t\t<div class=\"e-con-inner\">\n\t\t\t\t<div class=\"elementor-element elementor-element-551a901 elementor-widget elementor-widget-text-editor\" data-id=\"551a901\" data-element_type=\"widget\" data-e-type=\"widget\" data-widget_type=\"text-editor.default\">\n\t\t\t\t<div class=\"elementor-widget-container\">\n\t\t\t\t\t\t\t\t\t<p>G\u00f6nnen Sie sich einen Ausflug ins Burgund, in eine Umgebung, in der Natur, Wohlbefinden und Komfort harmonisch miteinander verbunden sind. In der Domaine Pont-Roche &amp; Spa sind Ihre vierbeinigen Freunde herzlich willkommen, um gemeinsame Momente der Entspannung und Zweisamkeit zu genie\u00dfen.<\/p>\t\t\t\t\t\t\t\t<\/div>\n\t\t\t\t<\/div>\n\t\t\t\t\t<\/div>\n\t\t\t\t<\/div>\n\t\t\t\t\t<\/div>\n\t\t\t\t<\/div>\n\t\t<div class=\"elementor-element elementor-element-0ff4ea3 e-flex e-con-boxed e-con e-parent\" data-id=\"0ff4ea3\" data-element_type=\"container\" data-e-type=\"container\">\n\t\t\t\t\t<div class=\"e-con-inner\">\n\t\t\t\t<div class=\"elementor-element elementor-element-b21224d elementor-invisible elementor-widget elementor-widget-heading\" data-id=\"b21224d\" data-element_type=\"widget\" data-e-type=\"widget\" data-settings=\"{&quot;_animation&quot;:&quot;fadeIn&quot;}\" data-widget_type=\"heading.default\">\n\t\t\t\t<div class=\"elementor-widget-container\">\n\t\t\t\t\t<h2 class=\"elementor-heading-title elementor-size-default\">Eine zauberhafte Umgebung f\u00fcr einen ungew\u00f6hnlichen Ausflug<\/h2>\t\t\t\t<\/div>\n\t\t\t\t<\/div>\n\t\t\t\t<div class=\"elementor-element elementor-element-a7cbbe3 elementor-widget elementor-widget-text-editor\" data-id=\"a7cbbe3\" data-element_type=\"widget\" data-e-type=\"widget\" data-widget_type=\"text-editor.default\">\n\t\t\t\t<div class=\"elementor-widget-container\">\n\t\t\t\t\t\t\t\t\t<p>Die Domaine Pont-Roche &amp; Spa liegt im Herzen des Ignon-Tals und ist ein wahres Schmuckk\u00e4stchen der Natur. Dieser au\u00dfergew\u00f6hnliche Ort bietet zwei ungew\u00f6hnliche Unterk\u00fcnfte, die sowohl luxuri\u00f6s als auch umweltfreundlich sind, diese beiden Unterk\u00fcnfte <strong>nehmen Haustiere auf<\/strong> : Der W\u00fcrfel &amp; die H\u00fctte.<\/p>\t\t\t\t\t\t\t\t<\/div>\n\t\t\t\t<\/div>\n\t\t\t\t<div class=\"elementor-element elementor-element-a4192fa elementor-widget elementor-widget-image\" data-id=\"a4192fa\" data-element_type=\"widget\" data-e-type=\"widget\" data-widget_type=\"image.default\">\n\t\t\t\t<div class=\"elementor-widget-container\">\n\t\t\t\t\t\t\t\t\t\t\t\t\t\t\t<img fetchpriority=\"high\" decoding=\"async\" width=\"800\" height=\"572\" src=\"https:\/\/pont-roche.com\/wp-content\/uploads\/2025\/04\/terrasse-cube-bourgogne.jpg\" class=\"attachment-large size-large wp-image-15407\" alt=\"\" srcset=\"https:\/\/pont-roche.com\/wp-content\/uploads\/2025\/04\/terrasse-cube-bourgogne.jpg 800w, https:\/\/pont-roche.com\/wp-content\/uploads\/2025\/04\/terrasse-cube-bourgogne-300x215.jpg 300w, https:\/\/pont-roche.com\/wp-content\/uploads\/2025\/04\/terrasse-cube-bourgogne-768x549.jpg 768w, https:\/\/pont-roche.com\/wp-content\/uploads\/2025\/04\/terrasse-cube-bourgogne-18x12.jpg 18w, https:\/\/pont-roche.com\/wp-content\/uploads\/2025\/04\/terrasse-cube-bourgogne-600x429.jpg 600w\" sizes=\"(max-width: 800px) 100vw, 800px\" \/>\t\t\t\t\t\t\t\t\t\t\t\t\t\t\t<\/div>\n\t\t\t\t<\/div>\n\t\t\t\t<div class=\"elementor-element elementor-element-3cc7f9e elementor-align-center elementor-mobile-align-center elementor-widget elementor-widget-button\" data-id=\"3cc7f9e\" data-element_type=\"widget\" data-e-type=\"widget\" data-widget_type=\"button.default\">\n\t\t\t\t<div class=\"elementor-widget-container\">\n\t\t\t\t\t\t\t\t\t<div class=\"elementor-button-wrapper\">\n\t\t\t\t\t<a class=\"elementor-button elementor-button-link elementor-size-lg\" href=\"\/de\/der-wurfel\/\">\n\t\t\t\t\t\t<span class=\"elementor-button-content-wrapper\">\n\t\t\t\t\t\t<span class=\"elementor-button-icon\">\n\t\t\t\t<svg aria-hidden=\"true\" class=\"e-font-icon-svg e-fas-arrow-right\" viewbox=\"0 0 448 512\" xmlns=\"http:\/\/www.w3.org\/2000\/svg\"><path d=\"M190.5 66.9l22.2-22.2c9.4-9.4 24.6-9.4 33.9 0L441 239c9.4 9.4 9.4 24.6 0 33.9L246.6 467.3c-9.4 9.4-24.6 9.4-33.9 0l-22.2-22.2c-9.5-9.5-9.3-25 .4-34.3L311.4 296H24c-13.3 0-24-10.7-24-24v-32c0-13.3 10.7-24 24-24h287.4L190.9 101.2c-9.8-9.3-10-24.8-.4-34.3z\"><\/path><\/svg>\t\t\t<\/span>\n\t\t\t\t\t\t\t\t\t<span class=\"elementor-button-text\">LE CUBE UND SEIN PRIVATES NORDISCHES BAD ENTDECKEN<\/span>\n\t\t\t\t\t<\/span>\n\t\t\t\t\t<\/a>\n\t\t\t\t<\/div>\n\t\t\t\t\t\t\t\t<\/div>\n\t\t\t\t<\/div>\n\t\t\t\t<div class=\"elementor-element elementor-element-c099189 elementor-widget elementor-widget-text-editor\" data-id=\"c099189\" data-element_type=\"widget\" data-e-type=\"widget\" data-widget_type=\"text-editor.default\">\n\t\t\t\t<div class=\"elementor-widget-container\">\n\t\t\t\t\t\t\t\t\t<p>Vergessen Sie die Einschr\u00e4nkungen, die mit der Betreuung Ihres Hundes w\u00e4hrend Ihres Aufenthalts verbunden sind, und nehmen Sie ihn mit auf die Domaine Pont-Roche &amp; Spa. Ihr Begleiter kann die Ufer des Flusses genie\u00dfen, der direkt vor unseren ungew\u00f6hnlichen, designorientierten und schlichten Unterk\u00fcnften liegt, w\u00e4hrend Sie sich in Ihrem privaten nordischen Bad entspannen, das auf der Terrasse, nur wenige Meter vom Wasser entfernt, eingerichtet ist.<\/p><p>Benachrichtigen Sie unbedingt Fr\u00e9d\u00e9ric Dansert, wenn Sie mit Ihrem Hund kommen, damit Ihre Unterkunft bereit ist, Sie und Ihr H\u00fcndchen zu empfangen.<\/p>\t\t\t\t\t\t\t\t<\/div>\n\t\t\t\t<\/div>\n\t\t\t\t<div class=\"elementor-element elementor-element-029e182 elementor-invisible elementor-widget elementor-widget-heading\" data-id=\"029e182\" data-element_type=\"widget\" data-e-type=\"widget\" data-settings=\"{&quot;_animation&quot;:&quot;fadeIn&quot;}\" data-widget_type=\"heading.default\">\n\t\t\t\t<div class=\"elementor-widget-container\">\n\t\t\t\t\t<h2 class=\"elementor-heading-title elementor-size-default\">Das Qualidog-Label: eine Qualit\u00e4tsgarantie f\u00fcr Ihren Begleiter<\/h2>\t\t\t\t<\/div>\n\t\t\t\t<\/div>\n\t\t<div class=\"elementor-element elementor-element-dfb47d6 e-con-full e-flex e-con e-child\" data-id=\"dfb47d6\" data-element_type=\"container\" data-e-type=\"container\">\n\t\t<div class=\"elementor-element elementor-element-8cf4047 e-flex e-con-boxed e-con e-child\" data-id=\"8cf4047\" data-element_type=\"container\" data-e-type=\"container\">\n\t\t\t\t\t<div class=\"e-con-inner\">\n\t\t\t\t<div class=\"elementor-element elementor-element-6f993d9 elementor-widget elementor-widget-text-editor\" data-id=\"6f993d9\" data-element_type=\"widget\" data-e-type=\"widget\" data-widget_type=\"text-editor.default\">\n\t\t\t\t<div class=\"elementor-widget-container\">\n\t\t\t\t\t\t\t\t\t<p>Die <strong>Cube ist mit dem Qualidog-Label ausgezeichnet und erh\u00e4lt ein Niveau von 3 Tr\u00fcffeln<\/strong> durch die Seite <a href=\"https:\/\/emmenetonchien.com\/hebergement-insolite-chien-animaux-acceptes\/gite-insolite-du-domaine-pont-roche-2\/\" target=\"_blank\" rel=\"noopener\">Nimm deinen Hund mit<\/a>Wir sind stolz auf diese Auszeichnung, die Schulen mit einem hohen Ma\u00df an Qualit\u00e4t und Sicherheit auszeichnet. <strong>au\u00dfergew\u00f6hnliche Aufnahme von Haustieren<\/strong>.<\/p><p>Die\u00a0<strong>Cabane ist mit dem G\u00fctesiegel Qualidog 2 Tr\u00fcffel ausgezeichnet.<\/strong><\/p><p>Dieses G\u00fctesiegel garantiert n\u00e4mlich, dass alles getan wird, damit Sie und Ihr Hund Ihren Aufenthalt in vollen Z\u00fcgen genie\u00dfen k\u00f6nnen. Materialien wie Futtern\u00e4pfe und ein geeigneter Schlafplatz werden f\u00fcr Ihren vierbeinigen Freund bereitgestellt.<\/p>\t\t\t\t\t\t\t\t<\/div>\n\t\t\t\t<\/div>\n\t\t\t\t\t<\/div>\n\t\t\t\t<\/div>\n\t\t<div class=\"elementor-element elementor-element-81922ff e-con-full e-flex e-con e-child\" data-id=\"81922ff\" data-element_type=\"container\" data-e-type=\"container\">\n\t\t\t\t<div class=\"elementor-element elementor-element-a2e344e elementor-widget elementor-widget-image\" data-id=\"a2e344e\" data-element_type=\"widget\" data-e-type=\"widget\" data-widget_type=\"image.default\">\n\t\t\t\t<div class=\"elementor-widget-container\">\n\t\t\t\t\t\t\t\t\t\t\t\t\t\t\t<img decoding=\"async\" width=\"768\" height=\"549\" src=\"https:\/\/pont-roche.com\/wp-content\/uploads\/2025\/04\/terrasse-cube-bourgogne-768x549.jpg\" class=\"attachment-medium_large size-medium_large wp-image-15407\" alt=\"\" srcset=\"https:\/\/pont-roche.com\/wp-content\/uploads\/2025\/04\/terrasse-cube-bourgogne-768x549.jpg 768w, https:\/\/pont-roche.com\/wp-content\/uploads\/2025\/04\/terrasse-cube-bourgogne-300x215.jpg 300w, https:\/\/pont-roche.com\/wp-content\/uploads\/2025\/04\/terrasse-cube-bourgogne-18x12.jpg 18w, https:\/\/pont-roche.com\/wp-content\/uploads\/2025\/04\/terrasse-cube-bourgogne-600x429.jpg 600w, https:\/\/pont-roche.com\/wp-content\/uploads\/2025\/04\/terrasse-cube-bourgogne.jpg 800w\" sizes=\"(max-width: 768px) 100vw, 768px\" \/>\t\t\t\t\t\t\t\t\t\t\t\t\t\t\t<\/div>\n\t\t\t\t<\/div>\n\t\t\t\t<\/div>\n\t\t\t\t<\/div>\n\t\t\t\t<div class=\"elementor-element elementor-element-4d09649 elementor-widget elementor-widget-text-editor\" data-id=\"4d09649\" data-element_type=\"widget\" data-e-type=\"widget\" data-widget_type=\"text-editor.default\">\n\t\t\t\t<div class=\"elementor-widget-container\">\n\t\t\t\t\t\t\t\t\t<p>Die gr\u00fcne Umgebung des Anwesens und die Umgebung eignen sich hervorragend f\u00fcr Spazierg\u00e4nge und die Entdeckung der nat\u00fcrlichen Sch\u00f6nheit der Region Burgund. Ob bei einem Spaziergang rund um die Unterkunft oder einem entspannenden Moment auf der Terrasse am Ufer des Flusses Ignon, Ihr Hund kann Sie bei Ihren Aktivit\u00e4ten begleiten und die atemberaubende nat\u00fcrliche Umgebung genie\u00dfen. \u00dcbrigens: Eine Kanidusche und ein Tuch, um die nassen Pfoten Ihres Vierbeiners abzuwischen, sind in Cube und Cabane vorhanden.<\/p><p>Um Ihre wenigen Tage auf dem Landgut noch zu bereichern, f\u00fcgen Sie Ihrer Buchung Wellness-Optionen hinzu, z. B. einen Besuch in der Panoramasauna oder eine Massage.<\/p>\t\t\t\t\t\t\t\t<\/div>\n\t\t\t\t<\/div>\n\t\t\t\t<div class=\"elementor-element elementor-element-2268426 elementor-align-center elementor-mobile-align-center elementor-widget elementor-widget-button\" data-id=\"2268426\" data-element_type=\"widget\" data-e-type=\"widget\" data-widget_type=\"button.default\">\n\t\t\t\t<div class=\"elementor-widget-container\">\n\t\t\t\t\t\t\t\t\t<div class=\"elementor-button-wrapper\">\n\t\t\t\t\t<a class=\"elementor-button elementor-button-link elementor-size-lg\" href=\"\/de\/service\/\">\n\t\t\t\t\t\t<span class=\"elementor-button-content-wrapper\">\n\t\t\t\t\t\t<span class=\"elementor-button-icon\">\n\t\t\t\t<svg aria-hidden=\"true\" class=\"e-font-icon-svg e-fas-arrow-right\" viewbox=\"0 0 448 512\" xmlns=\"http:\/\/www.w3.org\/2000\/svg\"><path d=\"M190.5 66.9l22.2-22.2c9.4-9.4 24.6-9.4 33.9 0L441 239c9.4 9.4 9.4 24.6 0 33.9L246.6 467.3c-9.4 9.4-24.6 9.4-33.9 0l-22.2-22.2c-9.5-9.5-9.3-25 .4-34.3L311.4 296H24c-13.3 0-24-10.7-24-24v-32c0-13.3 10.7-24 24-24h287.4L190.9 101.2c-9.8-9.3-10-24.8-.4-34.3z\"><\/path><\/svg>\t\t\t<\/span>\n\t\t\t\t\t\t\t\t\t<span class=\"elementor-button-text\">Entdecken Sie die verf\u00fcgbaren Dienste und Optionen<\/span>\n\t\t\t\t\t<\/span>\n\t\t\t\t\t<\/a>\n\t\t\t\t<\/div>\n\t\t\t\t\t\t\t\t<\/div>\n\t\t\t\t<\/div>\n\t\t\t\t\t<\/div>\n\t\t\t\t<\/div>\n\t\t<div class=\"elementor-element elementor-element-1e563b4 e-flex e-con-boxed e-con e-parent\" data-id=\"1e563b4\" data-element_type=\"container\" data-e-type=\"container\">\n\t\t\t\t\t<div class=\"e-con-inner\">\n\t\t\t\t<div class=\"elementor-element elementor-element-37e0917 elementor-invisible elementor-widget elementor-widget-heading\" data-id=\"37e0917\" data-element_type=\"widget\" data-e-type=\"widget\" data-settings=\"{&quot;_animation&quot;:&quot;fadeIn&quot;}\" data-widget_type=\"heading.default\">\n\t\t\t\t<div class=\"elementor-widget-container\">\n\t\t\t\t\t<h2 class=\"elementor-heading-title elementor-size-default\">Einige Regeln, die Sie beachten sollten, um ungew\u00f6hnliche N\u00e4chte mit Ihrem Haustier zu genie\u00dfen<\/h2>\t\t\t\t<\/div>\n\t\t\t\t<\/div>\n\t\t\t\t<div class=\"elementor-element elementor-element-b623633 elementor-widget elementor-widget-text-editor\" data-id=\"b623633\" data-element_type=\"widget\" data-e-type=\"widget\" data-widget_type=\"text-editor.default\">\n\t\t\t\t<div class=\"elementor-widget-container\">\n\t\t\t\t\t\t\t\t\t<p>Wenn Sie sich f\u00fcr die Domaine Pont-Roche &amp; Spa entscheiden, entscheiden Sie sich f\u00fcr einen ungew\u00f6hnlichen Aufenthalt, der Luxus, Abschalten und ma\u00dfgeschneiderte Betreuung f\u00fcr alle Familienmitglieder, Mensch und Tier, miteinander verbindet.<\/p><p>Um Ihre Ankunft und die Ihres Begleiters bestm\u00f6glich vorzubereiten, lesen Sie bitte die folgenden Zeilen:<\/p><ul><li>Bei der Buchung des Aufenthalts m\u00fcssen Sie Fr\u00e9d\u00e9ric Dansert unbedingt informieren, wenn Sie mit Ihrem Haustier anreisen.<\/li><li>Nur ein Hund darf seinen Besitzer oder seine Besitzer w\u00e4hrend des Aufenthalts begleiten. Wenn Sie jedoch mit zwei Hunden reisen, informieren Sie uns bitte, damit wir gemeinsam pr\u00fcfen k\u00f6nnen, ob es m\u00f6glich ist, sie aufzunehmen.\u00a0<\/li><li>Das Tier darf in unseren Unterk\u00fcnften nicht unbeaufsichtigt allein gelassen werden.<\/li><li>Haustiere d\u00fcrfen nicht auf das Bett, das Sofa oder andere M\u00f6belst\u00fccke steigen.<\/li><li>Der Hund und seine Pfoten m\u00fcssen vor dem Betreten der Unterkunft gr\u00fcndlich gereinigt werden.<\/li><li>Ein Versto\u00df gegen diese Regeln oder die Nichtbeachtung des Ortes kann zu einer Stornierung oder Verk\u00fcrzung des Aufenthalts f\u00fchren.<\/li><\/ul><p>Buchen Sie jetzt Ihr einzigartiges Erlebnis in Burgund und schaffen Sie wertvolle Erinnerungen mit Ihren Lieben an einem Ort, an dem die Natur K\u00f6nigin ist und das Wohlbefinden an erster Stelle steht.<\/p>\t\t\t\t\t\t\t\t<\/div>\n\t\t\t\t<\/div>\n\t\t\t\t<div class=\"elementor-element elementor-element-a339acb elementor-invisible elementor-widget elementor-widget-heading\" data-id=\"a339acb\" data-element_type=\"widget\" data-e-type=\"widget\" data-settings=\"{&quot;_animation&quot;:&quot;fadeIn&quot;}\" data-widget_type=\"heading.default\">\n\t\t\t\t<div class=\"elementor-widget-container\">\n\t\t\t\t\t<h2 class=\"elementor-heading-title elementor-size-default\">Haben Sie eine Frage? Ein Verlangen?<\/h2>\t\t\t\t<\/div>\n\t\t\t\t<\/div>\n\t\t\t\t<div class=\"elementor-element elementor-element-ca28e24 elementor-widget elementor-widget-text-editor\" data-id=\"ca28e24\" data-element_type=\"widget\" data-e-type=\"widget\" data-widget_type=\"text-editor.default\">\n\t\t\t\t<div class=\"elementor-widget-container\">\n\t\t\t\t\t\t\t\t\t<p>Kontaktieren Sie uns, wenn Sie Fragen haben oder Ihren Aufenthalt individuell gestalten m\u00f6chten. Fr\u00e9d\u00e9ric Dansert se<br \/>wird Sie gerne bei der Organisation dieses unvergesslichen Ausflugs begleiten.<\/p>\t\t\t\t\t\t\t\t<\/div>\n\t\t\t\t<\/div>\n\t\t\t\t<div class=\"elementor-element elementor-element-d8c4239 elementor-align-center elementor-mobile-align-center elementor-widget elementor-widget-button\" data-id=\"d8c4239\" data-element_type=\"widget\" data-e-type=\"widget\" data-widget_type=\"button.default\">\n\t\t\t\t<div class=\"elementor-widget-container\">\n\t\t\t\t\t\t\t\t\t<div class=\"elementor-button-wrapper\">\n\t\t\t\t\t<a class=\"elementor-button elementor-button-link elementor-size-lg\" href=\"\/de\/kontakt\/\">\n\t\t\t\t\t\t<span class=\"elementor-button-content-wrapper\">\n\t\t\t\t\t\t<span class=\"elementor-button-icon\">\n\t\t\t\t<svg aria-hidden=\"true\" class=\"e-font-icon-svg e-fas-arrow-right\" viewbox=\"0 0 448 512\" xmlns=\"http:\/\/www.w3.org\/2000\/svg\"><path d=\"M190.5 66.9l22.2-22.2c9.4-9.4 24.6-9.4 33.9 0L441 239c9.4 9.4 9.4 24.6 0 33.9L246.6 467.3c-9.4 9.4-24.6 9.4-33.9 0l-22.2-22.2c-9.5-9.5-9.3-25 .4-34.3L311.4 296H24c-13.3 0-24-10.7-24-24v-32c0-13.3 10.7-24 24-24h287.4L190.9 101.2c-9.8-9.3-10-24.8-.4-34.3z\"><\/path><\/svg>\t\t\t<\/span>\n\t\t\t\t\t\t\t\t\t<span class=\"elementor-button-text\">Kontakt und Buchung<\/span>\n\t\t\t\t\t<\/span>\n\t\t\t\t\t<\/a>\n\t\t\t\t<\/div>\n\t\t\t\t\t\t\t\t<\/div>\n\t\t\t\t<\/div>\n\t\t\t\t\t<\/div>\n\t\t\t\t<\/div>\n\t\t\t\t<\/div>","protected":false},"excerpt":{"rendered":"<p>G\u00f6nnen Sie sich einen Ausflug ins Burgund, wo Natur, Wohlbefinden und Komfort harmonisch miteinander verbunden sind. In der Domaine Pont-Roche &amp; Spa sind Ihre vierbeinigen Freunde herzlich willkommen, um gemeinsame Momente der Entspannung und der Zweisamkeit zu genie\u00dfen. Ein zauberhafter Rahmen f\u00fcr eine...<\/p>","protected":false},"author":1,"featured_media":0,"parent":0,"menu_order":0,"comment_status":"closed","ping_status":"closed","template":"","meta":{"_kad_post_transparent":"","_kad_post_title":"hide","_kad_post_layout":"fullwidth","_kad_post_sidebar_id":"","_kad_post_content_style":"unboxed","_kad_post_vertical_padding":"hide","_kad_post_feature":"hide","_kad_post_feature_position":"","_kad_post_header":false,"_kad_post_footer":false,"_kad_post_classname":"","footnotes":""},"class_list":["post-15809","page","type-page","status-publish","hentry"],"_links":{"self":[{"href":"https:\/\/pont-roche.com\/de\/wp-json\/wp\/v2\/pages\/15809","targetHints":{"allow":["GET"]}}],"collection":[{"href":"https:\/\/pont-roche.com\/de\/wp-json\/wp\/v2\/pages"}],"about":[{"href":"https:\/\/pont-roche.com\/de\/wp-json\/wp\/v2\/types\/page"}],"author":[{"embeddable":true,"href":"https:\/\/pont-roche.com\/de\/wp-json\/wp\/v2\/users\/1"}],"replies":[{"embeddable":true,"href":"https:\/\/pont-roche.com\/de\/wp-json\/wp\/v2\/comments?post=15809"}],"version-history":[{"count":0,"href":"https:\/\/pont-roche.com\/de\/wp-json\/wp\/v2\/pages\/15809\/revisions"}],"wp:attachment":[{"href":"https:\/\/pont-roche.com\/de\/wp-json\/wp\/v2\/media?parent=15809"}],"curies":[{"name":"wp","href":"https:\/\/api.w.org\/{rel}","templated":true}]}}