{"id":15954,"date":"2025-09-24T17:41:05","date_gmt":"2025-09-24T15:41:05","guid":{"rendered":"https:\/\/pont-roche.com\/?page_id=15954"},"modified":"2025-12-10T15:36:00","modified_gmt":"2025-12-10T14:36:00","slug":"slow-tourisme","status":"publish","type":"page","link":"https:\/\/pont-roche.com\/de\/slow-tourisme\/","title":{"rendered":"Slow Tourismus in Burgund"},"content":{"rendered":"<div data-elementor-type=\"wp-page\" data-elementor-id=\"15954\" class=\"elementor elementor-15954\" data-elementor-post-type=\"page\">\n\t\t\t\t<div class=\"elementor-element elementor-element-7cec4b6 e-flex e-con-boxed e-con e-parent\" data-id=\"7cec4b6\" data-element_type=\"container\" data-e-type=\"container\">\n\t\t\t\t\t<div class=\"e-con-inner\">\n\t\t\t\t<div class=\"elementor-element elementor-element-f0b5926 elementor-invisible elementor-widget elementor-widget-heading\" data-id=\"f0b5926\" data-element_type=\"widget\" data-e-type=\"widget\" data-settings=\"{&quot;_animation&quot;:&quot;fadeInUp&quot;}\" data-widget_type=\"heading.default\">\n\t\t\t\t<div class=\"elementor-widget-container\">\n\t\t\t\t\t<h1 class=\"elementor-heading-title elementor-size-default\">Nehmen Sie sich bei einem Slow-Tourismus-Aufenthalt in Burgund Zeit f\u00fcr Entschleunigung<\/h1>\t\t\t\t<\/div>\n\t\t\t\t<\/div>\n\t\t\t\t<div class=\"elementor-element elementor-element-9fe71a2 elementor-widget-divider--view-line elementor-invisible elementor-widget elementor-widget-divider\" data-id=\"9fe71a2\" data-element_type=\"widget\" data-e-type=\"widget\" data-settings=\"{&quot;_animation&quot;:&quot;zoomIn&quot;,&quot;_animation_delay&quot;:&quot;400&quot;}\" data-widget_type=\"divider.default\">\n\t\t\t\t<div class=\"elementor-widget-container\">\n\t\t\t\t\t\t\t<div class=\"elementor-divider\">\n\t\t\t<span class=\"elementor-divider-separator\">\n\t\t\t\t\t\t<\/span>\n\t\t<\/div>\n\t\t\t\t\t\t<\/div>\n\t\t\t\t<\/div>\n\t\t\t\t\t<\/div>\n\t\t\t\t<\/div>\n\t\t<div class=\"elementor-element elementor-element-a2495b4 e-flex e-con-boxed e-con e-parent\" data-id=\"a2495b4\" data-element_type=\"container\" data-e-type=\"container\" data-settings=\"{&quot;background_background&quot;:&quot;classic&quot;}\">\n\t\t\t\t\t<div class=\"e-con-inner\">\n\t\t<div class=\"elementor-element elementor-element-ca04dbb e-flex e-con-boxed e-con e-child\" data-id=\"ca04dbb\" data-element_type=\"container\" data-e-type=\"container\" data-settings=\"{&quot;background_background&quot;:&quot;classic&quot;}\">\n\t\t\t\t\t<div class=\"e-con-inner\">\n\t\t\t\t<div class=\"elementor-element elementor-element-e0cc2b1 elementor-widget elementor-widget-text-editor\" data-id=\"e0cc2b1\" data-element_type=\"widget\" data-e-type=\"widget\" data-widget_type=\"text-editor.default\">\n\t\t\t\t<div class=\"elementor-widget-container\">\n\t\t\t\t\t\t\t\t\t<p>Willkommen im Domaine Pont-Roche &amp; Spa, dem idealen Ort, um sich inmitten der Natur zu erholen und zu einem sanften Rhythmus zur\u00fcckzukehren, und das alles in einer hochwertigen Unterkunft mit allem Komfort.<\/p>\t\t\t\t\t\t\t\t<\/div>\n\t\t\t\t<\/div>\n\t\t\t\t\t<\/div>\n\t\t\t\t<\/div>\n\t\t\t\t\t<\/div>\n\t\t\t\t<\/div>\n\t\t<div class=\"elementor-element elementor-element-842ce25 e-flex e-con-boxed e-con e-parent\" data-id=\"842ce25\" data-element_type=\"container\" data-e-type=\"container\">\n\t\t\t\t\t<div class=\"e-con-inner\">\n\t\t\t\t<div class=\"elementor-element elementor-element-004da83 elementor-invisible elementor-widget elementor-widget-heading\" data-id=\"004da83\" data-element_type=\"widget\" data-e-type=\"widget\" data-settings=\"{&quot;_animation&quot;:&quot;fadeIn&quot;}\" data-widget_type=\"heading.default\">\n\t\t\t\t<div class=\"elementor-widget-container\">\n\t\t\t\t\t<h2 class=\"elementor-heading-title elementor-size-default\">Sie, die Natur, der Fluss und der Gesang der V\u00f6gel<\/h2>\t\t\t\t<\/div>\n\t\t\t\t<\/div>\n\t\t\t\t<div class=\"elementor-element elementor-element-7a60dbf elementor-widget elementor-widget-text-editor\" data-id=\"7a60dbf\" data-element_type=\"widget\" data-e-type=\"widget\" data-widget_type=\"text-editor.default\">\n\t\t\t\t<div class=\"elementor-widget-container\">\n\t\t\t\t\t\t\t\t\t<p>Unser Landgut befindet sich im Herzen von Burgund, im Tal des Ignon, etwa 30 Minuten von Dijon entfernt. Eine ideale Entfernung von der Stadt, um die Ruhe auf dem Land und die nat\u00fcrliche Sch\u00f6nheit der Region zu genie\u00dfen.<\/p><p>Entdecken Sie eine bukolische Umgebung, die zum Loslassen einl\u00e4dt, wo das Pl\u00e4tschern des Flusswassers und der Gesang der V\u00f6gel Sie w\u00e4hrend Ihrer Entspannungsmomente auf der Terrasse Ihrer Unterkunft in den Schlaf wiegen.<\/p>\t\t\t\t\t\t\t\t<\/div>\n\t\t\t\t<\/div>\n\t\t\t\t<div class=\"elementor-element elementor-element-c2022bf elementor-invisible elementor-widget elementor-widget-heading\" data-id=\"c2022bf\" data-element_type=\"widget\" data-e-type=\"widget\" data-settings=\"{&quot;_animation&quot;:&quot;fadeIn&quot;}\" data-widget_type=\"heading.default\">\n\t\t\t\t<div class=\"elementor-widget-container\">\n\t\t\t\t\t<h2 class=\"elementor-heading-title elementor-size-default\">Zwei verantwortungsvolle, an der Natur orientierte Unterk\u00fcnfte<\/h2>\t\t\t\t<\/div>\n\t\t\t\t<\/div>\n\t\t\t\t<div class=\"elementor-element elementor-element-a91e318 elementor-widget elementor-widget-text-editor\" data-id=\"a91e318\" data-element_type=\"widget\" data-e-type=\"widget\" data-widget_type=\"text-editor.default\">\n\t\t\t\t<div class=\"elementor-widget-container\">\n\t\t\t\t\t\t\t\t\t<p>Zwei Unterk\u00fcnfte f\u00fcr zwei Stimmungen, aber Ruhe, Umweltfreundlichkeit und Komfort als Gemeinsamkeiten:<\/p><ul><li>Le Cube, eine ger\u00e4umige und helle Designunterkunft am Wasser mit freiem Blick auf den Horizont, die bis zu 4 Personen beherbergen kann.<\/li><li>La Cabane, ein Kokon f\u00fcr 1 oder 2 Personen inmitten von B\u00e4umen mit Blick auf den Fluss Ignon, f\u00fcr einen durch und durch intimen Aufenthalt.<\/li><\/ul>\t\t\t\t\t\t\t\t<\/div>\n\t\t\t\t<\/div>\n\t\t<div class=\"elementor-element elementor-element-70a8d81 e-con-full e-flex e-con e-child\" data-id=\"70a8d81\" data-element_type=\"container\" data-e-type=\"container\">\n\t\t<div class=\"elementor-element elementor-element-5bad3ca e-flex e-con-boxed e-con e-child\" data-id=\"5bad3ca\" data-element_type=\"container\" data-e-type=\"container\">\n\t\t\t\t\t<div class=\"e-con-inner\">\n\t\t<div class=\"elementor-element elementor-element-7fd0b2a e-con-full e-flex e-con e-child\" data-id=\"7fd0b2a\" data-element_type=\"container\" data-e-type=\"container\" data-settings=\"{&quot;background_background&quot;:&quot;classic&quot;}\">\n\t\t\t\t<\/div>\n\t\t\t\t<div class=\"elementor-element elementor-element-8c5af95 elementor-align-center elementor-mobile-align-center elementor-widget elementor-widget-button\" data-id=\"8c5af95\" data-element_type=\"widget\" data-e-type=\"widget\" data-widget_type=\"button.default\">\n\t\t\t\t<div class=\"elementor-widget-container\">\n\t\t\t\t\t\t\t\t\t<div class=\"elementor-button-wrapper\">\n\t\t\t\t\t<a class=\"elementor-button elementor-button-link elementor-size-lg\" href=\"\/de\/der-wurfel\/\">\n\t\t\t\t\t\t<span class=\"elementor-button-content-wrapper\">\n\t\t\t\t\t\t<span class=\"elementor-button-icon\">\n\t\t\t\t<svg aria-hidden=\"true\" class=\"e-font-icon-svg e-fas-arrow-right\" viewbox=\"0 0 448 512\" xmlns=\"http:\/\/www.w3.org\/2000\/svg\"><path d=\"M190.5 66.9l22.2-22.2c9.4-9.4 24.6-9.4 33.9 0L441 239c9.4 9.4 9.4 24.6 0 33.9L246.6 467.3c-9.4 9.4-24.6 9.4-33.9 0l-22.2-22.2c-9.5-9.5-9.3-25 .4-34.3L311.4 296H24c-13.3 0-24-10.7-24-24v-32c0-13.3 10.7-24 24-24h287.4L190.9 101.2c-9.8-9.3-10-24.8-.4-34.3z\"><\/path><\/svg>\t\t\t<\/span>\n\t\t\t\t\t\t\t\t\t<span class=\"elementor-button-text\">Entdecke den Cube<\/span>\n\t\t\t\t\t<\/span>\n\t\t\t\t\t<\/a>\n\t\t\t\t<\/div>\n\t\t\t\t\t\t\t\t<\/div>\n\t\t\t\t<\/div>\n\t\t\t\t\t<\/div>\n\t\t\t\t<\/div>\n\t\t<div class=\"elementor-element elementor-element-ec328c3 e-flex e-con-boxed e-con e-child\" data-id=\"ec328c3\" data-element_type=\"container\" data-e-type=\"container\">\n\t\t\t\t\t<div class=\"e-con-inner\">\n\t\t<div class=\"elementor-element elementor-element-94720b8 e-flex e-con-boxed e-con e-child\" data-id=\"94720b8\" data-element_type=\"container\" data-e-type=\"container\" data-settings=\"{&quot;background_background&quot;:&quot;classic&quot;}\">\n\t\t\t\t\t<div class=\"e-con-inner\">\n\t\t\t\t\t<\/div>\n\t\t\t\t<\/div>\n\t\t\t\t<div class=\"elementor-element elementor-element-c982cc0 elementor-align-center elementor-mobile-align-center elementor-widget elementor-widget-button\" data-id=\"c982cc0\" data-element_type=\"widget\" data-e-type=\"widget\" data-widget_type=\"button.default\">\n\t\t\t\t<div class=\"elementor-widget-container\">\n\t\t\t\t\t\t\t\t\t<div class=\"elementor-button-wrapper\">\n\t\t\t\t\t<a class=\"elementor-button elementor-button-link elementor-size-lg\" href=\"\/de\/die-kabine\/\">\n\t\t\t\t\t\t<span class=\"elementor-button-content-wrapper\">\n\t\t\t\t\t\t<span class=\"elementor-button-icon\">\n\t\t\t\t<svg aria-hidden=\"true\" class=\"e-font-icon-svg e-fas-arrow-right\" viewbox=\"0 0 448 512\" xmlns=\"http:\/\/www.w3.org\/2000\/svg\"><path d=\"M190.5 66.9l22.2-22.2c9.4-9.4 24.6-9.4 33.9 0L441 239c9.4 9.4 9.4 24.6 0 33.9L246.6 467.3c-9.4 9.4-24.6 9.4-33.9 0l-22.2-22.2c-9.5-9.5-9.3-25 .4-34.3L311.4 296H24c-13.3 0-24-10.7-24-24v-32c0-13.3 10.7-24 24-24h287.4L190.9 101.2c-9.8-9.3-10-24.8-.4-34.3z\"><\/path><\/svg>\t\t\t<\/span>\n\t\t\t\t\t\t\t\t\t<span class=\"elementor-button-text\">Entdecke die H\u00fctte<\/span>\n\t\t\t\t\t<\/span>\n\t\t\t\t\t<\/a>\n\t\t\t\t<\/div>\n\t\t\t\t\t\t\t\t<\/div>\n\t\t\t\t<\/div>\n\t\t\t\t\t<\/div>\n\t\t\t\t<\/div>\n\t\t\t\t<\/div>\n\t\t\t\t\t<\/div>\n\t\t\t\t<\/div>\n\t\t<div class=\"elementor-element elementor-element-f5b199b e-flex e-con-boxed e-con e-parent\" data-id=\"f5b199b\" data-element_type=\"container\" data-e-type=\"container\">\n\t\t\t\t\t<div class=\"e-con-inner\">\n\t\t<div class=\"elementor-element elementor-element-a5a16a7 e-con-full e-flex e-con e-child\" data-id=\"a5a16a7\" data-element_type=\"container\" data-e-type=\"container\">\n\t\t<div class=\"elementor-element elementor-element-c49c6c1 e-con-full e-flex e-con e-child\" data-id=\"c49c6c1\" data-element_type=\"container\" data-e-type=\"container\">\n\t\t\t\t<div class=\"elementor-element elementor-element-b71c95a elementor-widget elementor-widget-image\" data-id=\"b71c95a\" data-element_type=\"widget\" data-e-type=\"widget\" data-widget_type=\"image.default\">\n\t\t\t\t<div class=\"elementor-widget-container\">\n\t\t\t\t\t\t\t\t\t\t\t\t\t\t\t<img fetchpriority=\"high\" decoding=\"async\" width=\"768\" height=\"576\" src=\"https:\/\/pont-roche.com\/wp-content\/uploads\/2025\/10\/bain-nordique-terasse-cube-768x576.jpeg\" class=\"attachment-medium_large size-medium_large wp-image-16003\" alt=\"\" srcset=\"https:\/\/pont-roche.com\/wp-content\/uploads\/2025\/10\/bain-nordique-terasse-cube-768x576.jpeg 768w, https:\/\/pont-roche.com\/wp-content\/uploads\/2025\/10\/bain-nordique-terasse-cube-300x225.jpeg 300w, https:\/\/pont-roche.com\/wp-content\/uploads\/2025\/10\/bain-nordique-terasse-cube-1024x768.jpeg 1024w, https:\/\/pont-roche.com\/wp-content\/uploads\/2025\/10\/bain-nordique-terasse-cube-1536x1152.jpeg 1536w, https:\/\/pont-roche.com\/wp-content\/uploads\/2025\/10\/bain-nordique-terasse-cube-scaled.jpeg 1900w, https:\/\/pont-roche.com\/wp-content\/uploads\/2025\/10\/bain-nordique-terasse-cube-16x12.jpeg 16w, https:\/\/pont-roche.com\/wp-content\/uploads\/2025\/10\/bain-nordique-terasse-cube-600x450.jpeg 600w\" sizes=\"(max-width: 768px) 100vw, 768px\" \/>\t\t\t\t\t\t\t\t\t\t\t\t\t\t\t<\/div>\n\t\t\t\t<\/div>\n\t\t\t\t<\/div>\n\t\t<div class=\"elementor-element elementor-element-7738380 e-con-full e-flex e-con e-child\" data-id=\"7738380\" data-element_type=\"container\" data-e-type=\"container\">\n\t\t\t\t<div class=\"elementor-element elementor-element-6ca7bdf hotel-tmpl-titles elementor-widget elementor-widget-heading\" data-id=\"6ca7bdf\" data-element_type=\"widget\" data-e-type=\"widget\" data-widget_type=\"heading.default\">\n\t\t\t\t<div class=\"elementor-widget-container\">\n\t\t\t\t\t<h2 class=\"elementor-heading-title elementor-size-default\">Nehmen Sie sich Zeit f\u00fcr eine Verschnaufpause in Ihrem privaten nordischen Bad <\/h2>\t\t\t\t<\/div>\n\t\t\t\t<\/div>\n\t\t\t\t<div class=\"elementor-element elementor-element-5fb13b3 elementor-widget elementor-widget-text-editor\" data-id=\"5fb13b3\" data-element_type=\"widget\" data-e-type=\"widget\" data-widget_type=\"text-editor.default\">\n\t\t\t\t<div class=\"elementor-widget-container\">\n\t\t\t\t\t\t\t\t\t<p>Jede Unterkunft ist mit einem nordischen Bad ausgestattet. Sie genie\u00dfen tags\u00fcber oder abends eine Entspannungspause in reinem Wasser, das f\u00fcr Sie gewechselt und bei Ihrer Ankunft mit einem Holzfeuer erw\u00e4rmt wird.<\/p>\t\t\t\t\t\t\t\t<\/div>\n\t\t\t\t<\/div>\n\t\t\t\t<\/div>\n\t\t\t\t<\/div>\n\t\t<div class=\"elementor-element elementor-element-ed51a78 e-con-full e-flex e-con e-child\" data-id=\"ed51a78\" data-element_type=\"container\" data-e-type=\"container\">\n\t\t<div class=\"elementor-element elementor-element-fd90089 e-con-full e-flex e-con e-child\" data-id=\"fd90089\" data-element_type=\"container\" data-e-type=\"container\">\n\t\t\t\t<div class=\"elementor-element elementor-element-4fa3660 hotel-tmpl-titles elementor-widget elementor-widget-heading\" data-id=\"4fa3660\" data-element_type=\"widget\" data-e-type=\"widget\" data-widget_type=\"heading.default\">\n\t\t\t\t<div class=\"elementor-widget-container\">\n\t\t\t\t\t<h2 class=\"elementor-heading-title elementor-size-default\">Slow Activities f\u00fcr Ihren Aufenthalt auf dem Landgut<\/h2>\t\t\t\t<\/div>\n\t\t\t\t<\/div>\n\t\t\t\t<div class=\"elementor-element elementor-element-a757096 elementor-widget elementor-widget-text-editor\" data-id=\"a757096\" data-element_type=\"widget\" data-e-type=\"widget\" data-widget_type=\"text-editor.default\">\n\t\t\t\t<div class=\"elementor-widget-container\">\n\t\t\t\t\t\t\t\t\t<p>Um Ihre Wellness- und Slow-Life-Pause in Fr\u00e9nois zu vervollst\u00e4ndigen, bieten sich Ihnen zahlreiche Aktivit\u00e4ten an. Sportler k\u00f6nnen das Tal auf den Wanderwegen ab dem Landgut durchstreifen. Erg\u00e4nzen Sie dies durch einen Besuch in der Panoramasauna mit Blick auf den Fluss, um K\u00f6rper und Geist nach der Anstrengung zu entlasten.<\/p>\t\t\t\t\t\t\t\t<\/div>\n\t\t\t\t<\/div>\n\t\t\t\t<\/div>\n\t\t<div class=\"elementor-element elementor-element-425a803 e-con-full e-flex e-con e-child\" data-id=\"425a803\" data-element_type=\"container\" data-e-type=\"container\">\n\t\t\t\t<div class=\"elementor-element elementor-element-5a37db7 elementor-widget elementor-widget-image\" data-id=\"5a37db7\" data-element_type=\"widget\" data-e-type=\"widget\" data-widget_type=\"image.default\">\n\t\t\t\t<div class=\"elementor-widget-container\">\n\t\t\t\t\t\t\t\t\t\t\t\t\t\t\t<img decoding=\"async\" width=\"768\" height=\"512\" src=\"https:\/\/pont-roche.com\/wp-content\/uploads\/2020\/01\/IMG_3753-768x512.jpg\" class=\"attachment-medium_large size-medium_large wp-image-7353\" alt=\"\" srcset=\"https:\/\/pont-roche.com\/wp-content\/uploads\/2020\/01\/IMG_3753-768x512.jpg 768w, https:\/\/pont-roche.com\/wp-content\/uploads\/2020\/01\/IMG_3753-scaled-600x400.jpg 600w, https:\/\/pont-roche.com\/wp-content\/uploads\/2020\/01\/IMG_3753-300x200.jpg 300w, https:\/\/pont-roche.com\/wp-content\/uploads\/2020\/01\/IMG_3753-1024x683.jpg 1024w, https:\/\/pont-roche.com\/wp-content\/uploads\/2020\/01\/IMG_3753-1536x1024.jpg 1536w, https:\/\/pont-roche.com\/wp-content\/uploads\/2020\/01\/IMG_3753-2048x1365.jpg 2048w, https:\/\/pont-roche.com\/wp-content\/uploads\/2020\/01\/IMG_3753-640x427.jpg 640w, https:\/\/pont-roche.com\/wp-content\/uploads\/2020\/01\/IMG_3753-1280x853.jpg 1280w, https:\/\/pont-roche.com\/wp-content\/uploads\/2020\/01\/IMG_3753-scaled.jpg 1900w\" sizes=\"(max-width: 768px) 100vw, 768px\" \/>\t\t\t\t\t\t\t\t\t\t\t\t\t\t\t<\/div>\n\t\t\t\t<\/div>\n\t\t\t\t<\/div>\n\t\t\t\t<\/div>\n\t\t<div class=\"elementor-element elementor-element-c91a0f9 e-con-full e-flex e-con e-child\" data-id=\"c91a0f9\" data-element_type=\"container\" data-e-type=\"container\">\n\t\t<div class=\"elementor-element elementor-element-88742ab e-con-full e-flex e-con e-child\" data-id=\"88742ab\" data-element_type=\"container\" data-e-type=\"container\">\n\t\t\t\t<div class=\"elementor-element elementor-element-b1447be elementor-widget elementor-widget-image\" data-id=\"b1447be\" data-element_type=\"widget\" data-e-type=\"widget\" data-widget_type=\"image.default\">\n\t\t\t\t<div class=\"elementor-widget-container\">\n\t\t\t\t\t\t\t\t\t\t\t\t\t\t\t<img decoding=\"async\" width=\"768\" height=\"576\" src=\"https:\/\/pont-roche.com\/wp-content\/uploads\/2025\/10\/jumelles-nocturnes-1-768x576.jpeg\" class=\"attachment-medium_large size-medium_large wp-image-16010\" alt=\"\" srcset=\"https:\/\/pont-roche.com\/wp-content\/uploads\/2025\/10\/jumelles-nocturnes-1-768x576.jpeg 768w, https:\/\/pont-roche.com\/wp-content\/uploads\/2025\/10\/jumelles-nocturnes-1-300x225.jpeg 300w, https:\/\/pont-roche.com\/wp-content\/uploads\/2025\/10\/jumelles-nocturnes-1-1024x768.jpeg 1024w, https:\/\/pont-roche.com\/wp-content\/uploads\/2025\/10\/jumelles-nocturnes-1-1536x1152.jpeg 1536w, https:\/\/pont-roche.com\/wp-content\/uploads\/2025\/10\/jumelles-nocturnes-1-scaled.jpeg 1900w, https:\/\/pont-roche.com\/wp-content\/uploads\/2025\/10\/jumelles-nocturnes-1-16x12.jpeg 16w, https:\/\/pont-roche.com\/wp-content\/uploads\/2025\/10\/jumelles-nocturnes-1-600x450.jpeg 600w\" sizes=\"(max-width: 768px) 100vw, 768px\" \/>\t\t\t\t\t\t\t\t\t\t\t\t\t\t\t<\/div>\n\t\t\t\t<\/div>\n\t\t\t\t<\/div>\n\t\t<div class=\"elementor-element elementor-element-c292c3f e-con-full e-flex e-con e-child\" data-id=\"c292c3f\" data-element_type=\"container\" data-e-type=\"container\">\n\t\t\t\t<div class=\"elementor-element elementor-element-043b29a elementor-widget elementor-widget-text-editor\" data-id=\"043b29a\" data-element_type=\"widget\" data-e-type=\"widget\" data-widget_type=\"text-editor.default\">\n\t\t\t\t<div class=\"elementor-widget-container\">\n\t\t\t\t\t\t\t\t\tTierliebhaber k\u00f6nnen die Tierwelt tags\u00fcber oder nachts mit einer W\u00e4rmebildbrille betrachten (mit Ihrem Gastgeber Fr\u00e9d\u00e9ric zu organisieren). Es ist auch m\u00f6glich, im Fluss zu angeln, w\u00e4hrend der \u00d6ffnungszeiten in der ersten Kategorie, vorausgesetzt, Sie besitzen einen g\u00fcltigen Angelschein und praktizieren aus Respekt vor der Natur No Kill. \t\t\t\t\t\t\t\t<\/div>\n\t\t\t\t<\/div>\n\t\t\t\t<\/div>\n\t\t\t\t<\/div>\n\t\t\t\t<div class=\"elementor-element elementor-element-378ce2e elementor-widget elementor-widget-text-editor\" data-id=\"378ce2e\" data-element_type=\"widget\" data-e-type=\"widget\" data-widget_type=\"text-editor.default\">\n\t\t\t\t<div class=\"elementor-widget-container\">\n\t\t\t\t\t\t\t\t\tF\u00fcr Gaumenfreuden, die Entdeckung des burgundischen Terroirs und kulturelle Besichtigungen m\u00fcssen Sie das Landgut verlassen. Zahlreiche bemerkenswerte Einrichtungen und Sehensw\u00fcrdigkeiten befinden sich in der N\u00e4he. \t\t\t\t\t\t\t\t<\/div>\n\t\t\t\t<\/div>\n\t\t\t\t<div class=\"elementor-element elementor-element-22457f9 elementor-align-center elementor-widget elementor-widget-button\" data-id=\"22457f9\" data-element_type=\"widget\" data-e-type=\"widget\" data-widget_type=\"button.default\">\n\t\t\t\t<div class=\"elementor-widget-container\">\n\t\t\t\t\t\t\t\t\t<div class=\"elementor-button-wrapper\">\n\t\t\t\t\t<a class=\"elementor-button elementor-button-link elementor-size-sm\" href=\"https:\/\/pont-roche.com\/de\/region-burgund\/\">\n\t\t\t\t\t\t<span class=\"elementor-button-content-wrapper\">\n\t\t\t\t\t\t\t\t\t<span class=\"elementor-button-text\">Entdecken Sie die unumg\u00e4nglichen Aktivit\u00e4ten der Region<\/span>\n\t\t\t\t\t<\/span>\n\t\t\t\t\t<\/a>\n\t\t\t\t<\/div>\n\t\t\t\t\t\t\t\t<\/div>\n\t\t\t\t<\/div>\n\t\t<div class=\"elementor-element elementor-element-cafc5bf e-con-full e-flex e-con e-child\" data-id=\"cafc5bf\" data-element_type=\"container\" data-e-type=\"container\">\n\t\t\t\t<div class=\"elementor-element elementor-element-d1998c8 elementor-invisible elementor-widget elementor-widget-heading\" data-id=\"d1998c8\" data-element_type=\"widget\" data-e-type=\"widget\" data-settings=\"{&quot;_animation&quot;:&quot;fadeIn&quot;}\" data-widget_type=\"heading.default\">\n\t\t\t\t<div class=\"elementor-widget-container\">\n\t\t\t\t\t<h2 class=\"elementor-heading-title elementor-size-default\">Sind Sie bereit f\u00fcr Ihren n\u00e4chsten Slow Travel?<\/h2>\t\t\t\t<\/div>\n\t\t\t\t<\/div>\n\t\t\t\t<div class=\"elementor-element elementor-element-eba0f9e elementor-widget elementor-widget-text-editor\" data-id=\"eba0f9e\" data-element_type=\"widget\" data-e-type=\"widget\" data-widget_type=\"text-editor.default\">\n\t\t\t\t<div class=\"elementor-widget-container\">\n\t\t\t\t\t\t\t\t\t<p>Ob Sie nun vom Alltag abschalten, sich auf sich selbst besinnen oder als Paar, Mutter und Tochter oder Freund\/in eine Zeit der Komplizenschaft verbringen m\u00f6chten, die Domaine Pont-Roche &amp; Spa empf\u00e4ngt Sie in ihren schicken und naturnahen Unterk\u00fcnften.<\/p><p>Kontaktieren Sie Fr\u00e9d\u00e9ric Dansert, Ihren Gastgeber in der Domaine Pont-Roche &amp; Spa, um Ihre Buchung vorzunehmen und den Wellnessurlaub zu gestalten, der zu Ihnen passt.<\/p>\t\t\t\t\t\t\t\t<\/div>\n\t\t\t\t<\/div>\n\t\t\t\t<div class=\"elementor-element elementor-element-2bc2c46 elementor-align-center elementor-widget elementor-widget-button\" data-id=\"2bc2c46\" data-element_type=\"widget\" data-e-type=\"widget\" data-widget_type=\"button.default\">\n\t\t\t\t<div class=\"elementor-widget-container\">\n\t\t\t\t\t\t\t\t\t<div class=\"elementor-button-wrapper\">\n\t\t\t\t\t<a class=\"elementor-button elementor-button-link elementor-size-sm\" href=\"https:\/\/pont-roche.com\/de\/kontakt\/\">\n\t\t\t\t\t\t<span class=\"elementor-button-content-wrapper\">\n\t\t\t\t\t\t\t\t\t<span class=\"elementor-button-text\">Kontakt<\/span>\n\t\t\t\t\t<\/span>\n\t\t\t\t\t<\/a>\n\t\t\t\t<\/div>\n\t\t\t\t\t\t\t\t<\/div>\n\t\t\t\t<\/div>\n\t\t\t\t<\/div>\n\t\t\t\t\t<\/div>\n\t\t\t\t<\/div>\n\t\t\t\t<\/div>","protected":false},"excerpt":{"rendered":"<p>Nehmen Sie sich bei einem Slow-Tourismus-Aufenthalt in Burgund Zeit f\u00fcr Entschleunigung Willkommen im Domaine Pont-Roche &amp; Spa, dem idealen Ort, um inmitten der Natur neue Energie zu tanken und zu einem sanften Rhythmus zur\u00fcckzukehren, und das alles in einer hochwertigen Unterkunft mit allem Komfort. Sie, die Natur, der Fluss und der Gesang der V\u00f6gel Unsere Domaine se...<\/p>","protected":false},"author":1,"featured_media":0,"parent":0,"menu_order":0,"comment_status":"closed","ping_status":"closed","template":"","meta":{"_kad_post_transparent":"","_kad_post_title":"hide","_kad_post_layout":"fullwidth","_kad_post_sidebar_id":"","_kad_post_content_style":"unboxed","_kad_post_vertical_padding":"hide","_kad_post_feature":"hide","_kad_post_feature_position":"","_kad_post_header":false,"_kad_post_footer":false,"_kad_post_classname":"","footnotes":""},"class_list":["post-15954","page","type-page","status-publish","hentry"],"_links":{"self":[{"href":"https:\/\/pont-roche.com\/de\/wp-json\/wp\/v2\/pages\/15954","targetHints":{"allow":["GET"]}}],"collection":[{"href":"https:\/\/pont-roche.com\/de\/wp-json\/wp\/v2\/pages"}],"about":[{"href":"https:\/\/pont-roche.com\/de\/wp-json\/wp\/v2\/types\/page"}],"author":[{"embeddable":true,"href":"https:\/\/pont-roche.com\/de\/wp-json\/wp\/v2\/users\/1"}],"replies":[{"embeddable":true,"href":"https:\/\/pont-roche.com\/de\/wp-json\/wp\/v2\/comments?post=15954"}],"version-history":[{"count":0,"href":"https:\/\/pont-roche.com\/de\/wp-json\/wp\/v2\/pages\/15954\/revisions"}],"wp:attachment":[{"href":"https:\/\/pont-roche.com\/de\/wp-json\/wp\/v2\/media?parent=15954"}],"curies":[{"name":"wp","href":"https:\/\/api.w.org\/{rel}","templated":true}]}}