{"id":16144,"date":"2025-12-10T15:43:13","date_gmt":"2025-12-10T14:43:13","guid":{"rendered":"https:\/\/pont-roche.com\/?page_id=16144"},"modified":"2026-01-14T14:38:31","modified_gmt":"2026-01-14T13:38:31","slug":"a-propos","status":"publish","type":"page","link":"https:\/\/pont-roche.com\/de\/a-propos\/","title":{"rendered":"Unsere Geschichte"},"content":{"rendered":"<div data-elementor-type=\"wp-page\" data-elementor-id=\"16144\" class=\"elementor elementor-16144\" data-elementor-post-type=\"page\">\n\t\t\t\t<div class=\"elementor-element elementor-element-8499b4b e-flex e-con-boxed e-con e-parent\" data-id=\"8499b4b\" data-element_type=\"container\" data-e-type=\"container\">\n\t\t\t\t\t<div class=\"e-con-inner\">\n\t\t\t\t<div class=\"elementor-element elementor-element-07fca95 elementor-invisible elementor-widget elementor-widget-heading\" data-id=\"07fca95\" data-element_type=\"widget\" data-e-type=\"widget\" data-settings=\"{&quot;_animation&quot;:&quot;fadeInUp&quot;}\" data-widget_type=\"heading.default\">\n\t\t\t\t<div class=\"elementor-widget-container\">\n\t\t\t\t\t<h1 class=\"elementor-heading-title elementor-size-default\">Die Geschichte der Domaine Pont-Roche &amp; Spa<\/h1>\t\t\t\t<\/div>\n\t\t\t\t<\/div>\n\t\t\t\t<div class=\"elementor-element elementor-element-e615f4c elementor-widget-divider--view-line elementor-invisible elementor-widget elementor-widget-divider\" data-id=\"e615f4c\" data-element_type=\"widget\" data-e-type=\"widget\" data-settings=\"{&quot;_animation&quot;:&quot;zoomIn&quot;,&quot;_animation_delay&quot;:&quot;400&quot;}\" data-widget_type=\"divider.default\">\n\t\t\t\t<div class=\"elementor-widget-container\">\n\t\t\t\t\t\t\t<div class=\"elementor-divider\">\n\t\t\t<span class=\"elementor-divider-separator\">\n\t\t\t\t\t\t<\/span>\n\t\t<\/div>\n\t\t\t\t\t\t<\/div>\n\t\t\t\t<\/div>\n\t\t\t\t\t<\/div>\n\t\t\t\t<\/div>\n\t\t<div class=\"elementor-element elementor-element-c0e047b e-flex e-con-boxed e-con e-parent\" data-id=\"c0e047b\" data-element_type=\"container\" data-e-type=\"container\" data-settings=\"{&quot;background_background&quot;:&quot;classic&quot;}\">\n\t\t\t\t\t<div class=\"e-con-inner\">\n\t\t<div class=\"elementor-element elementor-element-3f31240 e-flex e-con-boxed e-con e-child\" data-id=\"3f31240\" data-element_type=\"container\" data-e-type=\"container\" data-settings=\"{&quot;background_background&quot;:&quot;classic&quot;}\">\n\t\t\t\t\t<div class=\"e-con-inner\">\n\t\t\t\t<div class=\"elementor-element elementor-element-e96aae2 elementor-widget elementor-widget-text-editor\" data-id=\"e96aae2\" data-element_type=\"widget\" data-e-type=\"widget\" data-widget_type=\"text-editor.default\">\n\t\t\t\t<div class=\"elementor-widget-container\">\n\t\t\t\t\t\t\t\t\t<p>Im Herzen des Ignon-Tals entstand vor mehr als 12 Jahren ein einzigartiger Ort, an den man kommt, um zu entschleunigen, sich wieder zu verbinden und tief durchzuatmen. Die Domaine Pont-Roche<br \/>&amp; Spa ist der Ausdruck des Slow Life, getragen von Fr\u00e9d\u00e9ric Dansert, dem Gr\u00fcnder des Anwesens.<\/p>\t\t\t\t\t\t\t\t<\/div>\n\t\t\t\t<\/div>\n\t\t\t\t\t<\/div>\n\t\t\t\t<\/div>\n\t\t\t\t\t<\/div>\n\t\t\t\t<\/div>\n\t\t<div class=\"elementor-element elementor-element-f64f009 e-flex e-con-boxed e-con e-parent\" data-id=\"f64f009\" data-element_type=\"container\" data-e-type=\"container\">\n\t\t\t\t\t<div class=\"e-con-inner\">\n\t\t\t\t<div class=\"elementor-element elementor-element-c0ca4a1 elementor-invisible elementor-widget elementor-widget-heading\" data-id=\"c0ca4a1\" data-element_type=\"widget\" data-e-type=\"widget\" data-settings=\"{&quot;_animation&quot;:&quot;fadeIn&quot;}\" data-widget_type=\"heading.default\">\n\t\t\t\t<div class=\"elementor-widget-container\">\n\t\t\t\t\t<h2 class=\"elementor-heading-title elementor-size-default\">Fr\u00e9d\u00e9ric Dansert: Pionier im Bereich ungew\u00f6hnlicher Unterk\u00fcnfte der Luxusklasse.<\/h2>\t\t\t\t<\/div>\n\t\t\t\t<\/div>\n\t\t\t\t<div class=\"elementor-element elementor-element-3f36021 elementor-widget elementor-widget-text-editor\" data-id=\"3f36021\" data-element_type=\"widget\" data-e-type=\"widget\" data-widget_type=\"text-editor.default\">\n\t\t\t\t<div class=\"elementor-widget-container\">\n\t\t\t\t\t\t\t\t\t<p>Am Anfang des Anwesens steht Fr\u00e9d\u00e9ric Dansert, Eigent\u00fcmer und Sch\u00f6pfer des Ortes. Seine vielf\u00e4ltige touristische Laufbahn, zwischen Luxushotels in Cannes und Reisen durch Frankreich und die ganze Welt, sowie seine tiefe Liebe zur Region Burgund haben ihn dazu gebracht, ein in unserer sch\u00f6nen Region einzigartiges Konzept zu entwickeln. Er hat das Familienanwesen \u201cLe Moulin de la Roche\u201d in Fr\u00e9nois zu einem einzigartigen Ort umgestaltet, an dem zwei au\u00dfergew\u00f6hnliche, ungew\u00f6hnliche Unterk\u00fcnfte mit Blick auf die Natur thronen.<\/p>\t\t\t\t\t\t\t\t<\/div>\n\t\t\t\t<\/div>\n\t\t<div class=\"elementor-element elementor-element-9f23c59 e-con-full e-flex e-con e-child\" data-id=\"9f23c59\" data-element_type=\"container\" data-e-type=\"container\">\n\t\t<div class=\"elementor-element elementor-element-ae9fa1d e-flex e-con-boxed e-con e-child\" data-id=\"ae9fa1d\" data-element_type=\"container\" data-e-type=\"container\">\n\t\t\t\t\t<div class=\"e-con-inner\">\n\t\t\t\t<div class=\"elementor-element elementor-element-ab33aea elementor-widget elementor-widget-text-editor\" data-id=\"ab33aea\" data-element_type=\"widget\" data-e-type=\"widget\" data-widget_type=\"text-editor.default\">\n\t\t\t\t<div class=\"elementor-widget-container\">\n\t\t\t\t\t\t\t\t\t<p>Alles begann mit Le Cube, einer ungew\u00f6hnlichen Unterkunft mit moderner Architektur und erstklassigem Komfort, die dank ihrer gro\u00dfen Fensterfronten ein vollst\u00e4ndiges Eintauchen in das Ignon-Tal erm\u00f6glicht.<\/p>\t\t\t\t\t\t\t\t<\/div>\n\t\t\t\t<\/div>\n\t\t<div class=\"elementor-element elementor-element-3d13861 e-con-full e-flex e-con e-child\" data-id=\"3d13861\" data-element_type=\"container\" data-e-type=\"container\" data-settings=\"{&quot;background_background&quot;:&quot;classic&quot;}\">\n\t\t\t\t<\/div>\n\t\t\t\t<div class=\"elementor-element elementor-element-5af2fd9 elementor-align-center elementor-mobile-align-center elementor-widget elementor-widget-button\" data-id=\"5af2fd9\" data-element_type=\"widget\" data-e-type=\"widget\" data-widget_type=\"button.default\">\n\t\t\t\t<div class=\"elementor-widget-container\">\n\t\t\t\t\t\t\t\t\t<div class=\"elementor-button-wrapper\">\n\t\t\t\t\t<a class=\"elementor-button elementor-button-link elementor-size-lg\" href=\"\/de\/der-wurfel\/\">\n\t\t\t\t\t\t<span class=\"elementor-button-content-wrapper\">\n\t\t\t\t\t\t<span class=\"elementor-button-icon\">\n\t\t\t\t<svg aria-hidden=\"true\" class=\"e-font-icon-svg e-fas-arrow-right\" viewbox=\"0 0 448 512\" xmlns=\"http:\/\/www.w3.org\/2000\/svg\"><path d=\"M190.5 66.9l22.2-22.2c9.4-9.4 24.6-9.4 33.9 0L441 239c9.4 9.4 9.4 24.6 0 33.9L246.6 467.3c-9.4 9.4-24.6 9.4-33.9 0l-22.2-22.2c-9.5-9.5-9.3-25 .4-34.3L311.4 296H24c-13.3 0-24-10.7-24-24v-32c0-13.3 10.7-24 24-24h287.4L190.9 101.2c-9.8-9.3-10-24.8-.4-34.3z\"><\/path><\/svg>\t\t\t<\/span>\n\t\t\t\t\t\t\t\t\t<span class=\"elementor-button-text\">Entdecke den Cube<\/span>\n\t\t\t\t\t<\/span>\n\t\t\t\t\t<\/a>\n\t\t\t\t<\/div>\n\t\t\t\t\t\t\t\t<\/div>\n\t\t\t\t<\/div>\n\t\t\t\t\t<\/div>\n\t\t\t\t<\/div>\n\t\t<div class=\"elementor-element elementor-element-a1aa258 e-flex e-con-boxed e-con e-child\" data-id=\"a1aa258\" data-element_type=\"container\" data-e-type=\"container\">\n\t\t\t\t\t<div class=\"e-con-inner\">\n\t\t\t\t<div class=\"elementor-element elementor-element-6d58c82 elementor-widget elementor-widget-text-editor\" data-id=\"6d58c82\" data-element_type=\"widget\" data-e-type=\"widget\" data-widget_type=\"text-editor.default\">\n\t\t\t\t<div class=\"elementor-widget-container\">\n\t\t\t\t\t\t\t\t\tEinige Jahre sp\u00e4ter entsteht La Cabane, eingebettet in die Vegetation mit atemberaubendem Blick auf den Fluss. Ein idealer R\u00fcckzugsort f\u00fcr einen romantischen Aufenthalt, wo Vertrautheit und Lebensfreude herrschen.\t\t\t\t\t\t\t\t<\/div>\n\t\t\t\t<\/div>\n\t\t<div class=\"elementor-element elementor-element-1bcd39c e-flex e-con-boxed e-con e-child\" data-id=\"1bcd39c\" data-element_type=\"container\" data-e-type=\"container\" data-settings=\"{&quot;background_background&quot;:&quot;classic&quot;}\">\n\t\t\t\t\t<div class=\"e-con-inner\">\n\t\t\t\t\t<\/div>\n\t\t\t\t<\/div>\n\t\t\t\t<div class=\"elementor-element elementor-element-5aeac9c elementor-align-center elementor-mobile-align-center elementor-widget elementor-widget-button\" data-id=\"5aeac9c\" data-element_type=\"widget\" data-e-type=\"widget\" data-widget_type=\"button.default\">\n\t\t\t\t<div class=\"elementor-widget-container\">\n\t\t\t\t\t\t\t\t\t<div class=\"elementor-button-wrapper\">\n\t\t\t\t\t<a class=\"elementor-button elementor-button-link elementor-size-lg\" href=\"\/de\/die-kabine\/\">\n\t\t\t\t\t\t<span class=\"elementor-button-content-wrapper\">\n\t\t\t\t\t\t<span class=\"elementor-button-icon\">\n\t\t\t\t<svg aria-hidden=\"true\" class=\"e-font-icon-svg e-fas-arrow-right\" viewbox=\"0 0 448 512\" xmlns=\"http:\/\/www.w3.org\/2000\/svg\"><path d=\"M190.5 66.9l22.2-22.2c9.4-9.4 24.6-9.4 33.9 0L441 239c9.4 9.4 9.4 24.6 0 33.9L246.6 467.3c-9.4 9.4-24.6 9.4-33.9 0l-22.2-22.2c-9.5-9.5-9.3-25 .4-34.3L311.4 296H24c-13.3 0-24-10.7-24-24v-32c0-13.3 10.7-24 24-24h287.4L190.9 101.2c-9.8-9.3-10-24.8-.4-34.3z\"><\/path><\/svg>\t\t\t<\/span>\n\t\t\t\t\t\t\t\t\t<span class=\"elementor-button-text\">Entdecke die H\u00fctte<\/span>\n\t\t\t\t\t<\/span>\n\t\t\t\t\t<\/a>\n\t\t\t\t<\/div>\n\t\t\t\t\t\t\t\t<\/div>\n\t\t\t\t<\/div>\n\t\t\t\t\t<\/div>\n\t\t\t\t<\/div>\n\t\t\t\t<\/div>\n\t\t\t\t<div class=\"elementor-element elementor-element-c3d85e8 elementor-blockquote--skin-quotation elementor-widget elementor-widget-blockquote\" data-id=\"c3d85e8\" data-element_type=\"widget\" data-e-type=\"widget\" data-widget_type=\"blockquote.default\">\n\t\t\t\t<div class=\"elementor-widget-container\">\n\t\t\t\t\t\t\t<blockquote class=\"elementor-blockquote\">\n\t\t\t<p class=\"elementor-blockquote__content\">\n\t\t\t\tIch habe mich schon immer f\u00fcr den Tourismus begeistert... Als ich zur\u00fcck ins Burgund gezogen bin, war es f\u00fcr mich selbstverst\u00e4ndlich, mein kleines Paradies zu \u00f6ffnen, um diesen Ort, den ich so liebe, mit anderen zu teilen.\t\t\t<\/p>\n\t\t\t\t\t\t\t<div class=\"e-q-footer\">\n\t\t\t\t\t\t\t\t\t\t\t<cite class=\"elementor-blockquote__author\">Frederic Dansert<\/cite>\n\t\t\t\t\t\t\t\t\t\t\t\t\t\t<\/div>\n\t\t\t\t\t<\/blockquote>\n\t\t\t\t\t\t<\/div>\n\t\t\t\t<\/div>\n\t\t\t\t<div class=\"elementor-element elementor-element-f8bbfb6 elementor-invisible elementor-widget elementor-widget-heading\" data-id=\"f8bbfb6\" data-element_type=\"widget\" data-e-type=\"widget\" data-settings=\"{&quot;_animation&quot;:&quot;fadeIn&quot;}\" data-widget_type=\"heading.default\">\n\t\t\t\t<div class=\"elementor-widget-container\">\n\t\t\t\t\t<h2 class=\"elementor-heading-title elementor-size-default\">Ein Naturerlebnis, schick, stilvoll und romantisch<\/h2>\t\t\t\t<\/div>\n\t\t\t\t<\/div>\n\t\t\t\t<div class=\"elementor-element elementor-element-d7d7bac elementor-widget elementor-widget-text-editor\" data-id=\"d7d7bac\" data-element_type=\"widget\" data-e-type=\"widget\" data-widget_type=\"text-editor.default\">\n\t\t\t\t<div class=\"elementor-widget-container\">\n\t\t\t\t\t\t\t\t\t<p>Fr\u00e9d\u00e9ric hat eine einfache Vision: sich von der Natur leiten lassen und dabei h\u00f6chsten Komfort genie\u00dfen. In der Domaine Pont Roche &amp; Spa schaffen Licht, Wasser, Holz, Texturen und D\u00fcfte eine beruhigende und inspirierende Atmosph\u00e4re.<br \/><br \/>Jeder Raum ist wie ein nach au\u00dfen offener Kokon konzipiert und bietet gleichzeitig h\u00f6chsten Komfort. Die M\u00f6bel und die Design-Einrichtung machen das Erlebnis noch besonderer, zwischen diskretem Luxus und gro\u00dfz\u00fcgiger Natur. Das Ziel: eine zeitlose Auszeit bieten, in der Wohlbefinden selbstverst\u00e4ndlich wird.<\/p>\t\t\t\t\t\t\t\t<\/div>\n\t\t\t\t<\/div>\n\t\t\t\t<div class=\"elementor-element elementor-element-f3a2078 elementor-invisible elementor-widget elementor-widget-heading\" data-id=\"f3a2078\" data-element_type=\"widget\" data-e-type=\"widget\" data-settings=\"{&quot;_animation&quot;:&quot;fadeIn&quot;}\" data-widget_type=\"heading.default\">\n\t\t\t\t<div class=\"elementor-widget-container\">\n\t\t\t\t\t<h2 class=\"elementor-heading-title elementor-size-default\">Zwei Unterk\u00fcnfte, die auf starken Werten basieren<\/h2>\t\t\t\t<\/div>\n\t\t\t\t<\/div>\n\t\t\t\t<div class=\"elementor-element elementor-element-a97e21a elementor-widget elementor-widget-text-editor\" data-id=\"a97e21a\" data-element_type=\"widget\" data-e-type=\"widget\" data-widget_type=\"text-editor.default\">\n\t\t\t\t<div class=\"elementor-widget-container\">\n\t\t\t\t\t\t\t\t\t<ul><li>Natur: Das Anwesen ist um sie herum gebaut und versteht sich als Ort, an dem man privilegierter Zuschauer einer Umgebung wird, die sich im Laufe der Jahreszeiten ver\u00e4ndert und zu einer tiefen Wiederverbindung einl\u00e4dt.<\/li><li>Design: Minimalistisch, elegant, sinnlich \u2013 das Design verleiht dem Ort eine starke Identit\u00e4t und legt gleichzeitig Wert auf Komfort und Emotionen.<\/li><li>Wellness: Nordische B\u00e4der, Panorama-Sauna, Massagen, Yoga, Stille, Licht, beruhigende Texturen ... Hier ist alles darauf ausgerichtet, den K\u00f6rper zu entspannen und den Geist zu befreien.<\/li><li>Komplizenschaft: Weil Sie von Fr\u00e9d\u00e9ric pers\u00f6nlich empfangen werden, in einem intimen Rahmen, mit einem Service, der auf zwei Personen zugeschnitten ist, und pers\u00f6nlicher Aufmerksamkeit.<\/li><\/ul>\t\t\t\t\t\t\t\t<\/div>\n\t\t\t\t<\/div>\n\t\t\t\t<div class=\"elementor-element elementor-element-fd5156f elementor-invisible elementor-widget elementor-widget-heading\" data-id=\"fd5156f\" data-element_type=\"widget\" data-e-type=\"widget\" data-settings=\"{&quot;_animation&quot;:&quot;fadeIn&quot;}\" data-widget_type=\"heading.default\">\n\t\t\t\t<div class=\"elementor-widget-container\">\n\t\t\t\t\t<h2 class=\"elementor-heading-title elementor-size-default\">Buchen Sie Ihren n\u00e4chsten Urlaub zwischen Luxus und Natur<\/h2>\t\t\t\t<\/div>\n\t\t\t\t<\/div>\n\t\t\t\t<div class=\"elementor-element elementor-element-46d98c1 elementor-widget elementor-widget-text-editor\" data-id=\"46d98c1\" data-element_type=\"widget\" data-e-type=\"widget\" data-widget_type=\"text-editor.default\">\n\t\t\t\t<div class=\"elementor-widget-container\">\n\t\t\t\t\t\t\t\t\t<p>W\u00e4hlen Sie Ihre Unterkunft, packen Sie Ihre Koffer und lassen Sie sich vom Rauschen des Flusses und der beruhigenden Atmosph\u00e4re der Domaine Pont-Roche verzaubern. Wir freuen uns darauf, Sie bei uns begr\u00fc\u00dfen zu d\u00fcrfen und Ihnen einen zeitlosen Aufenthalt zu bieten, der die Verbundenheit f\u00f6rdert.<\/p>\t\t\t\t\t\t\t\t<\/div>\n\t\t\t\t<\/div>\n\t\t\t\t<div class=\"elementor-element elementor-element-f6d2e69 elementor-align-center elementor-widget elementor-widget-button\" data-id=\"f6d2e69\" data-element_type=\"widget\" data-e-type=\"widget\" data-widget_type=\"button.default\">\n\t\t\t\t<div class=\"elementor-widget-container\">\n\t\t\t\t\t\t\t\t\t<div class=\"elementor-button-wrapper\">\n\t\t\t\t\t<a class=\"elementor-button elementor-button-link elementor-size-sm\" href=\"https:\/\/pont-roche.com\/de\/kontakt\/\">\n\t\t\t\t\t\t<span class=\"elementor-button-content-wrapper\">\n\t\t\t\t\t\t\t\t\t<span class=\"elementor-button-text\">Kontaktieren Sie Fr\u00e9d\u00e9ric und buchen Sie Ihren Aufenthalt<\/span>\n\t\t\t\t\t<\/span>\n\t\t\t\t\t<\/a>\n\t\t\t\t<\/div>\n\t\t\t\t\t\t\t\t<\/div>\n\t\t\t\t<\/div>\n\t\t\t\t\t<\/div>\n\t\t\t\t<\/div>\n\t\t\t\t<\/div>","protected":false},"excerpt":{"rendered":"<p>Die Geschichte der Domaine Pont-Roche &amp; Spa Im Herzen des Ignon-Tals entstand vor mehr als 12 Jahren ein einzigartiger Ort, an den man kommt, um zu entschleunigen, sich wieder zu verbinden und tief durchzuatmen. Die Domaine Pont-Roche &amp; Spa ist Ausdruck des Slow Life, getragen von Fr\u00e9d\u00e9ric Dansert, dem Gr\u00fcnder der Domaine....<\/p>","protected":false},"author":1,"featured_media":0,"parent":0,"menu_order":0,"comment_status":"closed","ping_status":"closed","template":"","meta":{"_kad_post_transparent":"","_kad_post_title":"hide","_kad_post_layout":"fullwidth","_kad_post_sidebar_id":"","_kad_post_content_style":"unboxed","_kad_post_vertical_padding":"hide","_kad_post_feature":"hide","_kad_post_feature_position":"","_kad_post_header":false,"_kad_post_footer":false,"_kad_post_classname":"","footnotes":""},"class_list":["post-16144","page","type-page","status-publish","hentry"],"_links":{"self":[{"href":"https:\/\/pont-roche.com\/de\/wp-json\/wp\/v2\/pages\/16144","targetHints":{"allow":["GET"]}}],"collection":[{"href":"https:\/\/pont-roche.com\/de\/wp-json\/wp\/v2\/pages"}],"about":[{"href":"https:\/\/pont-roche.com\/de\/wp-json\/wp\/v2\/types\/page"}],"author":[{"embeddable":true,"href":"https:\/\/pont-roche.com\/de\/wp-json\/wp\/v2\/users\/1"}],"replies":[{"embeddable":true,"href":"https:\/\/pont-roche.com\/de\/wp-json\/wp\/v2\/comments?post=16144"}],"version-history":[{"count":0,"href":"https:\/\/pont-roche.com\/de\/wp-json\/wp\/v2\/pages\/16144\/revisions"}],"wp:attachment":[{"href":"https:\/\/pont-roche.com\/de\/wp-json\/wp\/v2\/media?parent=16144"}],"curies":[{"name":"wp","href":"https:\/\/api.w.org\/{rel}","templated":true}]}}