{"id":6779,"date":"2018-06-26T15:26:37","date_gmt":"2018-06-26T13:26:37","guid":{"rendered":"https:\/\/pont-roche.com\/?page_id=6779"},"modified":"2023-09-07T16:22:12","modified_gmt":"2023-09-07T14:22:12","slug":"politique-de-confidentialite","status":"publish","type":"page","link":"https:\/\/pont-roche.com\/de\/politique-de-confidentialite\/","title":{"rendered":"Datenschutzrichtlinie"},"content":{"rendered":"<h1>DATENSCHUTZ UND VERWENDUNG PERS\u00d6NLICHER DATEN<\/h1>\n<h3>Definition der in der Datenschutzrichtlinie verwendeten Begriffe<\/h3>\n<p>Im Folgenden beziehen wir uns auf :<\/p>\n<ul>\n<li><strong>\"Pers\u00f6nliche Daten\"\u00a0<\/strong>ist definiert als \" <em>alle Informationen, die sich auf eine nat\u00fcrliche Person beziehen, die direkt oder indirekt durch Bezugnahme auf eine Identifikationsnummer oder auf einen oder mehrere spezifische Faktoren dieser Person identifiziert wird oder identifiziert werden kann<\/em> \"In \u00dcbereinstimmung mit dem franz\u00f6sischen Datenschutzgesetz vom 6. Januar 1978.<\/li>\n<li><strong>\"Standort\"<\/strong> oder <strong>\"Service\"<\/strong> : die Website https:\/\/pont-roche.com\/ und alle ihre Seiten.<\/li>\n<li><strong>\"Editor\"<\/strong> oder <strong>\"Wir\"<\/strong> Fr\u00e9d\u00e9ric Dansert, juristische oder nat\u00fcrliche Person, die f\u00fcr die Ausgabe und den Inhalt der Website verantwortlich ist.<\/li>\n<li><strong>\"Benutzer\"\u00a0<\/strong>oder <strong>\"Sie\"<\/strong> den Internetnutzer, der die Dienste der Website besucht und nutzt.<\/li>\n<\/ul>\n<h3>Artikel 1 - Einf\u00fchrung und Rolle der Datenschutzrichtlinie<\/h3>\n<p>Die vorliegende Charta hat zum Ziel, Sie \u00fcber die Verpflichtungen der Website in Bezug auf die Achtung Ihres Privatlebens und den Schutz Ihrer pers\u00f6nlichen Daten zu informieren, die w\u00e4hrend Ihrer Nutzung des Dienstes gesammelt und verarbeitet werden.<\/p>\n<p>Es ist wichtig, dass Sie diese Datenschutzrichtlinie lesen, damit Sie wissen, warum und wie wir Ihre Daten verwenden.<\/p>\n<p>Wenn Sie sich auf der Website registrieren, erkl\u00e4ren Sie sich damit einverstanden, uns wahrheitsgem\u00e4\u00dfe Angaben zu Ihrer Person zu machen. Die Angabe falscher Informationen verst\u00f6\u00dft gegen die Nutzungsbedingungen der Website.<\/p>\n<p>Wir weisen darauf hin, dass diese Datenschutzerkl\u00e4rung jederzeit ge\u00e4ndert oder erg\u00e4nzt werden kann, insbesondere um sie an gesetzliche, regulatorische, rechtliche oder technologische Entwicklungen anzupassen. Das Datum der Aktualisierung wird, falls zutreffend, deutlich angegeben.<\/p>\n<p>Diese \u00c4nderungen sind f\u00fcr Sie verbindlich, sobald sie online gestellt werden. Wir bitten Sie daher, diese Datenschutzrichtlinie regelm\u00e4\u00dfig zu konsultieren, um \u00c4nderungen zur Kenntnis zu nehmen.<\/p>\n<p>Sie finden hier auch eine Beschreibung Ihrer Datenschutzrechte und wie das Gesetz Sie sch\u00fctzt.<\/p>\n<p>Wenn Sie Fragen zu dieser Datenschutzrichtlinie haben oder wenn Sie Ihre Rechte gem\u00e4\u00df Abschnitt 10 dieser Datenschutzrichtlinie aus\u00fcben m\u00f6chten, kontaktieren Sie uns bitte per E-Mail unter: contact@pont-roche.com oder per Post unter Le Moulin de la Roche 31120 Frenois Frankreich.<\/p>\n<h3>Artikel 2 - Auf der Website erfasste Daten<\/h3>\n<p>Die von der Website gesammelten und anschlie\u00dfend verarbeiteten Daten sind diejenigen, die Sie uns freiwillig durch Ausf\u00fcllen der verschiedenen Formulare auf der Website \u00fcbermitteln. F\u00fcr bestimmte Vorg\u00e4nge auf den Inhalten k\u00f6nnen Sie dazu veranlasst werden, Daten, die Sie betreffen, an dritte Partner \u00fcber deren eigene Dienste zu \u00fcbermitteln, insbesondere bei Zahlungen, die Sie vornehmen. Wir haben keinen Zugriff auf diese Daten, ihre Erhebung und Verarbeitung richtet sich nach den spezifischen Bedingungen dieser Parteien. Wir bitten Sie, deren Bedingungen zu konsultieren, bevor Sie Ihre Daten in diesem Zusammenhang weitergeben.<\/p>\n<p>Ihre IP-Adresse (Identifikationsnummer, die Ihrem Computer im Internet zugewiesen wird) wird automatisch erfasst. Sie werden dar\u00fcber informiert, dass der Dienst ein automatisches Tracking-Verfahren (Cookie) implementieren kann, das Sie verhindern k\u00f6nnen, indem Sie die entsprechenden Einstellungen Ihres Internetbrowsers \u00e4ndern, wie in den allgemeinen Bedingungen dieser Website erl\u00e4utert.<\/p>\n<p>Im Allgemeinen k\u00f6nnen Sie die Website https:\/\/pont-roche.com\/ besuchen, ohne pers\u00f6nliche Informationen \u00fcber sich zu \u00fcbermitteln. In jedem Fall sind Sie nicht verpflichtet, diese Informationen zu \u00fcbermitteln. Dennoch kann es sein, dass Sie im Falle einer Weigerung bestimmte Informationen oder Dienstleistungen nicht in Anspruch nehmen k\u00f6nnen.<\/p>\n<p>Wir sammeln, verwenden und teilen auch aggregierte Daten wie statistische oder demographische Daten f\u00fcr jeden Zweck. Aggregierte Daten k\u00f6nnen aus Ihren pers\u00f6nlichen Informationen abgeleitet werden, sind aber nicht gesetzlich vorgeschrieben, da sie nicht direkt Ihre Identit\u00e4t offenbaren. Zum Beispiel k\u00f6nnen wir Ihre Nutzungsdaten zusammenfassen, um den Prozentsatz der Nutzer zu berechnen, die auf eine bestimmte Funktion der Website zugreifen.<\/p>\n<p>Um bessere Inhalte und Dienste anbieten zu k\u00f6nnen, verwendet die Website https:\/\/pont-roche.com\/ den Dienst Google Analytics. Google Analytics verfolgt nicht Ihre Surfgewohnheiten auf Websites Dritter. Die Informationen, auf die Google Analytics Zugriff hat, enthalten keine personenbezogenen Daten \u00fcber Sie.<\/p>\n<p>Wir sammeln keine so genannten \"sensiblen\" Daten.<\/p>\n<p>Die Kontaktdaten der Nutzer der Website, die sich auf der Website registriert haben, werden unter Einhaltung der Bestimmungen des franz\u00f6sischen Datenschutzgesetzes vom 6. Januar 1978 gespeichert. In \u00dcbereinstimmung mit diesem Gesetz haben sie das Recht, auf die von ihnen bereitgestellten Daten zuzugreifen, sie zur\u00fcckzuziehen, zu \u00e4ndern oder zu berichtigen. Dazu m\u00fcssen sie lediglich eine Anfrage an die folgende E-Mail-Adresse senden: contact@pont-roche.com, oder per Post: Le Moulin de la Roche 21120 Frenois France.<\/p>\n<p>Die Erfassung der pers\u00f6nlichen Daten der Benutzer durch den Herausgeber erfordert keine Erkl\u00e4rung gegen\u00fcber der franz\u00f6sischen Beh\u00f6rde f\u00fcr den Schutz pers\u00f6nlicher Daten (Commission Nationale de l'Informatique et des Libert\u00e9s - CNIL).<\/p>\n<h3>Artikel 3 - Identit\u00e4t des f\u00fcr die Verarbeitung Verantwortlichen<\/h3>\n<p>Der Verantwortliche f\u00fcr die Verarbeitung ist Herr Fr\u00e9d\u00e9ric Dansert.<\/p>\n<h3>Artikel 4 - Zweck der erhobenen Daten<\/h3>\n<p>Die auf den Formularen der Website als obligatorisch gekennzeichneten Daten sind notwendig, um die entsprechenden Funktionalit\u00e4ten der Website und insbesondere die Operationen mit den darin vorgeschlagenen Inhalten nutzen zu k\u00f6nnen.<\/p>\n<p>Die Website wird wahrscheinlich die Daten ihrer Benutzer sammeln und verarbeiten:<\/p>\n<ul>\n<li>Zum Zweck der Sammlung von Informationen zur Verbesserung unserer Website, Produkte und Dienstleistungen (auch durch die Verwendung von Cookies).<\/li>\n<\/ul>\n<h3>Artikel 5 - Empf\u00e4nger und Verwendung der erhobenen Daten<\/h3>\n<p>Die von uns gesammelten Daten werden zum Zweck der Durchf\u00fchrung von Operationen an den Inhalten des Dienstes verarbeitet.<\/p>\n<p>Sie k\u00f6nnen elektronische Post (E-Mails) von unserem Service erhalten, einschlie\u00dflich Newsletter, die Sie akzeptiert haben. Sie k\u00f6nnen darum bitten, diese E-Mails nicht mehr zu erhalten, indem Sie uns unter contact@pont-roche.com kontaktieren oder auf den Link klicken, der zu diesem Zweck in jeder der Ihnen zugesandten E-Mails enthalten ist.<\/p>\n<p>Nur Fr\u00e9d\u00e9ric Dansert ist der Empf\u00e4nger Ihrer pers\u00f6nlichen Daten. Diese Informationen werden niemals an Dritte weitergegeben, auch nicht an die von Fr\u00e9d\u00e9ric Dansert eingesetzten Subunternehmer. Weder Fr\u00e9d\u00e9ric Dansert noch seine Subunternehmer vermarkten die pers\u00f6nlichen Daten der Besucher und Nutzer seiner Website.<\/p>\n<p>Ihre personenbezogenen Daten k\u00f6nnen zu den in dieser Datenschutzrichtlinie genannten Zwecken an die unten aufgef\u00fchrten Parteien weitergegeben werden.<\/p>\n<p>Wir verlangen von allen Dritten, dass sie die Sicherheit Ihrer pers\u00f6nlichen Daten gew\u00e4hrleisten und sie in \u00dcbereinstimmung mit dem Gesetz behandeln. Wir erlauben unseren Drittdienstleistern nicht, Ihre Daten zu nutzen.<\/p>\n<h3>Artikel 6 - Rechtsgrundlage f\u00fcr die Datenverarbeitung<\/h3>\n<p>In \u00dcbereinstimmung mit der General Data Protection Regulation (GDPR) verarbeitet Frederic Dansert personenbezogene Daten nur in den folgenden Situationen:<\/p>\n<ul>\n<li>mit Ihrem <strong>Zustimmung<\/strong>\u00a0;<\/li>\n<li>wo es eine\u00a0<strong>Vertragspflicht<\/strong>\u00a0(ein Vertrag zwischen Fr\u00e9d\u00e9ric Dansert und Ihnen) ;<\/li>\n<li>zur Beantwortung einer\u00a0<strong>gesetzliche Verpflichtung\u00a0<\/strong>(nach EU- oder nationalem Recht).<\/li>\n<\/ul>\n<h3>Artikel 7 - Datensicherheit<\/h3>\n<p>Sie sind dar\u00fcber informiert, dass Ihre Daten aufgrund eines Gesetzes, einer Verordnung oder einer Entscheidung einer zust\u00e4ndigen Aufsichts- oder Justizbeh\u00f6rde oder, falls erforderlich, zur Wahrung der Rechte und Interessen des Verlags offengelegt werden k\u00f6nnen.<\/p>\n<p>Wir haben angemessene Sicherheitsvorkehrungen getroffen, um zu verhindern, dass Ihre personenbezogenen Daten versehentlich verloren gehen, verwendet, ver\u00e4ndert, offengelegt oder unbefugt darauf zugegriffen wird. Dar\u00fcber hinaus unterliegt der Zugriff auf Ihre pers\u00f6nlichen Daten einem definierten und dokumentierten Sicherheitsverfahren.<\/p>\n<h3>Artikel 8 - Aufbewahrungsfrist der Daten<\/h3>\n<p>Die Daten werden beim Host der Website gespeichert, dessen Kontaktdaten im Impressum der Website angegeben sind, und werden so lange aufbewahrt, wie es unbedingt notwendig ist, um die oben genannten Zwecke zu erreichen, und d\u00fcrfen 36 Monate nicht \u00fcberschreiten. \u00dcber diesen Zeitraum hinaus werden sie ausschlie\u00dflich zu statistischen Zwecken aufbewahrt und in keiner Weise weiterverwendet.<\/p>\n<h3>Artikel 9 - Zugelassene Diensteanbieter und \u00dcbermittlung in ein Drittland der Europ\u00e4ischen Union<\/h3>\n<p>Fr\u00e9d\u00e9ric Dansert informiert Sie dar\u00fcber, dass er auf autorisierte Dienstleister zur\u00fcckgreift, um die Erfassung und Verarbeitung der von Ihnen mitgeteilten Daten zu erleichtern. Diese Dienstleister befinden sich ausschlie\u00dflich in der Europ\u00e4ischen Union.<\/p>\n<p>Fr\u00e9d\u00e9ric Dansert hat sich zuvor vergewissert, dass seine Dienstleister angemessene Garantien implementiert haben und strenge Bedingungen hinsichtlich Vertraulichkeit, Nutzung und Datenschutz einhalten. Diese Dienstleister unterliegen ebenfalls der General Data Protection Regulation (GDPR).<\/p>\n<h3>Artikel 10 - Computerrechte und -freiheiten<\/h3>\n<p>Gem\u00e4\u00df der Gesetzgebung zum Schutz personenbezogener Daten verf\u00fcgen Sie \u00fcber die im Folgenden aufgef\u00fchrten Rechte, die Sie gem\u00e4\u00df Artikel 1 dieser Datenschutzrichtlinie aus\u00fcben k\u00f6nnen, indem Sie sich schriftlich an die oben auf der Seite genannte Postanschrift (Le Moulin de la Roche 21120 Frenois Frankreich) oder per E-Mail an contact@pont-roche.com wenden:<\/p>\n<ul>\n<li>Das Recht auf Information: Wir sind verpflichtet, Sie dar\u00fcber zu informieren, wie wir Ihre personenbezogenen Daten verwenden (wie in dieser Datenschutzrichtlinie beschrieben).<\/li>\n<li>Das Recht auf Zugang: Sie haben das Recht, Zugang zu Ihren pers\u00f6nlichen Daten zu verlangen, um eine Kopie der von uns gespeicherten pers\u00f6nlichen Daten zu erhalten. Aufgrund der Verpflichtung zur Sicherheit und Vertraulichkeit bei der Verarbeitung pers\u00f6nlicher Daten, die Fr\u00e9d\u00e9ric Dansert obliegt, werden Sie jedoch dar\u00fcber informiert, dass Ihre Anfrage nur bearbeitet wird, wenn Sie einen Nachweis Ihrer Identit\u00e4t erbringen, insbesondere durch Vorlage eines Scans oder einer Fotokopie Ihres g\u00fcltigen Ausweises<\/li>\n<li>Das Recht auf Berichtigung: das Recht, uns aufzufordern, Sie betreffende personenbezogene Daten zu berichtigen, die unvollst\u00e4ndig oder unrichtig sind. Nach diesem Recht k\u00f6nnen Sie per Gesetz die Berichtigung, Aktualisierung, Sperrung oder L\u00f6schung von Daten \u00fcber Sie verlangen, die m\u00f6glicherweise ungenau, fehlerhaft, unvollst\u00e4ndig oder veraltet sind.<\/li>\n<li>Das Recht auf L\u00f6schung, auch bekannt als das \"Recht auf Vergessenwerden\": In einigen F\u00e4llen k\u00f6nnen Sie uns bitten, die personenbezogenen Daten, die wir \u00fcber Sie haben, zu l\u00f6schen (es sei denn, es gibt einen zwingenden rechtlichen Grund f\u00fcr uns, sie zu behalten).<\/li>\n<li>Das Recht, die Verarbeitung einzuschr\u00e4nken: Sie haben das Recht, uns in bestimmten F\u00e4llen zu bitten, die Verarbeitung personenbezogener Daten auszusetzen,<\/li>\n<li>Das Recht auf Datenportabilit\u00e4t: Sie haben das Recht, eine Kopie Ihrer personenbezogenen Daten in einem g\u00e4ngigen Format (z. B. eine .csv-Datei) anzufordern.<\/li>\n<li>Widerspruchsrecht: Sie haben das Recht, der Verarbeitung Ihrer personenbezogenen Daten zu widersprechen (z. B. indem Sie uns untersagen, Ihre Daten f\u00fcr Direktmarketingzwecke zu verarbeiten).<\/li>\n<\/ul>\n<p>Die Aus\u00fcbung dieses Rechts ist jedoch nur in einer der beiden folgenden Situationen m\u00f6glich: wenn die Aus\u00fcbung dieses Rechts auf legitimen Gr\u00fcnden beruht oder wenn die Aus\u00fcbung dieses Rechts darauf abzielt, die Verwendung der gesammelten Daten f\u00fcr kommerzielle Prospektionszwecke zu verhindern.<\/p>\n<p>Kontaktieren Sie uns, wenn Sie eines der oben beschriebenen Rechte aus\u00fcben m\u00f6chten, indem Sie sich schriftlich an Le Moulin de la Roche 21120 Frenois Frankreich oder per E-Mail an contact@pont-roche.com wenden.<\/p>\n<p>F\u00fcr den Zugang zu Ihren pers\u00f6nlichen Daten (oder f\u00fcr die Aus\u00fcbung anderer Rechte) werden Ihnen keine Geb\u00fchren berechnet. Wir k\u00f6nnen Ihnen jedoch eine angemessene Geb\u00fchr in Rechnung stellen, wenn Ihre Anfrage offensichtlich unbegr\u00fcndet, wiederholend oder \u00fcberm\u00e4\u00dfig ist. In diesem Fall k\u00f6nnen wir es auch ablehnen, Ihrer Bitte nachzukommen.<\/p>\n<p>Fr\u00e9d\u00e9ric Dansert hat das Recht, sich gegebenenfalls gegen Anfragen zu wehren, die aufgrund ihres systematischen oder wiederholten Charakters oder ihrer Anzahl eindeutig missbr\u00e4uchlich sind.<\/p>\n<p>Wir k\u00f6nnen Sie um bestimmte Informationen bitten, um Ihre Identit\u00e4t zu best\u00e4tigen und Ihr Recht auf Zugang zu Ihren pers\u00f6nlichen Daten (oder zur Aus\u00fcbung anderer Rechte) zu gew\u00e4hrleisten. Dies ist eine Sicherheitsma\u00dfnahme, um sicherzustellen, dass personenbezogene Daten nicht an Personen weitergegeben werden, die nicht zum Empfang berechtigt sind. Wir k\u00f6nnen uns auch mit Ihnen in Verbindung setzen, um weitere Informationen \u00fcber Ihre Anfrage zu erhalten, damit wir Ihnen eine schnellere Antwort geben k\u00f6nnen.<\/p>\n<p>Wir versuchen, alle berechtigten Anfragen innerhalb eines Monats zu beantworten. Diese einmonatige Frist kann \u00fcberschritten werden, wenn Ihre Anfrage besonders komplex ist oder wenn Sie mehrere Anfragen gestellt haben. In diesem Fall werden wir Sie benachrichtigen und auf dem Laufenden halten.<\/p>\n<h3>Artikel 11 - Beschwerde bei der Datenschutzbeh\u00f6rde<\/h3>\n<p>Wenn Sie der Meinung sind, dass Fr\u00e9d\u00e9ric Dansert seinen Verpflichtungen in Bezug auf Ihre pers\u00f6nlichen Daten nicht nachkommt, k\u00f6nnen Sie eine Beschwerde oder einen Antrag an die zust\u00e4ndige Beh\u00f6rde richten. In Frankreich ist die zust\u00e4ndige Beh\u00f6rde die CNIL, an die Sie einen Antrag auf elektronischem Wege unter folgender Adresse senden k\u00f6nnen <a href=\"https:\/\/www.cnil.fr\/fr\/plaintes\/internet\" target=\"_blank\" rel=\"noopener\">https:\/\/www.cnil.fr\/fr\/plaintes\/internet<\/a>.<\/p>\n<h3>Artikel 12 - Cookie-Richtlinie<\/h3>\n<p>Wenn Sie sich zum ersten Mal mit der Website https:\/\/pont-roche.com\/ verbinden, werden Sie durch ein Banner am unteren Rand Ihres Bildschirms gewarnt, dass Informationen \u00fcber Ihr Browsing wahrscheinlich in alphanumerischen Dateien, den so genannten \"Cookies\", gespeichert werden. Unsere Richtlinie zur Verwendung von Cookies erm\u00f6glicht es Ihnen, die Ma\u00dfnahmen, die wir in Bezug auf die Navigation auf unserer Website umsetzen, besser zu verstehen. Sie informiert Sie insbesondere \u00fcber alle auf unserer Website vorhandenen Cookies, deren Zweck und gibt Ihnen die Schritte an die Hand, die Sie zur Konfiguration dieser Cookies befolgen m\u00fcssen.<\/p>\n<h3>a) Allgemeine Informationen \u00fcber die auf der Website vorhandenen Cookies<\/h3>\n<p>Fr\u00e9d\u00e9ric Dansert als Herausgeber dieser Website kann Cookies auf der Festplatte Ihres Endger\u00e4ts (Computer, Tablet, Mobiltelefon usw.) installieren, um Ihnen ein reibungsloses und optimales Surferlebnis auf unserer Website zu gew\u00e4hrleisten.<\/p>\n<p>Cookies\" sind kleine Textdateien von begrenzter Gr\u00f6\u00dfe, die es uns erm\u00f6glichen, Ihren Computer, Ihr Tablet oder Ihr Mobiltelefon zu erkennen, um die von uns angebotenen Dienste zu personalisieren.<\/p>\n<p>Die durch Cookies gesammelten Informationen erlauben es nicht, Sie namentlich zu identifizieren. Sie werden ausschlie\u00dflich f\u00fcr unseren eigenen Bedarf genutzt, um die Interaktivit\u00e4t und Performance unserer Website zu verbessern und Ihnen auf Ihre Interessen abgestimmte Inhalte zu senden. Keine dieser Informationen wird an Dritte weitergegeben, es sei denn, Fr\u00e9d\u00e9ric Dansert hat Ihr vorheriges Einverst\u00e4ndnis eingeholt oder die Weitergabe dieser Informationen ist gesetzlich vorgeschrieben oder wird von einem Gericht oder einer anderen zur Kenntnisnahme befugten Verwaltungs- oder Justizbeh\u00f6rde angeordnet.<\/p>\n<p>Um Ihnen zu helfen, die Informationen, die Cookies identifizieren, zu verstehen, finden Sie eine Tabelle, in der die verschiedenen Arten von Cookies, die auf der Website von Fr\u00e9d\u00e9ric Dansert verwendet werden k\u00f6nnen, ihr Name, ihr Zweck und die Dauer ihrer Speicherung auf https:\/\/pont-roche.com\/politique-cookies\/ aufgef\u00fchrt sind.<\/p>\n<h3>b) Einstellen Ihrer Cookie-Einstellungen<\/h3>\n<p>Sie k\u00f6nnen das Setzen von Cookies jederzeit akzeptieren oder ablehnen.<\/p>\n<p>Wenn Sie sich zum ersten Mal mit der Website https:\/\/pont-roche.com\/ verbinden, erscheint am unteren Rand Ihres Bildschirms ein Banner, das kurz \u00fcber die Hinterlegung von Cookies und \u00e4hnlichen Technologien informiert. Dieses Banner weist Sie darauf hin, dass Sie durch die Fortsetzung Ihres Surfens auf der Website von Fr\u00e9d\u00e9ric Dansert (z.B. durch das Laden einer neuen Seite oder das Anklicken verschiedener Elemente der Website) die Hinterlegung von Cookies auf Ihrem Endger\u00e4t akzeptieren.<\/p>\n<p>Je nach Art des jeweiligen Cookies kann Ihre Zustimmung zum Hinterlegen und Auslesen von Cookies auf Ihrem Endger\u00e4t erforderlich sein.<\/p>\n<h3>c) Von der Einwilligung ausgenommene Cookies<\/h3>\n<p>Gem\u00e4\u00df den Empfehlungen der Commission Nationale de l'Informatique et des Libert\u00e9s (CNIL) sind bestimmte Cookies von der vorherigen Einholung Ihrer Zustimmung ausgenommen, sofern sie f\u00fcr den Betrieb der Website unbedingt erforderlich sind oder den alleinigen Zweck haben, die Kommunikation mit elektronischen Mitteln zu erm\u00f6glichen oder zu erleichtern. Dazu geh\u00f6ren Sitzungskennungs-Cookies, Authentifizierungs-Cookies, Lastausgleichs-Sitzungs-Cookies und Cookies f\u00fcr die Anpassung Ihrer Benutzeroberfl\u00e4che. Diese Cookies unterliegen in vollem Umfang dieser Richtlinie, insofern sie von Fr\u00e9d\u00e9ric Dansert ausgegeben und verwaltet werden.<\/p>\n<h3>d) Cookies, die Ihre vorherige Zustimmung erfordern<\/h3>\n<p>Diese Anforderung betrifft Cookies, die von Dritten ausgegeben werden und die als \"persistent\" qualifiziert werden, da sie auf Ihrem Endger\u00e4t verbleiben, bis sie gel\u00f6scht werden oder ablaufen.<\/p>\n<p>Da solche Cookies von Dritten ausgegeben werden, unterliegen ihre Verwendung und Speicherung deren eigenen Vertraulichkeitsrichtlinien, einen Link dazu finden Sie unten. Zu dieser Familie von Cookies geh\u00f6ren Cookies zur Zielgruppenmessung, Werbe-Cookies, die von Fr\u00e9d\u00e9ric Dansert nicht verwendet werden, und Cookies zur gemeinsamen Nutzung sozialer Netzwerke (Facebook, YouTube, Twitter, LinkedIn usw.). Cookies zum Teilen von sozialen Netzwerken werden vom Herausgeber des jeweiligen sozialen Netzwerks ausgegeben und verwaltet. Vorbehaltlich Ihrer Zustimmung erm\u00f6glichen Ihnen diese Cookies, einige der auf der Website ver\u00f6ffentlichten Inhalte auf einfache Weise zu teilen, insbesondere \u00fcber eine \"Schaltfl\u00e4che\" der Sharing-Anwendung, je nach dem betreffenden sozialen Netzwerk.<\/p>\n<p>Die Audience-Measurement-Cookies erstellen Statistiken \u00fcber die Frequentierung und die Nutzung verschiedener Elemente der Website (z.B. die Inhalte \/ Seiten, die Sie besucht haben). Diese Daten helfen, die Ergonomie der Seite zu verbessern. Auf der Website https:\/\/pont-roche.com\/ wird ein Tool zur Publikumsmessung (Google Analytics) verwendet, dessen Vertraulichkeitserkl\u00e4rung in franz\u00f6sischer Sprache unter der folgenden Internetadresse verf\u00fcgbar ist: https:\/\/www.google.com\/analytics\/learn\/privacy.html<\/p>\n<h3>e) Werkzeuge zum Setzen von Cookies<\/h3>\n<p>Die meisten Internetbrowser sind standardm\u00e4\u00dfig so konfiguriert, dass die Hinterlegung von Cookies erlaubt ist. Ihr Browser bietet Ihnen die M\u00f6glichkeit, diese Standardeinstellungen so zu \u00e4ndern, dass alle Cookies systematisch abgelehnt werden oder dass nur ein Teil der Cookies in Abh\u00e4ngigkeit von ihrem Absender akzeptiert oder abgelehnt wird.<\/p>\n<p>ACHTUNG: Wir machen Sie darauf aufmerksam, dass die Verweigerung der Annahme von Cookies auf Ihrem Endger\u00e4t dennoch Ihre Benutzererfahrung und Ihren Zugang zu bestimmten Diensten oder Funktionen auf dieser Website ver\u00e4ndern kann. Fr\u00e9d\u00e9ric Dansert lehnt jede Verantwortung f\u00fcr eventuelle Folgen ab, die mit der Verschlechterung Ihrer Surfbedingungen zusammenh\u00e4ngen, die sich aus Ihrer Entscheidung ergeben, die f\u00fcr den Betrieb der Website notwendigen Cookies abzulehnen, zu l\u00f6schen oder zu blockieren. Diese Folgen stellen keinen Schaden dar, und Sie haben keinen Anspruch auf Schadenersatz daraus.<\/p>\n<p>Ihr Browser erm\u00f6glicht es Ihnen auch, bestehende Cookies auf Ihrem Endger\u00e4t zu l\u00f6schen oder Sie zu benachrichtigen, wenn neue Cookies auf Ihrem Endger\u00e4t platziert werden sollen. Diese Einstellungen haben keinen Einfluss auf Ihr Browsing-Erlebnis, aber Sie verlieren alle Vorteile, die das Cookie bietet.<\/p>\n<p>Bitte beachten Sie die verschiedenen Tools, die Ihnen unten zur Verf\u00fcgung stehen, um die Parameter der auf Ihrem Endger\u00e4t platzierten Cookies einzustellen.<\/p>\n<h3>f) Einrichten des Internet-Browsers<\/h3>\n<p>Jeder Internet-Browser hat seine eigenen Einstellungen zur Verwaltung von Cookies. Um herauszufinden, wie Sie Ihre Cookie-Einstellungen \u00e4ndern k\u00f6nnen, finden Sie unten Links zur Hilfe, die Sie f\u00fcr den Zugriff auf das Cookie-Men\u00fc Ihres Browsers ben\u00f6tigen.<\/p>\n<p>Google Chrome : <a href=\"https:\/\/support.google.com\/chrome\/answer\/95647?hl=fr\" target=\"_blank\" rel=\"noopener\">https:\/\/support.google.com\/chrome\/answer\/95647?hl=fr<\/a><br \/>\nInternet Explorer : <a href=\"https:\/\/support.microsoft.com\/fr-fr\/help\/17442\/windows-internet-explorer-delete-manage-cookies#ie=ie-11\" target=\"_blank\" rel=\"noopener\">https:\/\/support.microsoft.com\/fr-fr\/help\/17442\/windows-internet-explorer-delete-manage-cookies#ie=ie-11<\/a><br \/>\nMozilla Firefox : <a href=\"https:\/\/support.mozilla.org\/fr\/kb\/activer-desactiver-cookies\" target=\"_blank\" rel=\"noopener\">https:\/\/support.mozilla.org\/fr\/kb\/activer-desactiver-cookies<\/a><br \/>\nOper : <a href=\"http:\/\/help.opera.com\/Windows\/10.20\/fr\/cookies.html\" target=\"_blank\" rel=\"noopener\">http:\/\/help.opera.com\/Windows\/10.20\/fr\/cookies.html<\/a><br \/>\nSafari : <a href=\"https:\/\/support.apple.com\/fr-fr\/guide\/safari\/sfri11471\/mac\" target=\"_blank\" rel=\"noopener\">https:\/\/support.apple.com\/fr-fr\/guide\/safari\/sfri11471\/mac<\/a><\/p>\n<p>Weitere Informationen zu den Tools zur Kontrolle von Cookies finden Sie auf der Website der CNIL: <a href=\"https:\/\/www.cnil.fr\/fr\/cookies-les-outils-pour-les-maitriser\" target=\"_blank\" rel=\"noopener\">https:\/\/www.cnil.fr\/fr\/cookies-les-outils-pour-les-maitriser<\/a>.<\/p>\n<p>Wenn Sie Fragen haben oder weitere Informationen zu dieser Cookie-Richtlinie ben\u00f6tigen, kontaktieren Sie uns bitte.<\/p>\n<h3>g) Liste der Cookies<\/h3>\n<p>Die detaillierte Liste der auf der Website https:\/\/pont-roche.com\/ verwendeten Cookies finden Sie unter folgender Adresse <a href=\"https:\/\/pont-roche.com\/de\/politique-cookies\/\">https:\/\/pont-roche.com\/politique-cookies\/<\/a>.<\/p>\n<p>Alle Rechte vorbehalten - 2. Juli 2018<\/p>","protected":false},"excerpt":{"rendered":"<p>POLITIK ZUM DATENSCHUTZ UND ZUR NUTZUNG PERSONENBEZOGENER DATEN Definition der in der Datenschutzrichtlinie verwendeten Begriffe Folgende Begriffe werden verwendet: \"Personenbezogene Daten\" sind definiert als \"alle Informationen, die sich auf eine nat\u00fcrliche Person beziehen, die direkt oder indirekt durch Bezugnahme auf eine Identifikationsnummer oder auf...<\/p>","protected":false},"author":1,"featured_media":0,"parent":0,"menu_order":0,"comment_status":"closed","ping_status":"closed","template":"","meta":{"_kad_post_transparent":"","_kad_post_title":"","_kad_post_layout":"","_kad_post_sidebar_id":"","_kad_post_content_style":"","_kad_post_vertical_padding":"","_kad_post_feature":"","_kad_post_feature_position":"","_kad_post_header":false,"_kad_post_footer":false,"_kad_post_classname":"","footnotes":""},"class_list":["post-6779","page","type-page","status-publish","hentry"],"_links":{"self":[{"href":"https:\/\/pont-roche.com\/de\/wp-json\/wp\/v2\/pages\/6779","targetHints":{"allow":["GET"]}}],"collection":[{"href":"https:\/\/pont-roche.com\/de\/wp-json\/wp\/v2\/pages"}],"about":[{"href":"https:\/\/pont-roche.com\/de\/wp-json\/wp\/v2\/types\/page"}],"author":[{"embeddable":true,"href":"https:\/\/pont-roche.com\/de\/wp-json\/wp\/v2\/users\/1"}],"replies":[{"embeddable":true,"href":"https:\/\/pont-roche.com\/de\/wp-json\/wp\/v2\/comments?post=6779"}],"version-history":[{"count":0,"href":"https:\/\/pont-roche.com\/de\/wp-json\/wp\/v2\/pages\/6779\/revisions"}],"wp:attachment":[{"href":"https:\/\/pont-roche.com\/de\/wp-json\/wp\/v2\/media?parent=6779"}],"curies":[{"name":"wp","href":"https:\/\/api.w.org\/{rel}","templated":true}]}}