{"id":6789,"date":"2018-07-02T22:24:09","date_gmt":"2018-07-02T20:24:09","guid":{"rendered":"https:\/\/pont-roche.com\/?page_id=6789"},"modified":"2024-07-10T18:47:51","modified_gmt":"2024-07-10T16:47:51","slug":"mentions-legales","status":"publish","type":"page","link":"https:\/\/pont-roche.com\/de\/mentions-legales\/","title":{"rendered":"Rechtlicher Hinweis"},"content":{"rendered":"<h1>RECHTLICHE HINWEISE<\/h1>\n<h3>Identifikation des Herausgebers und des Hosts der Site<\/h3>\n<p>Die Website https:\/\/pont-roche.com\/ wird von Fr\u00e9d\u00e9ric Dansert (Einzelperson) herausgegeben, dessen Firmensitz sich in Le Moulin de la Roche, 21120 Frenois befindet.<\/p>\n<p>Leiter der Ver\u00f6ffentlichung: Fr\u00e9d\u00e9ric Dansert, Direktor von Fr\u00e9d\u00e9ric Dansert Particulier, erreichbar unter 06 23 02 39 81 oder unter contact@pont-roche.com.<\/p>\n<p>Eingetragen im Handelsregister von DIJON: RCS 343 590 965.<\/p>\n<p><a href=\"https:\/\/www.brockwayproduction.fr\/\" target=\"_blank\" rel=\"noopener\">Webmaster - Brockway Produktion<\/a><\/p>\n<p>Die Website wird von der Hetzner Online GmbH in der Industriestr. 25 91710 Gunzenhausen Germany gehostet. Informationen \u00fcber die Erhebung und Verarbeitung personenbezogener Daten (Richtlinien und Erkl\u00e4rung) finden Sie in der Datenschutzrichtlinie der Website.<\/p>","protected":false},"excerpt":{"rendered":"<p>RECHTLICHE INFORMATIONEN Identifizierung des Herausgebers und des Hosts der Website Die Website https:\/\/pont-roche.com\/ wird von Fr\u00e9d\u00e9ric Dansert (Particulier) herausgegeben, dessen Sitz sich in Le Moulin de la Roche, 21120 Frenois befindet. Direktor der Ver\u00f6ffentlichung: Fr\u00e9d\u00e9ric Dansert, Direktor von Fr\u00e9d\u00e9ric Dansert Particulier, erreichbar unter 06 23 02 39 81 oder unter der Adresse...<\/p>","protected":false},"author":1,"featured_media":0,"parent":0,"menu_order":0,"comment_status":"closed","ping_status":"closed","template":"","meta":{"_kad_post_transparent":"","_kad_post_title":"","_kad_post_layout":"","_kad_post_sidebar_id":"","_kad_post_content_style":"","_kad_post_vertical_padding":"","_kad_post_feature":"","_kad_post_feature_position":"","_kad_post_header":false,"_kad_post_footer":false,"_kad_post_classname":"","footnotes":""},"class_list":["post-6789","page","type-page","status-publish","hentry"],"_links":{"self":[{"href":"https:\/\/pont-roche.com\/de\/wp-json\/wp\/v2\/pages\/6789","targetHints":{"allow":["GET"]}}],"collection":[{"href":"https:\/\/pont-roche.com\/de\/wp-json\/wp\/v2\/pages"}],"about":[{"href":"https:\/\/pont-roche.com\/de\/wp-json\/wp\/v2\/types\/page"}],"author":[{"embeddable":true,"href":"https:\/\/pont-roche.com\/de\/wp-json\/wp\/v2\/users\/1"}],"replies":[{"embeddable":true,"href":"https:\/\/pont-roche.com\/de\/wp-json\/wp\/v2\/comments?post=6789"}],"version-history":[{"count":0,"href":"https:\/\/pont-roche.com\/de\/wp-json\/wp\/v2\/pages\/6789\/revisions"}],"wp:attachment":[{"href":"https:\/\/pont-roche.com\/de\/wp-json\/wp\/v2\/media?parent=6789"}],"curies":[{"name":"wp","href":"https:\/\/api.w.org\/{rel}","templated":true}]}}