{"id":6795,"date":"2018-07-03T10:28:04","date_gmt":"2018-07-03T08:28:04","guid":{"rendered":"https:\/\/pont-roche.com\/?page_id=6795"},"modified":"2024-08-28T15:00:10","modified_gmt":"2024-08-28T13:00:10","slug":"conditions-generales-utilisation","status":"publish","type":"page","link":"https:\/\/pont-roche.com\/de\/conditions-generales-utilisation\/","title":{"rendered":"Bedingungen und Konditionen"},"content":{"rendered":"<h1>ALLGEMEINE VERKAUFS- UND NUTZUNGSBEDINGUNGEN<\/h1>\n<h3>Artikel 1 - Definitionen<\/h3>\n<p>Wir bezeichnen dies als:<\/p>\n<p>- Site\" oder \"Dienst\": die Site https:\/\/pont-roche.com\/ und alle ihre Seiten.<br \/>\n- Dienstleistungen\": alle Dienstleistungen und Unterkunftsleistungen, die auf der Website gebucht werden k\u00f6nnen.<br \/>\n- Herausgeber\" oder \"Eigent\u00fcmer\": Die Person, moralisch oder physisch, die Eigent\u00fcmer der vorgeschlagenen Unterk\u00fcnfte ist und f\u00fcr die Ausgabe und den Inhalt der Seite verantwortlich ist.<br \/>\n- Benutzer\": Der Internetnutzer, der die Website besucht und nutzt.<br \/>\n- Kunde\": Der Internetnutzer, der eine Reservierung auf der Website vornimmt.<\/p>\n<h3>Artikel 2 - Vom Gesetz \u00fcber das Vertrauen in die digitale Wirtschaft geforderte Informationen und Zweck der Website<\/h3>\n<p>Die vorliegende Website wird von Frederic Dansert Auto Entreprise herausgegeben. Die rechtlichen Informationen bez\u00fcglich des Hosts und des Herausgebers der Website, insbesondere die Koordinaten und die m\u00f6glichen Informationen des Kapitals und der Registrierung, werden in den rechtlichen Erw\u00e4hnungen der vorliegenden Website zur Verf\u00fcgung gestellt.Die Informationen bez\u00fcglich der Sammlung und der Behandlung der pers\u00f6nlichen Daten (Politik und Erkl\u00e4rung) werden in der Charta der pers\u00f6nlichen Daten der Website zur Verf\u00fcgung gestellt.Die Website ist f\u00fcr alle Internetnutzer frei zug\u00e4nglich und erm\u00f6glicht es ihnen, die Unterkunftsangebote zu konsultieren und die Reservierung einer oder mehrerer Unterk\u00fcnfte anzufordern. Die Reservierung einer Unterkunft oder, allgemeiner, das Durchsuchen der Website setzt die Annahme der Gesamtheit der vorliegenden allgemeinen Bedingungen durch den Internetnutzer voraus, von denen der Nutzer best\u00e4tigt, sie vollst\u00e4ndig verstanden zu haben. Diese Akzeptanz kann f\u00fcr den Internetnutzer zum Beispiel darin bestehen, das K\u00e4stchen anzukreuzen, das dem Satz der Akzeptanz dieser allgemeinen Bedingungen entspricht und zum Beispiel den Vermerk \"Ich best\u00e4tige, dass ich alle allgemeinen Bedingungen der Website gelesen und akzeptiert habe. \". Das Ankreuzen dieses K\u00e4stchens wird einer handschriftlichen Unterschrift des Internetnutzers gleichgestellt. Die Annahme dieser allgemeinen Bedingungen setzt voraus, dass der Nutzer rechtsf\u00e4hig ist. Wenn der Benutzer minderj\u00e4hrig oder nicht gesch\u00e4ftsf\u00e4hig ist, erkl\u00e4rt er, dass er die Erlaubnis eines Vormunds, Kurators oder gesetzlichen Vertreters hat.Der Internet-Benutzer erkennt die Beweiskraft der automatischen Aufzeichnungssysteme des Herausgebers der vorliegenden Website an und verzichtet, sofern er nicht das Gegenteil beweisen kann, auf das Recht, sie im Streitfall anzufechten.<\/p>\n<p>Der Verlag stellt dem Kunden auf seiner Website eine Datenschutzerkl\u00e4rung zur Verf\u00fcgung, in der alle Informationen \u00fcber die Verwendung der vom Verlag gesammelten personenbezogenen Daten des Kunden und \u00fcber die Rechte des Kunden in Bezug auf diese personenbezogenen Daten aufgef\u00fchrt sind. Die Datenschutzrichtlinie ist Bestandteil der CGUV. Die Akzeptanz der vorliegenden CGUV setzt die Akzeptanz des Datengeheimnisses voraus.<\/p>\n<h3>Artikel 3 - Merkmale der angebotenen Unterkunftsdienste<\/h3>\n<p>Die angebotenen Dienstleistungen und Unterk\u00fcnfte sind diejenigen, die auf den Seiten der Website aufgef\u00fchrt sind. Die Unterkunft wird im Rahmen der verf\u00fcgbaren Pl\u00e4tze angeboten. Jede Unterkunft ist auf der Website mit einer vom Eigent\u00fcmer erstellten Beschreibung versehen. Die Fotos der angebotenen Unterkunft geben ein getreues Bild der Unterkunft wieder, sind aber insofern nicht vertragsgem\u00e4\u00df, als sie keine perfekte \u00dcbereinstimmung mit der Realit\u00e4t gew\u00e4hrleisten k\u00f6nnen. Der Kundendienst dieser Website ist per E-Mail unter der Adresse contact@pont-roche.fr oder per Post unter der im Impressum angegebenen Adresse erreichbar, wobei sich der Eigent\u00fcmer verpflichtet, innerhalb von 7 Tagen eine Antwort zu geben. Frederic Dansert stellt den Nutzern der Website und seinen Kunden auch einen telefonischen Kundendienst zur Verf\u00fcgung, um ihre Fragen zu beantworten. Die Hotline ist telefonisch unter 06 23 02 39 81 erreichbar (Preis f\u00fcr ein Ortsgespr\u00e4ch).<\/p>\n<h3>Artikel 4 - Preise<\/h3>\n<p>Die Preise der Unterk\u00fcnfte, die auf der Website angegeben sind, sind in Euro, netto zu zahlen (ohne Mehrwertsteuer, gem\u00e4\u00df Artikel 293 B des CGI), ohne jegliche Kurtaxe.<\/p>\n<p>Frederic Dansert beh\u00e4lt sich das Recht vor, jede \u00c4nderung des Mehrwertsteuersatzes auf den Preis der Unterkunft umzulegen. Der Eigent\u00fcmer beh\u00e4lt sich au\u00dferdem das Recht vor, seine Preise jederzeit zu \u00e4ndern. Nichtsdestotrotz ist der Preis, der am Tag der Bestellung auf der Website erscheint, der einzige, der f\u00fcr den K\u00e4ufer gilt.<\/p>\n<p>Kunden, die eine Unterkunft buchen, m\u00fcssen eine Kurtaxe zahlen, die durch Beschluss des Gemeinderats f\u00fcr die gebuchte Unterkunft festgelegt wird, wenn sie nicht in der Gemeinde wohnen und keinen Wohnsitz besitzen, f\u00fcr den sie eine Kurtaxe zahlen m\u00fcssten. Diese Kurtaxe kann, wenn sie nicht explizit auf den Preis der Unterkunft aufgeschlagen und bei der Buchung bezahlt wurde, am Ende des Aufenthaltes erhoben und verlangt werden. In jedem Fall wird sie dem Kunden, falls zutreffend, auf der Rechnung, die ihm ausgeh\u00e4ndigt wird, detailliert mitgeteilt.<\/p>\n<h3>Artikel 5 - Dauer des Aufenthaltes<\/h3>\n<p>Der Kunde, der diesen f\u00fcr einen bestimmten Zeitraum abgeschlossenen Vertrag unterschreibt, kann unter keinen Umst\u00e4nden ein Recht auf den Verbleib in den R\u00e4umlichkeiten nach Beendigung seines Aufenthalts beanspruchen.<\/p>\n<h3>Artikel 6 - Befreiung von der Haftung des Herausgebers im Zusammenhang mit der Ausf\u00fchrung dieses Vertrags<\/h3>\n<p>Im Falle der Unm\u00f6glichkeit des Zugriffs auf die Website, aufgrund von technischen Problemen oder jeglicher Art, kann der Benutzer keine Sch\u00e4den oder Entsch\u00e4digungen geltend machen. Die Nichtverf\u00fcgbarkeit, auch \u00fcber einen l\u00e4ngeren Zeitraum und ohne zeitliche Begrenzung, einer oder mehrerer Dienstleistungen, die von der Website angeboten werden, kann keinen Nachteil f\u00fcr die Internetnutzer darstellen und kann in keiner Weise zur Gew\u00e4hrung von Schadenersatz seitens des Herausgebers der Website f\u00fchren. Die Fotos der Unterk\u00fcnfte und Dienstleistungen, die auf der Website pr\u00e4sentiert werden, sind nicht vertraglich bindend, und der Herausgeber dieser Website kann nicht daf\u00fcr verantwortlich gemacht werden, wenn die Eigenschaften der Unterkunft von den Visualisierungen auf der Website abweichen oder wenn letztere falsch oder unvollst\u00e4ndig sind. Die auf der vorliegenden Website vorhandenen Hypertext-Links k\u00f6nnen auf andere Internet-Sites verweisen, und die Verantwortung des Herausgebers der vorliegenden Website kann nicht \u00fcbernommen werden, wenn der Inhalt dieser Sites gegen die geltende Gesetzgebung verst\u00f6\u00dft. Ebenso kann die Verantwortung des Herausgebers dieser Seite nicht in Anspruch genommen werden, wenn der Besuch einer dieser Seiten durch den Internetnutzer einen Schaden verursachen w\u00fcrde.<\/p>\n<h3>Artikel 7 - Rechte an geistigem Eigentum in Bezug auf die auf dieser Website ver\u00f6ffentlichten Elemente<\/h3>\n<p>Alle Elemente der vorliegenden Website geh\u00f6ren dem Herausgeber oder einem Dritten, oder werden vom Herausgeber auf der Website mit der Erlaubnis ihres Besitzers verwendet. Jegliche Kopie der Logos, Text-, Bild- oder Videoinhalte, ohne dass diese Aufz\u00e4hlung einschr\u00e4nkend ist, ist rigoros verboten und kommt einer F\u00e4lschung gleich.<\/p>\n<h3>Artikel 8 - Markierungen<\/h3>\n<p>Die auf der Website enthaltenen Marken und Logos sind von Frederic Dansert oder m\u00f6glicherweise von einem seiner Partner eingetragen. Jede Person, die ihre Darstellungen, Vervielf\u00e4ltigungen, Imbrikationen, Verbreitungen und Wiederholungen vornimmt, zieht die in den Artikeln L.713-2 und folgende des Gesetzbuchs des geistigen Eigentums vorgesehenen Sanktionen nach sich.<\/p>\n<h3>Artikel 9 - Haftungsbeschr\u00e4nkung<\/h3>\n<p>Der Site-Editor, insbesondere im Prozess der Online-Buchung, ist nur durch eine Verpflichtung der Mittel gebunden; seine Verantwortung kann nicht haftbar gemacht werden f\u00fcr Sch\u00e4den, die aus der Nutzung des Internets wie Datenverlust, Eindringen, Viren, Unterbrechung des Dienstes, oder andere. Der Herausgeber der Website, Frederic Dansert, kann nicht f\u00fcr die Nichterf\u00fcllung des Vertrages aufgrund des Auftretens eines Ereignisses h\u00f6herer Gewalt verantwortlich gemacht werden. Der Nutzer erkennt ausdr\u00fccklich an, dass er die Website auf eigenes Risiko und unter seiner alleinigen Verantwortung nutzt. Die Website bietet dem Benutzer Informationen als Hinweis, mit Unvollkommenheiten, Fehler, Auslassungen, Ungenauigkeiten und andere Ambivalenzen, die existieren k\u00f6nnen. In jedem Fall kann Frederic Dansert nicht verantwortlich gemacht werden f\u00fcr :- alle direkten oder indirekten Sch\u00e4den, einschlie\u00dflich entgangenem Gewinn, Verdienstausfall, Verlust von Kunden, Daten, die sich unter anderem aus der Nutzung der Website ergeben k\u00f6nnen, oder im Gegenteil die Unm\u00f6glichkeit ihrer Nutzung;- eine Fehlfunktion, Nichtverf\u00fcgbarkeit des Zugangs, Missbrauch, schlechte Konfiguration des Computers des Benutzers oder die Verwendung eines Browsers wenig vom Benutzer verwendet;- der Inhalt der Werbung und andere Links oder externe Quellen, die vom Benutzer von der Website zug\u00e4nglich sind.<\/p>\n<h3>Artikel 10 - Zugang zum Gel\u00e4nde<\/h3>\n<p>Die Verantwortung des Herausgebers der Website kann nicht wegen einer technischen Nichtverf\u00fcgbarkeit der Verbindung in Anspruch genommen werden, sei es insbesondere aufgrund eines Falles von h\u00f6herer Gewalt, einer Wartung, eines Updates, einer \u00c4nderung der Website, eines Eingriffs des Hosts, eines internen oder externen Streiks, eines Netzwerkausfalls, eines Stromausfalls oder einer schlechten Konfiguration oder Verwendung des Computers des Benutzers.<\/p>\n<h3>Artikel 11 - Anwendbares Recht und Mediation<\/h3>\n<p>Die vorliegenden allgemeinen Bedingungen unterliegen der Anwendung des franz\u00f6sischen Rechts. Sie k\u00f6nnen jederzeit durch den Herausgeber der Website oder seinen Vertreter ge\u00e4ndert werden. Die allgemeinen Bedingungen, die f\u00fcr den Benutzer gelten, sind diejenigen, die am Tag seiner Reservierung oder seiner Verbindung mit der vorliegenden Website in Kraft sind. Der Verlag verpflichtet sich, alle seine fr\u00fcheren Allgemeinen Gesch\u00e4ftsbedingungen aufzubewahren und jedem Benutzer, der sie anfordert, zuzusenden. Mit Ausnahme der Bestimmungen zur \u00f6ffentlichen Ordnung k\u00f6nnen alle Streitigkeiten, die im Rahmen der Ausf\u00fchrung der vorliegenden allgemeinen Bedingungen entstehen k\u00f6nnten, vor jeder gerichtlichen Klage der Einsch\u00e4tzung des Herausgebers der Website im Hinblick auf eine g\u00fctliche Einigung unterworfen werden. Es wird ausdr\u00fccklich darauf hingewiesen, dass Antr\u00e4ge auf g\u00fctliche Einigung die f\u00fcr die Klageerhebung offenen Fristen nicht hemmen. F\u00fcr alle Rechtsstreitigkeiten im Zusammenhang mit der Durchf\u00fchrung dieses Vertrages sind die Gerichte des jeweiligen Gerichtsstandes zust\u00e4ndig, sofern nicht die \u00f6ffentliche Ordnung etwas anderes vorsieht.<br \/>\nVerbrauchermediation: Gem\u00e4\u00df Artikel L.612-1 des Verbraucherschutzgesetzes wird darauf hingewiesen, dass \"jeder Verbraucher das Recht hat, sich kostenlos an einen Verbrauchermediator zu wenden, um seine Streitigkeiten mit einem Gewerbetreibenden g\u00fctlich beizulegen. Zu diesem Zweck garantiert der Gewerbetreibende dem Verbraucher die wirksame Inanspruchnahme einer Verbraucherschlichtungsstelle\". In diesem Zusammenhang bietet Frederic Dansert Auto Entreprise seinen Privatkunden im Rahmen von Streitigkeiten, die nicht g\u00fctlich beigelegt werden konnten, die Vermittlung des MEDIATEUR DE LA CONSOMMATION AGREE - Soci\u00e9t\u00e9 M\u00e9diation Professionnelle an, dessen Kontaktdaten wie folgt lauten:<\/p>\n<ul>\n<li>Name des Mediators: Soci\u00e9t\u00e9 M\u00e9diation Professionnelle<\/li>\n<li>Adresse: 24 rue Albert de Mun, 33 000 Bordeaux<\/li>\n<li>Website: https:\/\/www.mediateur-consommation-smp.fr\/<\/li>\n<li>E-Mail-Adresse: saisine@www.mediateur-consommation-smp.fr<\/li>\n<\/ul>\n<p>Es wird daran erinnert, dass die Mediation nicht verpflichtend ist, sondern nur vorgeschlagen wird, um Streitigkeiten unter Vermeidung der Inanspruchnahme der Gerichte beizulegen.<\/p>\n<p>Der Verbraucher wird dar\u00fcber informiert, dass er das Recht hat, sich in die Oppositionsliste gegen Telefonwerbung einzutragen, wenn er nicht Gegenstand von Telefonwerbung werden m\u00f6chte. Zu diesem Zweck kann sich der Verbraucher auf der Website https:\/\/www.bloctel.gouv.fr\/ oder per Post an die folgende Adresse eintragen lassen: Worldline - Service Bloctel - CS 61311 - 41013 Blois Cedex.<\/p>\n<h3>Artikel 12 - Verwendung von Cookies<\/h3>\n<p>Ein \"Cookie\" erm\u00f6glicht die Identifizierung des Benutzers einer Website, die Personalisierung seiner Konsultation der Website und die Beschleunigung der Anzeige der Website dank der Aufzeichnung einer Datendatei auf seinem Computer. Die Website verwendet \"Cookies\" wahrscheinlich haupts\u00e4chlich, um 1) Navigationsstatistiken zu erhalten, um die Erfahrung des Benutzers zu verbessern, und 2) den Zugang zu Inhalten zu erm\u00f6glichen, die ohne Erinnerung an die Handlungen des Benutzers nicht zug\u00e4nglich sind (insbesondere im Reservierungsprozess). Der Benutzer best\u00e4tigt, dass er von dieser Praxis Kenntnis hat und erm\u00e4chtigt den Redakteur der Website, sie zu verwenden. Der Herausgeber verpflichtet sich, den Inhalt dieser \"Cookies\" niemals an Dritte weiterzugeben, es sei denn, es besteht eine gesetzliche Verpflichtung dazu. Der Benutzer kann die Registrierung von \"Cookies\" ablehnen oder seinen Browser so konfigurieren, dass er vor der Annahme von \"Cookies\" gewarnt wird. Dazu muss der Benutzer die Parameter seines Browsers einstellen:<br \/>\n- F\u00fcr Internet Explorer: http:\/\/windows.microsoft.com\/fr-FR\/windows-vista\/Block-or-allow-cookies<br \/>\n- F\u00fcr Safari: https:\/\/support.apple.com\/fr-fr\/ht1677<br \/>\n- F\u00fcr Google Chrome: https:\/\/support.google.com\/chrome\/answer\/95647?hl=fr&amp;hlrm=en&amp;safe=on<br \/>\n- F\u00fcr Firefox: https:\/\/support.mozilla.org\/fr\/kb\/activer-desactiver-cookies<br \/>\n- F\u00fcr Opera: http:\/\/help.opera.com\/Windows\/10.20\/fr\/cookies.html<\/p>\n<h3>Artikel 13 - Buchungsvorgang und Abschluss des Buchungsvertrags<\/h3>\n<p>Im Folgenden definieren wir als \"Korb\" das immaterielle Objekt, das alle vom Benutzer der Website im Hinblick auf eine Reservierung ausgew\u00e4hlten Dienste zusammenfasst. Sobald der Benutzer der Meinung ist, dass er alle Dienstleistungen, die er buchen m\u00f6chte, ausgew\u00e4hlt und in seinen Warenkorb gelegt hat, kann er seine Buchung best\u00e4tigen. Er wird dann auf eine \u00dcbersichtsseite weitergeleitet, auf der er \u00fcber die Anzahl und Eigenschaften der gebuchten N\u00e4chte sowie deren Einzelpreis informiert wird. Wenn er seine Bestellung validieren m\u00f6chte, muss der Internetnutzer das K\u00e4stchen zur Ratifizierung der vorliegenden allgemeinen Bedingungen ankreuzen und auf die Schaltfl\u00e4che zur Validierung klicken. Der Internetbenutzer wird dann auf eine Seite weitergeleitet, auf der er die Felder des Reservierungsformulars ausf\u00fcllen muss. Im letzteren Fall muss er eine bestimmte Anzahl von ihn betreffenden pers\u00f6nlichen Daten ausf\u00fcllen, die f\u00fcr die ordnungsgem\u00e4\u00dfe Bearbeitung der Reservierung notwendig sind. Der Benutzer kann dann die Buchung mit der Website best\u00e4tigen, und der Benutzer erh\u00e4lt die Zahlungsanweisungen, um die Buchung zu vervollst\u00e4ndigen, mit den Zahlungsmethoden, die im Abschnitt dieser allgemeinen Bedingungen bez\u00fcglich der Zahlungen aufgef\u00fchrt sind. Der Nutzer wird gebeten, den Gesamtbetrag des Preises f\u00fcr die gebuchten N\u00e4chte innerhalb einer maximalen Frist zu bezahlen (bei einer kurzfristigen Buchung jedoch schneller). Sobald diese Zahlung eingegangen ist, wird die Buchung verbindlich und der Vertrag ist abgeschlossen. Mit dieser Zahlung best\u00e4tigt der Kunde sein volles Einverst\u00e4ndnis mit den vorliegenden allgemeinen Bedingungen. Es wird daran erinnert, dass ohne die Zahlung innerhalb der Frist, die Reservierung nicht best\u00e4tigt wird und, folglich, der Eigent\u00fcmer beh\u00e4lt sich das Recht vor, die angeforderte Unterkunft zu erholen. Sobald die Reservierung wirksam ist, erh\u00e4lt der Nutzer eine Reservierungsbest\u00e4tigung per E-Mail oder Post, die ihn an den Inhalt der Reservierung und die gew\u00fcnschten Leistungen sowie deren Preis erinnert. Alle zus\u00e4tzlichen Leistungen, die nicht im vorliegenden Vertrag erw\u00e4hnt sind, werden vom Kunden an den Eigent\u00fcmer bezahlt, sp\u00e4testens am Ende des Aufenthalts.<\/p>\n<h3>Artikel 14 - Informationen \u00fcber die Bezahlung der Reservierung<\/h3>\n<p>Der Internetnutzer kann auf der vorliegenden Seite eine Bestellung aufgeben und seine Zahlung bei der Reservierung oder vor der Ankunft in der Unterkunft per Kreditkarte vornehmen. In der Unterkunft werden folgende Zahlungsmittel akzeptiert: Scheck oder Bargeld. Zahlungen per Kreditkarte \u00fcber die Website erfolgen \u00fcber sichere Transaktionen, die von einem Online-Zahlungsplattformanbieter bereitgestellt werden. Diese Seite hat keinen Zugriff auf Daten, die sich auf die Zahlungsmittel des Benutzers beziehen. Die Zahlung erfolgt direkt an die Bank oder den Zahlungsanbieter, die\/der die Zahlung des Kunden erh\u00e4lt.<\/p>\n<h3>Artikel 15 - Bedingungen f\u00fcr die Stornierung der Reservierung<\/h3>\n<p>Stornierung durch den Kunden: Jede Stornierung muss dem Eigent\u00fcmer so schnell wie m\u00f6glich per E-Mail oder Post, Fax oder Telefon mitgeteilt werden. Gem\u00e4\u00df Artikel L.221-28 des Verbraucherschutzgesetzes ist die Reservierung von Unterkunftsleistungen vom Widerrufsrecht f\u00fcr im Fernabsatz geschlossene Vertr\u00e4ge ausgeschlossen. Der Eigent\u00fcmer der Unterkunft bietet jedoch R\u00fcckerstattungsm\u00f6glichkeiten im Falle einer Stornierung oder Nichtanreise, wie folgt:<\/p>\n<ul>\n<li>F\u00fcr jeden Aufenthalt, der sofort nach der Reservierung storniert wird, behalten wir den Gegenwert von 20 % des Aufenthaltes ein.<\/li>\n<li>Zwischen 30 und 15 Tagen vor dem Aufenthalt werden 50 % des Betrags einbehalten.<\/li>\n<li>Zwischen 15 und 7 Tagen vor dem Aufenthalt werden 75 % des Betrags einbehalten.<\/li>\n<li>F\u00fcr jeden Aufenthalt, der innerhalb von 7 Tagen vor dem Anreisedatum storniert, unterbrochen oder aus irgendeinem Grund nicht in Anspruch genommen wird, wird der Gesamtbetrag des gebuchten Aufenthalts f\u00e4llig oder von der Domaine Pont-Roche und SPA einbehalten.<\/li>\n<\/ul>\n<p>Im Falle eines verk\u00fcrzten Aufenthalts verbleibt der Preis, der den Kosten f\u00fcr die Unterkunft entspricht, vollst\u00e4ndig beim Eigent\u00fcmer. Nicht verbrauchte Zusatzleistungen werden zur\u00fcckerstattet. Stornierung durch den Eigent\u00fcmer der Unterkunft: Wenn der Eigent\u00fcmer vor Beginn des Aufenthalts die Buchung stornieren m\u00f6chte, wird der Kunde so schnell wie m\u00f6glich per E-Mail oder Post, Fax oder Telefon informiert. Dem Kunden werden, unbeschadet eines eventuellen Regresses, alle zum Zeitpunkt der Reservierung oder danach gezahlten und mit dieser Reservierung zusammenh\u00e4ngenden Betr\u00e4ge (eventuelle Anzahlungen, Vorsch\u00fcsse usw.) unverz\u00fcglich erstattet.<\/p>\n<h3>Artikel 16 - Aufenthaltsbedingungen, Lebensregeln und Respekt vor dem Gel\u00e4nde<\/h3>\n<p>Die Ankunfts- und Abfahrtszeiten sind auf dem Gel\u00e4nde ausgeh\u00e4ngt und m\u00fcssen vom Kunden eingehalten werden. Der Kunde muss an dem Tag anreisen, der auf der erhaltenen Buchungsbest\u00e4tigung angegeben ist. Im Falle einer versp\u00e4teten oder verz\u00f6gerten Ankunft muss der Kunde den Eigent\u00fcmer informieren. Nutzung der Unterkunft: Der Kunde muss die friedliche Natur der R\u00e4umlichkeiten (Unterkunft und Umgebung) respektieren und sie entsprechend ihrem Zweck nutzen. Der Kunde verpflichtet sich, die Unterkunft in gutem Zustand zur\u00fcckzugeben. Kapazit\u00e4t : Die auf der Website pr\u00e4sentierten Unterkunftsangebote sind f\u00fcr eine genaue oder maximale Anzahl von Personen. Wenn die Anzahl der G\u00e4ste die in der Beschreibung der Unterkunft oder in der Auftragsbest\u00e4tigung angegebene Anzahl \u00fcbersteigt, ist der Eigent\u00fcmer berechtigt, die zus\u00e4tzlichen G\u00e4ste abzulehnen oder die Zahlung einer zus\u00e4tzlichen Summe zu verlangen. Diese Verweigerung kann in keiner Weise als \u00c4nderung oder Vertragsbruch auf Initiative des Eigent\u00fcmers betrachtet werden, so dass im Falle der Abreise einer h\u00f6heren Anzahl von G\u00e4sten als die verweigerten, keine R\u00fcckerstattung in Betracht gezogen werden kann. Haustiere: Sofern in den Beschreibungen der vorgeschlagenen Unterkunft nicht anders angegeben, werden Haustiere in der Unterkunft nicht akzeptiert, und der Aufenthalt dieser Tiere wird vom Eigent\u00fcmer abgelehnt. Im Falle der Weigerung des Eigent\u00fcmers, bestimmte Tiere auf dem Gel\u00e4nde der Unterkunft aufzunehmen, kann diese Weigerung in keinem Fall als \u00c4nderung oder Vertragsbruch auf Initiative des Eigent\u00fcmers betrachtet werden, so dass im Falle der Abreise des Kunden keine R\u00fcckerstattung in Betracht gezogen werden kann.<\/p>\n<h3>Artikel 17 - Archivierung<\/h3>\n<p>Frederic Dansert archiviert die Bestellscheine und Rechnungen auf einem zuverl\u00e4ssigen und dauerhaften Tr\u00e4ger, der eine originalgetreue Kopie darstellt. Die computergest\u00fctzten Aufzeichnungen werden von den Parteien als Beweis f\u00fcr Mitteilungen, Bestellungen, Zahlungen und Transaktionen zwischen den Parteien angesehen.<\/p>\n<h3>Artikel 18 - Rahmen f\u00fcr Bedingungen<\/h3>\n<p>Sollte eine Bestimmung der Allgemeinen Gesch\u00e4ftsbedingungen als rechtswidrig, nichtig oder aus irgendeinem Grund als nicht durchsetzbar erachtet werden, so gilt diese Bestimmung als von den Allgemeinen Gesch\u00e4ftsbedingungen abtrennbar und ber\u00fchrt nicht die G\u00fcltigkeit und Durchsetzbarkeit der \u00fcbrigen Bestimmungen. Diese Bedingungen beschreiben die gesamte Vereinbarung zwischen dem Benutzer und der Website. Sie ersetzen alle fr\u00fcheren oder gleichzeitigen schriftlichen oder m\u00fcndlichen Vereinbarungen. Die Bedingungen sind nicht abtretbar, \u00fcbertragbar oder unterlizenzierbar durch den Nutzer selbst.<\/p>\n<p>In Gerichts- oder Verwaltungsverfahren, die sich auf die Gesch\u00e4ftsbedingungen beziehen, kann eine gedruckte Version der Gesch\u00e4ftsbedingungen und aller in elektronischer Form gegebenen Mitteilungen verlangt werden. Die Parteien vereinbaren, dass der gesamte Schriftverkehr im Zusammenhang mit diesen Bedingungen in franz\u00f6sischer Sprache gef\u00fchrt wird.<\/p>\n<h3>Artikel 19 - Benachrichtigungen<\/h3>\n<p>Jegliche Benachrichtigung oder Mitteilung in Bezug auf diese Bedingungen, rechtliche Hinweise oder die Charta der pers\u00f6nlichen Daten muss schriftlich erfolgen und per Hand, per Einschreiben, per Post oder durch einen anderen national anerkannten Kurierdienst, der eine regelm\u00e4\u00dfige Verfolgung von Paketen erm\u00f6glicht, oder per E-Mail an die in den rechtlichen Hinweisen der Website angegebenen Adressen unter Angabe Ihres vollst\u00e4ndigen Namens, Ihrer Kontaktdaten und des Betreffs der Mitteilung zugestellt werden.<\/p>\n<h3>Artikel 20 - Reklamationen<\/h3>\n<p>Jegliche Anspr\u00fcche in Bezug auf die Nutzung der Website, des Dienstes oder damit verbundener Dienste, der Seiten der Website in sozialen Netzwerken oder der Gesch\u00e4ftsbedingungen, rechtlichen Hinweise oder Datenschutzrichtlinien m\u00fcssen innerhalb von 365 Tagen ab dem Datum, an dem der Anspruch entstanden ist, geltend gemacht werden, unabh\u00e4ngig von gegenteiligen Gesetzen oder Bestimmungen. Wird ein solcher Anspruch nicht innerhalb von 365 Tagen geltend gemacht, ist dieser Anspruch f\u00fcr immer gerichtlich verj\u00e4hrt.<\/p>\n<h3>Artikel 21 - Falsche Angaben<\/h3>\n<p>Es ist m\u00f6glich, dass die Website und die angebotenen Dienste Ungenauigkeiten oder Fehler enthalten oder Informationen, die nicht mit den allgemeinen Gesch\u00e4ftsbedingungen, dem rechtlichen Hinweis oder der Charta der pers\u00f6nlichen Daten \u00fcbereinstimmen. Dar\u00fcber hinaus ist es m\u00f6glich, dass unbefugte \u00c4nderungen durch Dritte auf der Website oder auf damit verbundenen Diensten (soziale Netzwerke ...) vorgenommen werden. Wir bem\u00fchen uns, dass solche Abweichungen korrigiert werden. Sollte uns eine solche Situation entgehen, bitten wir Sie, uns per Post oder per E-Mail an die im Impressum der Seite angegebenen Adressen zu kontaktieren, m\u00f6glichst mit einer Beschreibung des Fehlers und des Ortes (URL) sowie ausreichenden Informationen, damit wir Sie kontaktieren k\u00f6nnen. F\u00fcr urheberrechtliche Anfragen lesen Sie bitte den Abschnitt \u00fcber geistiges Eigentum.<\/p>\n<p>Alle Rechte vorbehalten - 03. September 2018<\/p>","protected":false},"excerpt":{"rendered":"<p>ALLGEMEINE VERKAUFS- UND NUTZUNGSBEDINGUNGEN Artikel 1 - Definitionen Im Folgenden beziehen wir uns auf: - \"Website\" oder \"Service\": die Website https:\/\/pont-roche.com\/ und alle ihre Seiten. - Dienstleistungen\": alle Dienstleistungen und Hosting-Services, die auf der Website gebucht werden k\u00f6nnen. - Herausgeber\" oder \"Eigent\u00fcmer\": Die Person, rechtlich oder nicht, die der Eigent\u00fcmer der Website ist.<\/p>","protected":false},"author":1,"featured_media":0,"parent":0,"menu_order":0,"comment_status":"closed","ping_status":"closed","template":"","meta":{"_kad_post_transparent":"","_kad_post_title":"","_kad_post_layout":"","_kad_post_sidebar_id":"","_kad_post_content_style":"","_kad_post_vertical_padding":"","_kad_post_feature":"","_kad_post_feature_position":"","_kad_post_header":false,"_kad_post_footer":false,"_kad_post_classname":"","footnotes":""},"class_list":["post-6795","page","type-page","status-publish","hentry"],"_links":{"self":[{"href":"https:\/\/pont-roche.com\/de\/wp-json\/wp\/v2\/pages\/6795","targetHints":{"allow":["GET"]}}],"collection":[{"href":"https:\/\/pont-roche.com\/de\/wp-json\/wp\/v2\/pages"}],"about":[{"href":"https:\/\/pont-roche.com\/de\/wp-json\/wp\/v2\/types\/page"}],"author":[{"embeddable":true,"href":"https:\/\/pont-roche.com\/de\/wp-json\/wp\/v2\/users\/1"}],"replies":[{"embeddable":true,"href":"https:\/\/pont-roche.com\/de\/wp-json\/wp\/v2\/comments?post=6795"}],"version-history":[{"count":0,"href":"https:\/\/pont-roche.com\/de\/wp-json\/wp\/v2\/pages\/6795\/revisions"}],"wp:attachment":[{"href":"https:\/\/pont-roche.com\/de\/wp-json\/wp\/v2\/media?parent=6795"}],"curies":[{"name":"wp","href":"https:\/\/api.w.org\/{rel}","templated":true}]}}