{"id":6806,"date":"2018-07-06T17:41:39","date_gmt":"2018-07-06T15:41:39","guid":{"rendered":"https:\/\/pont-roche.com\/?page_id=6806"},"modified":"2023-09-07T16:20:48","modified_gmt":"2023-09-07T14:20:48","slug":"politique-cookies","status":"publish","type":"page","link":"https:\/\/pont-roche.com\/de\/politique-cookies\/","title":{"rendered":"Cookie-Richtlinie"},"content":{"rendered":"<div id=\"\" class=\"elementor-element elementor-element-edit-mode elementor-element-b9d2032 ui-sortable-handle elementor-widget elementor-widget-heading\">\n<div class=\"elementor-widget-container\">\n<h2 class=\"elementor-heading-title elementor-size-default elementor-inline-editing\">\u00dcber Cookies<\/h2>\n<\/div>\n<\/div>\n<div id=\"\" class=\"elementor-element elementor-element-edit-mode elementor-element-2d321f8 ui-sortable-handle elementor-widget elementor-widget-text-editor\">\n<div class=\"elementor-widget-container\">\n<div class=\"elementor-text-editor elementor-clearfix elementor-inline-editing\">\n<p>Ein \"Cookie\" ist ein St\u00fcck Code, das die Aktivit\u00e4t des Webbrowsers identifiziert und verfolgt. Sie werden h\u00e4ufig verwendet, um Websites effizienter funktionieren zu lassen und um Informationen f\u00fcr den Website-Besitzer bereitzustellen. Wir k\u00f6nnen auf dieser Website \"Session Cookies\" und \"Persistent Cookies\" verwenden.<\/p>\n<p>Die Session-Cookies werden von Ihrem Ger\u00e4t gel\u00f6scht, wenn Sie Ihren Browser schlie\u00dfen. Persistente Cookies werden auf Ihrem Ger\u00e4t gespeichert, bis sie gel\u00f6scht werden oder ihr Verfallsdatum erreicht ist.<\/p>\n<p>Weitere Details finden Sie im Hilfemen\u00fc Ihres Browsers oder unter\u00a0<a href=\"http:\/\/www.allaboutcookies.org\/fr\/\" target=\"_blank\" rel=\"noopener\">www.allaboutcookies.org<\/a><\/p>\n<\/div>\n<\/div>\n<\/div>\n<div id=\"\" class=\"elementor-element elementor-element-edit-mode elementor-element-2a620a4 ui-sortable-handle elementor-widget elementor-widget-heading\">\n<div class=\"elementor-element-overlay\"><\/div>\n<div class=\"elementor-widget-container\">\n<h2 class=\"elementor-heading-title elementor-size-default elementor-inline-editing\">Cookies blockieren<\/h2>\n<\/div>\n<\/div>\n<div id=\"\" class=\"elementor-element elementor-element-edit-mode elementor-element-b5bf25c ui-sortable-handle elementor-widget elementor-widget-text-editor\">\n<div class=\"elementor-widget-container\">\n<div class=\"elementor-text-editor elementor-clearfix elementor-inline-editing\">\n<p>Standardm\u00e4\u00dfig akzeptiert Ihr Browser Cookies. Wenn Sie dies nicht w\u00fcnschen, k\u00f6nnen Sie dieses Verhalten \u00e4ndern, da die meisten Browser Ihnen die M\u00f6glichkeit geben, Cookies zu akzeptieren\/ablehnen.<\/p>\n<p>In Google Chrome k\u00f6nnen Sie zum Beispiel Ihre Cookie-Einstellungen anpassen, indem Sie \"Einstellungen\", \"Erweitert\", \"Inhaltseinstellungen\", \"Alle Cookies blockieren\" w\u00e4hlen und zu Ihren bevorzugten Einstellungen wechseln.<\/p>\n<p>In Google Chrome k\u00f6nnen Sie z. B. unter \"Einstellungen\" &gt; \"Erweiterte Einstellungen\" &gt; \"Inhaltseinstellungen\" &gt; \"Cookies\" Ihre Cookie-Einstellungen anpassen und die Einstellungen Ihrer Wahl \u00fcbernehmen.<\/p>\n<p><strong>Diese Website verwendet die folgenden Cookies:<\/strong><\/p>\n<\/div>\n<\/div>\n<\/div>\n<div class=\"elementor-element elementor-element-edit-mode elementor-element-5bee0bb ui-sortable-handle uael-table--responsive elementor-widget elementor-widget-uael-table\">\n<div class=\"elementor-widget-container\">\n<div class=\"uael-table-wrapper\">\n<table id=\"uael-table-id\" class=\"column-rules uael-table\">\n<thead>\n<tr class=\"uael-table-row\">\n<th class=\"sort-this elementor-repeater-item-996454a uael-table-col\" scope=\"col\"><span class=\"sort-style\"><span class=\"uael-table__text\"><span class=\"uael-table__text-inner elementor-inline-editing\">Keks<\/span><\/span><\/span><\/th>\n<th class=\"sort-this elementor-repeater-item-ce85c38 uael-table-col\" scope=\"col\"><span class=\"sort-style\"><span class=\"uael-table__text\"><span class=\"uael-table__text-inner elementor-inline-editing\">Name<\/span><\/span><\/span><\/th>\n<th class=\"sort-this elementor-repeater-item-5a4ebb3 uael-table-col\" scope=\"col\"><span class=\"sort-style\"><span class=\"uael-table__text\"><span class=\"uael-table__text-inner elementor-inline-editing\">Funktion<\/span><\/span><\/span><\/th>\n<\/tr>\n<\/thead>\n<tbody>\n<tr class=\"uael-table-row\">\n<td class=\"uael-table-col elementor-repeater-item-3eeadef\"><span class=\"uael-table__text\"><span class=\"uael-table__text-inner elementor-inline-editing\">Cookie-Einstellungen<\/span><\/span><\/td>\n<td class=\"uael-table-col elementor-repeater-item-3deae62\"><span class=\"uael-table__text\"><span class=\"uael-table__text-inner elementor-inline-editing\">moove_gdpr_popup<\/span><\/span><\/td>\n<td class=\"uael-table-col elementor-repeater-item-5deebbb\"><span class=\"uael-table__text\"><span class=\"uael-table__text-inner elementor-inline-editing\">Wenn dieses Cookie aktiviert ist, wird es verwendet, um Ihre Cookie-Einstellungen zu speichern.<\/span><\/span><\/td>\n<\/tr>\n<tr class=\"uael-table-row\">\n<td class=\"uael-table-col elementor-repeater-item-75dd443\"><span class=\"uael-table__text\"><span class=\"uael-table__text-inner elementor-inline-editing\">Google Analytics<\/span><\/span><\/td>\n<td class=\"uael-table-col elementor-repeater-item-33aedce\"><span class=\"uael-table__text\"><span class=\"uael-table__text-inner elementor-inline-editing\">_ga<\/span><\/span><\/td>\n<td class=\"uael-table-col elementor-repeater-item-fe87247\"><span class=\"uael-table__text\"><span class=\"uael-table__text-inner elementor-inline-editing\">Wenn dieses Cookie aktiviert ist, wird es verwendet, um anonyme Informationen dar\u00fcber zu sammeln, wie unsere Website genutzt wird. Zum Beispiel die Anzahl der Besucher, wie sie auf die Website gekommen sind, die Seiten, die sie besuchen. Wir verwenden diese Informationen, um unsere Website zu verbessern.<\/span><\/span><\/td>\n<\/tr>\n<\/tbody>\n<\/table>\n<\/div>\n<\/div>\n<\/div>\n<div class=\"elementor-element-overlay\"><\/div>\n<div><\/div>\n<div id=\"\" class=\"elementor-element elementor-element-edit-mode elementor-element-76f3b16 ui-sortable-handle elementor-widget elementor-widget-heading\">\n<div class=\"elementor-widget-container\">\n<h2 class=\"elementor-heading-title elementor-size-default elementor-inline-editing\">Cookie-Einstellungen<\/h2>\n<\/div>\n<\/div>\n<div id=\"\" class=\"elementor-element elementor-element-edit-mode elementor-element-cbf3d19 ui-sortable-handle elementor-widget elementor-widget-text-editor\">\n<div class=\"elementor-widget-container\">\n<div class=\"elementor-text-editor elementor-clearfix elementor-inline-editing\">\n<p>Sie k\u00f6nnen Cookies auf unserer Seite jederzeit \u00fcber die\u00a0<a href=\"\/de\/politique-cookies\/#moove_gdpr_cookie_modal\">Cookie-Einstellungen<\/a>.<\/p>\n<\/div>\n<\/div>\n<\/div>\n<div id=\"\" class=\"elementor-element elementor-element-edit-mode elementor-element-95aa44c ui-sortable-handle elementor-widget elementor-widget-heading\">\n<div class=\"elementor-element-overlay\"><\/div>\n<div class=\"elementor-widget-container\">\n<h2 class=\"elementor-heading-title elementor-size-default elementor-inline-editing\">Kontakt<\/h2>\n<\/div>\n<\/div>\n<div id=\"\" class=\"elementor-element elementor-element-edit-mode elementor-element-493d194 ui-sortable-handle elementor-widget elementor-widget-text-editor\">\n<div class=\"elementor-widget-container\">\n<div class=\"elementor-text-editor elementor-clearfix elementor-inline-editing\">\n<p>Wenn Sie eine Frage zu unserer Cookie-Richtlinie oder der Verarbeitung Ihrer Daten haben, k\u00f6nnen Sie uns \u00fcber unser\u00a0<a href=\"\/de\/kontakt\/\">Kontakt-Formular<\/a>.<\/p>\n<\/div>\n<\/div>\n<\/div>","protected":false},"excerpt":{"rendered":"<p>\u00dcber Cookies Ein \"Cookie\" ist ein St\u00fcck Code, das die Aktivit\u00e4t des Webbrowsers identifiziert und verfolgt. Sie werden ausgiebig genutzt, um Websites effizienter funktionieren zu lassen, sowie um Informationen f\u00fcr den Website-Besitzer bereitzustellen. Wir k\u00f6nnen auf unseren Websites \"Session Cookies\" und \"Persistent Cookies\" verwenden.<\/p>","protected":false},"author":1,"featured_media":0,"parent":0,"menu_order":0,"comment_status":"closed","ping_status":"closed","template":"","meta":{"_kad_post_transparent":"","_kad_post_title":"","_kad_post_layout":"","_kad_post_sidebar_id":"","_kad_post_content_style":"","_kad_post_vertical_padding":"","_kad_post_feature":"","_kad_post_feature_position":"","_kad_post_header":false,"_kad_post_footer":false,"_kad_post_classname":"","footnotes":""},"class_list":["post-6806","page","type-page","status-publish","hentry"],"_links":{"self":[{"href":"https:\/\/pont-roche.com\/de\/wp-json\/wp\/v2\/pages\/6806","targetHints":{"allow":["GET"]}}],"collection":[{"href":"https:\/\/pont-roche.com\/de\/wp-json\/wp\/v2\/pages"}],"about":[{"href":"https:\/\/pont-roche.com\/de\/wp-json\/wp\/v2\/types\/page"}],"author":[{"embeddable":true,"href":"https:\/\/pont-roche.com\/de\/wp-json\/wp\/v2\/users\/1"}],"replies":[{"embeddable":true,"href":"https:\/\/pont-roche.com\/de\/wp-json\/wp\/v2\/comments?post=6806"}],"version-history":[{"count":0,"href":"https:\/\/pont-roche.com\/de\/wp-json\/wp\/v2\/pages\/6806\/revisions"}],"wp:attachment":[{"href":"https:\/\/pont-roche.com\/de\/wp-json\/wp\/v2\/media?parent=6806"}],"curies":[{"name":"wp","href":"https:\/\/api.w.org\/{rel}","templated":true}]}}