{"id":12315,"date":"2024-01-10T18:51:42","date_gmt":"2024-01-10T17:51:42","guid":{"rendered":"https:\/\/pont-roche.com\/?page_id=12315"},"modified":"2025-12-17T20:21:32","modified_gmt":"2025-12-17T19:21:32","slug":"restauration","status":"publish","type":"page","link":"https:\/\/pont-roche.com\/en\/service\/restauration\/","title":{"rendered":"Catering"},"content":{"rendered":"<div data-elementor-type=\"wp-page\" data-elementor-id=\"12315\" class=\"elementor elementor-12315\" data-elementor-post-type=\"page\">\n\t\t\t\t<div class=\"elementor-element elementor-element-43d3039 e-flex e-con-boxed e-con e-parent\" data-id=\"43d3039\" data-element_type=\"container\" data-e-type=\"container\">\n\t\t\t\t\t<div class=\"e-con-inner\">\n\t\t\t\t<div class=\"elementor-element elementor-element-bb24a69 elementor-invisible elementor-widget elementor-widget-heading\" data-id=\"bb24a69\" data-element_type=\"widget\" data-e-type=\"widget\" data-settings=\"{&quot;_animation&quot;:&quot;fadeInUp&quot;}\" data-widget_type=\"heading.default\">\n\t\t\t\t<div class=\"elementor-widget-container\">\n\t\t\t\t\t<h1 class=\"elementor-heading-title elementor-size-default\">Eating out and discovering Burgundy cuisine<\/h1>\t\t\t\t<\/div>\n\t\t\t\t<\/div>\n\t\t\t\t<div class=\"elementor-element elementor-element-622c713 elementor-widget-divider--view-line elementor-invisible elementor-widget elementor-widget-divider\" data-id=\"622c713\" data-element_type=\"widget\" data-e-type=\"widget\" data-settings=\"{&quot;_animation&quot;:&quot;zoomIn&quot;,&quot;_animation_delay&quot;:&quot;400&quot;}\" data-widget_type=\"divider.default\">\n\t\t\t\t<div class=\"elementor-widget-container\">\n\t\t\t\t\t\t\t<div class=\"elementor-divider\">\n\t\t\t<span class=\"elementor-divider-separator\">\n\t\t\t\t\t\t<\/span>\n\t\t<\/div>\n\t\t\t\t\t\t<\/div>\n\t\t\t\t<\/div>\n\t\t\t\t\t<\/div>\n\t\t\t\t<\/div>\n\t\t<div class=\"elementor-element elementor-element-5869f33 e-flex e-con-boxed e-con e-parent\" data-id=\"5869f33\" data-element_type=\"container\" data-e-type=\"container\" data-settings=\"{&quot;background_background&quot;:&quot;classic&quot;}\">\n\t\t\t\t\t<div class=\"e-con-inner\">\n\t\t<div class=\"elementor-element elementor-element-51e8815 e-con-full e-flex e-con e-child\" data-id=\"51e8815\" data-element_type=\"container\" data-e-type=\"container\" data-settings=\"{&quot;background_background&quot;:&quot;classic&quot;}\">\n\t\t\t\t<div class=\"elementor-element elementor-element-1f524e2 elementor-widget elementor-widget-text-editor\" data-id=\"1f524e2\" data-element_type=\"widget\" data-e-type=\"widget\" data-widget_type=\"text-editor.default\">\n\t\t\t\t<div class=\"elementor-widget-container\">\n\t\t\t\t\t\t\t\t\t<p>Although Domaine Pont-Roche does not have a restaurant as such, there are several ways to satisfy your epicurean cravings during your romantic stay.<\/p>\t\t\t\t\t\t\t\t<\/div>\n\t\t\t\t<\/div>\n\t\t\t\t<\/div>\n\t\t\t\t<div class=\"elementor-element elementor-element-8416da1 elementor-widget elementor-widget-text-editor\" data-id=\"8416da1\" data-element_type=\"widget\" data-e-type=\"widget\" data-widget_type=\"text-editor.default\">\n\t\t\t\t<div class=\"elementor-widget-container\">\n\t\t\t\t\t\t\t\t\t<p>Restaurant : L'\u00e9vYdenCe \/ Chef: Yann Zwysig \/ Photo credits: Christophe Fouquin<\/p>\t\t\t\t\t\t\t\t<\/div>\n\t\t\t\t<\/div>\n\t\t\t\t\t<\/div>\n\t\t\t\t<\/div>\n\t\t<div class=\"elementor-element elementor-element-25ab33e e-flex e-con-boxed e-con e-parent\" data-id=\"25ab33e\" data-element_type=\"container\" data-e-type=\"container\">\n\t\t\t\t\t<div class=\"e-con-inner\">\n\t\t\t\t<div class=\"elementor-element elementor-element-a1e6eae elementor-invisible elementor-widget elementor-widget-heading\" data-id=\"a1e6eae\" data-element_type=\"widget\" data-e-type=\"widget\" data-settings=\"{&quot;_animation&quot;:&quot;fadeIn&quot;}\" data-widget_type=\"heading.default\">\n\t\t\t\t<div class=\"elementor-widget-container\">\n\t\t\t\t\t<h2 class=\"elementor-heading-title elementor-size-default\">Enjoy home-cooked meals in the comfort of your own home\n<\/h2>\t\t\t\t<\/div>\n\t\t\t\t<\/div>\n\t\t\t\t\t<\/div>\n\t\t\t\t<\/div>\n\t\t<div class=\"elementor-element elementor-element-673d0d0 e-flex e-con-boxed e-con e-child\" data-id=\"673d0d0\" data-element_type=\"container\" data-e-type=\"container\">\n\t\t\t\t\t<div class=\"e-con-inner\">\n\t\t<div class=\"elementor-element elementor-element-fbe54db e-flex e-con-boxed e-con e-child\" data-id=\"fbe54db\" data-element_type=\"container\" data-e-type=\"container\">\n\t\t\t\t\t<div class=\"e-con-inner\">\n\t\t\t\t<div class=\"elementor-element elementor-element-f236dad elementor-widget elementor-widget-image\" data-id=\"f236dad\" data-element_type=\"widget\" data-e-type=\"widget\" data-widget_type=\"image.default\">\n\t\t\t\t<div class=\"elementor-widget-container\">\n\t\t\t\t\t\t\t\t\t\t\t\t\t\t\t<img fetchpriority=\"high\" decoding=\"async\" width=\"576\" height=\"1024\" src=\"https:\/\/pont-roche.com\/wp-content\/uploads\/2024\/12\/IMG_9801-576x1024.jpeg\" class=\"attachment-large size-large wp-image-14367\" alt=\"\" srcset=\"https:\/\/pont-roche.com\/wp-content\/uploads\/2024\/12\/IMG_9801-576x1024.jpeg 576w, https:\/\/pont-roche.com\/wp-content\/uploads\/2024\/12\/IMG_9801-169x300.jpeg 169w, https:\/\/pont-roche.com\/wp-content\/uploads\/2024\/12\/IMG_9801-768x1365.jpeg 768w, https:\/\/pont-roche.com\/wp-content\/uploads\/2024\/12\/IMG_9801-864x1536.jpeg 864w, https:\/\/pont-roche.com\/wp-content\/uploads\/2024\/12\/IMG_9801-1152x2048.jpeg 1152w, https:\/\/pont-roche.com\/wp-content\/uploads\/2024\/12\/IMG_9801-7x12.jpeg 7w, https:\/\/pont-roche.com\/wp-content\/uploads\/2024\/12\/IMG_9801-600x1067.jpeg 600w, https:\/\/pont-roche.com\/wp-content\/uploads\/2024\/12\/IMG_9801-scaled.jpeg 1440w\" sizes=\"(max-width: 576px) 100vw, 576px\" \/>\t\t\t\t\t\t\t\t\t\t\t\t\t\t\t<\/div>\n\t\t\t\t<\/div>\n\t\t\t\t\t<\/div>\n\t\t\t\t<\/div>\n\t\t<div class=\"elementor-element elementor-element-cad65f8 e-flex e-con-boxed e-con e-child\" data-id=\"cad65f8\" data-element_type=\"container\" data-e-type=\"container\">\n\t\t\t\t\t<div class=\"e-con-inner\">\n\t\t\t\t<div class=\"elementor-element elementor-element-6ae9cca elementor-widget elementor-widget-text-editor\" data-id=\"6ae9cca\" data-element_type=\"widget\" data-e-type=\"widget\" data-widget_type=\"text-editor.default\">\n\t\t\t\t<div class=\"elementor-widget-container\">\n\t\t\t\t\t\t\t\t\t<p>We have an excellent restaurant to recommend, just 30 minutes from the estate \u2013 the place to be! It is called\u00a0<strong>The Evidence<\/strong>\u00a0in Blaisy-Bas by Yann Zwysig Tel: 03 80 33 03 03 You can also book online!<\/p><p><strong>the SPARK<\/strong>, A new restaurant has just opened, tried and tested \u2705 15 minutes from the estate, tel: 03.80.75.74.11 in Salives, fresh produce, attractive presentation and generous portions. Option to\u00a0<strong>DELIVERY<\/strong> Dishes available on site on Friday and Saturday evenings, to be ordered 48 hours in advance.<\/p><p><span class=\"w8qArf FoJoyf\">We also have two great places to eat at the Domaine, where you can collect your orders from our partners.  :\u00a0<\/span><\/p><p><span class=\"w8qArf FoJoyf\">The Cheese Shop\u00a0<strong>MASTER RAVEN<\/strong> In Is-sur-Tille Tel: 06 47 21 27 28 Anthony offers a choice of four cheese\/cold meat\/wine platters. To be collected on site after placing your order.<\/span><\/p><p><span class=\"w8qArf FoJoyf\"><strong>ON THE SEINE OF WINE<\/strong>\u00a0In Saint Seine l\u2019Abbaye, tel: 06.04.45.15.02 Abiba (former head sommelier at Bernard Loiseau) offers a menu of homemade dishes and desserts. Depending on your preferences (allergen-free, vegetarian), Abiba will be delighted to create a tailor-made menu for you, accompanied by a selection of sulphite-free wines. Available for collection after you place your order, we highly recommend this wonderful establishment.<\/span><\/p><p><span class=\"w8qArf FoJoyf\">Sur la Seine du Vin also offers vegetarian menus. <\/span><span class=\"w8qArf FoJoyf\">You can also (by appointment) eat on site, in a timeless atmosphere! Live a REAL experience, a return to the past!\u00a0<\/span><\/p>\t\t\t\t\t\t\t\t<\/div>\n\t\t\t\t<\/div>\n\t\t\t\t\t<\/div>\n\t\t\t\t<\/div>\n\t\t\t\t\t<\/div>\n\t\t\t\t<\/div>\n\t\t<div class=\"elementor-element elementor-element-1335c85 e-flex e-con-boxed e-con e-parent\" data-id=\"1335c85\" data-element_type=\"container\" data-e-type=\"container\">\n\t\t\t\t\t<div class=\"e-con-inner\">\n\t\t\t\t<div class=\"elementor-element elementor-element-4e9bfde elementor-invisible elementor-widget elementor-widget-heading\" data-id=\"4e9bfde\" data-element_type=\"widget\" data-e-type=\"widget\" data-settings=\"{&quot;_animation&quot;:&quot;fadeIn&quot;}\" data-widget_type=\"heading.default\">\n\t\t\t\t<div class=\"elementor-widget-container\">\n\t\t\t\t\t<h2 class=\"elementor-heading-title elementor-size-default\">Preparing a feast in your accommodation<\/h2>\t\t\t\t<\/div>\n\t\t\t\t<\/div>\n\t\t\t\t<div class=\"elementor-element elementor-element-676f5d8 elementor-widget elementor-widget-text-editor\" data-id=\"676f5d8\" data-element_type=\"widget\" data-e-type=\"widget\" data-widget_type=\"text-editor.default\">\n\t\t\t\t<div class=\"elementor-widget-container\">\n\t\t\t\t\t\t\t\t\t<p>Would you like to prepare some tasty dishes in complete privacy? Our two unusual accommodations, the Cube and the Cabane, each have their own kitchen. <strong>fitted kitchen<\/strong> so that you can move around your accommodation completely independently, at your own pace.<\/p>\t\t\t\t\t\t\t\t<\/div>\n\t\t\t\t<\/div>\n\t\t\t\t<div class=\"elementor-element elementor-element-553552e elementor-widget elementor-widget-heading\" data-id=\"553552e\" data-element_type=\"widget\" data-e-type=\"widget\" data-widget_type=\"heading.default\">\n\t\t\t\t<div class=\"elementor-widget-container\">\n\t\t\t\t\t<h3 class=\"elementor-heading-title elementor-size-default\">Equipment in both homes<\/h3>\t\t\t\t<\/div>\n\t\t\t\t<\/div>\n\t\t\t\t<div class=\"elementor-element elementor-element-83ce9ab elementor-icon-list--layout-inline elementor-list-item-link-full_width elementor-widget elementor-widget-icon-list\" data-id=\"83ce9ab\" data-element_type=\"widget\" data-e-type=\"widget\" data-widget_type=\"icon-list.default\">\n\t\t\t\t<div class=\"elementor-widget-container\">\n\t\t\t\t\t\t\t<ul class=\"elementor-icon-list-items elementor-inline-items\">\n\t\t\t\t\t\t\t<li class=\"elementor-icon-list-item elementor-inline-item\">\n\t\t\t\t\t\t\t\t\t\t\t<span class=\"elementor-icon-list-icon\">\n\t\t\t\t\t\t\t<svg aria-hidden=\"true\" class=\"e-font-icon-svg e-fas-check\" viewbox=\"0 0 512 512\" xmlns=\"http:\/\/www.w3.org\/2000\/svg\"><path d=\"M173.898 439.404l-166.4-166.4c-9.997-9.997-9.997-26.206 0-36.204l36.203-36.204c9.997-9.998 26.207-9.998 36.204 0L192 312.69 432.095 72.596c9.997-9.997 26.207-9.997 36.204 0l36.203 36.204c9.997 9.997 9.997 26.206 0 36.204l-294.4 294.401c-9.998 9.997-26.207 9.997-36.204-.001z\"><\/path><\/svg>\t\t\t\t\t\t<\/span>\n\t\t\t\t\t\t\t\t\t\t<span class=\"elementor-icon-list-text\">Fridge<\/span>\n\t\t\t\t\t\t\t\t\t<\/li>\n\t\t\t\t\t\t\t\t<li class=\"elementor-icon-list-item elementor-inline-item\">\n\t\t\t\t\t\t\t\t\t\t\t<span class=\"elementor-icon-list-icon\">\n\t\t\t\t\t\t\t<svg aria-hidden=\"true\" class=\"e-font-icon-svg e-fas-check\" viewbox=\"0 0 512 512\" xmlns=\"http:\/\/www.w3.org\/2000\/svg\"><path d=\"M173.898 439.404l-166.4-166.4c-9.997-9.997-9.997-26.206 0-36.204l36.203-36.204c9.997-9.998 26.207-9.998 36.204 0L192 312.69 432.095 72.596c9.997-9.997 26.207-9.997 36.204 0l36.203 36.204c9.997 9.997 9.997 26.206 0 36.204l-294.4 294.401c-9.998 9.997-26.207 9.997-36.204-.001z\"><\/path><\/svg>\t\t\t\t\t\t<\/span>\n\t\t\t\t\t\t\t\t\t\t<span class=\"elementor-icon-list-text\">Sink<\/span>\n\t\t\t\t\t\t\t\t\t<\/li>\n\t\t\t\t\t\t\t\t<li class=\"elementor-icon-list-item elementor-inline-item\">\n\t\t\t\t\t\t\t\t\t\t\t<span class=\"elementor-icon-list-icon\">\n\t\t\t\t\t\t\t<svg aria-hidden=\"true\" class=\"e-font-icon-svg e-fas-check\" viewbox=\"0 0 512 512\" xmlns=\"http:\/\/www.w3.org\/2000\/svg\"><path d=\"M173.898 439.404l-166.4-166.4c-9.997-9.997-9.997-26.206 0-36.204l36.203-36.204c9.997-9.998 26.207-9.998 36.204 0L192 312.69 432.095 72.596c9.997-9.997 26.207-9.997 36.204 0l36.203 36.204c9.997 9.997 9.997 26.206 0 36.204l-294.4 294.401c-9.998 9.997-26.207 9.997-36.204-.001z\"><\/path><\/svg>\t\t\t\t\t\t<\/span>\n\t\t\t\t\t\t\t\t\t\t<span class=\"elementor-icon-list-text\">Microwave<\/span>\n\t\t\t\t\t\t\t\t\t<\/li>\n\t\t\t\t\t\t\t\t<li class=\"elementor-icon-list-item elementor-inline-item\">\n\t\t\t\t\t\t\t\t\t\t\t<span class=\"elementor-icon-list-icon\">\n\t\t\t\t\t\t\t<svg aria-hidden=\"true\" class=\"e-font-icon-svg e-fas-check\" viewbox=\"0 0 512 512\" xmlns=\"http:\/\/www.w3.org\/2000\/svg\"><path d=\"M173.898 439.404l-166.4-166.4c-9.997-9.997-9.997-26.206 0-36.204l36.203-36.204c9.997-9.998 26.207-9.998 36.204 0L192 312.69 432.095 72.596c9.997-9.997 26.207-9.997 36.204 0l36.203 36.204c9.997 9.997 9.997 26.206 0 36.204l-294.4 294.401c-9.998 9.997-26.207 9.997-36.204-.001z\"><\/path><\/svg>\t\t\t\t\t\t<\/span>\n\t\t\t\t\t\t\t\t\t\t<span class=\"elementor-icon-list-text\">French press coffee maker<\/span>\n\t\t\t\t\t\t\t\t\t<\/li>\n\t\t\t\t\t\t\t\t<li class=\"elementor-icon-list-item elementor-inline-item\">\n\t\t\t\t\t\t\t\t\t\t\t<span class=\"elementor-icon-list-icon\">\n\t\t\t\t\t\t\t<svg aria-hidden=\"true\" class=\"e-font-icon-svg e-fas-check\" viewbox=\"0 0 512 512\" xmlns=\"http:\/\/www.w3.org\/2000\/svg\"><path d=\"M173.898 439.404l-166.4-166.4c-9.997-9.997-9.997-26.206 0-36.204l36.203-36.204c9.997-9.998 26.207-9.998 36.204 0L192 312.69 432.095 72.596c9.997-9.997 26.207-9.997 36.204 0l36.203 36.204c9.997 9.997 9.997 26.206 0 36.204l-294.4 294.401c-9.998 9.997-26.207 9.997-36.204-.001z\"><\/path><\/svg>\t\t\t\t\t\t<\/span>\n\t\t\t\t\t\t\t\t\t\t<span class=\"elementor-icon-list-text\">Hood<\/span>\n\t\t\t\t\t\t\t\t\t<\/li>\n\t\t\t\t\t\t\t\t<li class=\"elementor-icon-list-item elementor-inline-item\">\n\t\t\t\t\t\t\t\t\t\t\t<span class=\"elementor-icon-list-icon\">\n\t\t\t\t\t\t\t<svg aria-hidden=\"true\" class=\"e-font-icon-svg e-fas-check\" viewbox=\"0 0 512 512\" xmlns=\"http:\/\/www.w3.org\/2000\/svg\"><path d=\"M173.898 439.404l-166.4-166.4c-9.997-9.997-9.997-26.206 0-36.204l36.203-36.204c9.997-9.998 26.207-9.998 36.204 0L192 312.69 432.095 72.596c9.997-9.997 26.207-9.997 36.204 0l36.203 36.204c9.997 9.997 9.997 26.206 0 36.204l-294.4 294.401c-9.998 9.997-26.207 9.997-36.204-.001z\"><\/path><\/svg>\t\t\t\t\t\t<\/span>\n\t\t\t\t\t\t\t\t\t\t<span class=\"elementor-icon-list-text\">Kettle<\/span>\n\t\t\t\t\t\t\t\t\t<\/li>\n\t\t\t\t\t\t<\/ul>\n\t\t\t\t\t\t<\/div>\n\t\t\t\t<\/div>\n\t\t\t\t<div class=\"elementor-element elementor-element-1525ecc elementor-widget elementor-widget-heading\" data-id=\"1525ecc\" data-element_type=\"widget\" data-e-type=\"widget\" data-widget_type=\"heading.default\">\n\t\t\t\t<div class=\"elementor-widget-container\">\n\t\t\t\t\t<h3 class=\"elementor-heading-title elementor-size-default\">Equipment in the Cube only\n<\/h3>\t\t\t\t<\/div>\n\t\t\t\t<\/div>\n\t\t\t\t<div class=\"elementor-element elementor-element-102895d elementor-icon-list--layout-inline elementor-list-item-link-full_width elementor-widget elementor-widget-icon-list\" data-id=\"102895d\" data-element_type=\"widget\" data-e-type=\"widget\" data-widget_type=\"icon-list.default\">\n\t\t\t\t<div class=\"elementor-widget-container\">\n\t\t\t\t\t\t\t<ul class=\"elementor-icon-list-items elementor-inline-items\">\n\t\t\t\t\t\t\t<li class=\"elementor-icon-list-item elementor-inline-item\">\n\t\t\t\t\t\t\t\t\t\t\t<span class=\"elementor-icon-list-icon\">\n\t\t\t\t\t\t\t<svg aria-hidden=\"true\" class=\"e-font-icon-svg e-fas-check\" viewbox=\"0 0 512 512\" xmlns=\"http:\/\/www.w3.org\/2000\/svg\"><path d=\"M173.898 439.404l-166.4-166.4c-9.997-9.997-9.997-26.206 0-36.204l36.203-36.204c9.997-9.998 26.207-9.998 36.204 0L192 312.69 432.095 72.596c9.997-9.997 26.207-9.997 36.204 0l36.203 36.204c9.997 9.997 9.997 26.206 0 36.204l-294.4 294.401c-9.998 9.997-26.207 9.997-36.204-.001z\"><\/path><\/svg>\t\t\t\t\t\t<\/span>\n\t\t\t\t\t\t\t\t\t\t<span class=\"elementor-icon-list-text\">Ceramic hobs<\/span>\n\t\t\t\t\t\t\t\t\t<\/li>\n\t\t\t\t\t\t\t\t<li class=\"elementor-icon-list-item elementor-inline-item\">\n\t\t\t\t\t\t\t\t\t\t\t<span class=\"elementor-icon-list-icon\">\n\t\t\t\t\t\t\t<svg aria-hidden=\"true\" class=\"e-font-icon-svg e-fas-check\" viewbox=\"0 0 512 512\" xmlns=\"http:\/\/www.w3.org\/2000\/svg\"><path d=\"M173.898 439.404l-166.4-166.4c-9.997-9.997-9.997-26.206 0-36.204l36.203-36.204c9.997-9.998 26.207-9.998 36.204 0L192 312.69 432.095 72.596c9.997-9.997 26.207-9.997 36.204 0l36.203 36.204c9.997 9.997 9.997 26.206 0 36.204l-294.4 294.401c-9.998 9.997-26.207 9.997-36.204-.001z\"><\/path><\/svg>\t\t\t\t\t\t<\/span>\n\t\t\t\t\t\t\t\t\t\t<span class=\"elementor-icon-list-text\">Oven<\/span>\n\t\t\t\t\t\t\t\t\t<\/li>\n\t\t\t\t\t\t\t\t<li class=\"elementor-icon-list-item elementor-inline-item\">\n\t\t\t\t\t\t\t\t\t\t\t<span class=\"elementor-icon-list-icon\">\n\t\t\t\t\t\t\t<svg aria-hidden=\"true\" class=\"e-font-icon-svg e-fas-check\" viewbox=\"0 0 512 512\" xmlns=\"http:\/\/www.w3.org\/2000\/svg\"><path d=\"M173.898 439.404l-166.4-166.4c-9.997-9.997-9.997-26.206 0-36.204l36.203-36.204c9.997-9.998 26.207-9.998 36.204 0L192 312.69 432.095 72.596c9.997-9.997 26.207-9.997 36.204 0l36.203 36.204c9.997 9.997 9.997 26.206 0 36.204l-294.4 294.401c-9.998 9.997-26.207 9.997-36.204-.001z\"><\/path><\/svg>\t\t\t\t\t\t<\/span>\n\t\t\t\t\t\t\t\t\t\t<span class=\"elementor-icon-list-text\">Dishwasher<\/span>\n\t\t\t\t\t\t\t\t\t<\/li>\n\t\t\t\t\t\t<\/ul>\n\t\t\t\t\t\t<\/div>\n\t\t\t\t<\/div>\n\t\t\t\t<div class=\"elementor-element elementor-element-bb5ec06 elementor-widget elementor-widget-heading\" data-id=\"bb5ec06\" data-element_type=\"widget\" data-e-type=\"widget\" data-widget_type=\"heading.default\">\n\t\t\t\t<div class=\"elementor-widget-container\">\n\t\t\t\t\t<h3 class=\"elementor-heading-title elementor-size-default\">Equipment in the Cabane only\n<\/h3>\t\t\t\t<\/div>\n\t\t\t\t<\/div>\n\t\t\t\t<div class=\"elementor-element elementor-element-e0d74f6 elementor-icon-list--layout-inline elementor-list-item-link-full_width elementor-widget elementor-widget-icon-list\" data-id=\"e0d74f6\" data-element_type=\"widget\" data-e-type=\"widget\" data-widget_type=\"icon-list.default\">\n\t\t\t\t<div class=\"elementor-widget-container\">\n\t\t\t\t\t\t\t<ul class=\"elementor-icon-list-items elementor-inline-items\">\n\t\t\t\t\t\t\t<li class=\"elementor-icon-list-item elementor-inline-item\">\n\t\t\t\t\t\t\t\t\t\t\t<span class=\"elementor-icon-list-icon\">\n\t\t\t\t\t\t\t<svg aria-hidden=\"true\" class=\"e-font-icon-svg e-fas-check\" viewbox=\"0 0 512 512\" xmlns=\"http:\/\/www.w3.org\/2000\/svg\"><path d=\"M173.898 439.404l-166.4-166.4c-9.997-9.997-9.997-26.206 0-36.204l36.203-36.204c9.997-9.998 26.207-9.998 36.204 0L192 312.69 432.095 72.596c9.997-9.997 26.207-9.997 36.204 0l36.203 36.204c9.997 9.997 9.997 26.206 0 36.204l-294.4 294.401c-9.998 9.997-26.207 9.997-36.204-.001z\"><\/path><\/svg>\t\t\t\t\t\t<\/span>\n\t\t\t\t\t\t\t\t\t\t<span class=\"elementor-icon-list-text\">Induction hob<\/span>\n\t\t\t\t\t\t\t\t\t<\/li>\n\t\t\t\t\t\t<\/ul>\n\t\t\t\t\t\t<\/div>\n\t\t\t\t<\/div>\n\t\t\t\t<div class=\"elementor-element elementor-element-0fdfd80 elementor-widget elementor-widget-text-editor\" data-id=\"0fdfd80\" data-element_type=\"widget\" data-e-type=\"widget\" data-widget_type=\"text-editor.default\">\n\t\t\t\t<div class=\"elementor-widget-container\">\n\t\t\t\t\t\t\t\t\t<p>If you're looking for fresh, local produce, drop in at the Labergement farm in the hamlet of Moloy, 4 kilometres from the estate.\u00a0<\/p><p><span style=\"font-weight: 400;\">A little further away, around thirty kilometres, is the charming village of Etaules, which also has a farm and offers direct sales of its produce.\u00a0<\/span><\/p><p><span style=\"font-weight: 400;\">Finally, if you're passing through Dijon, don't miss a visit to La Fourmili\u00e8re, a friendly, unusual place that includes a canteen and a zero-waste grocery shop, Au gramme pr\u00e8s, where you can find everything you need to prepare tasty meals in your own home.<\/span><\/p>\t\t\t\t\t\t\t\t<\/div>\n\t\t\t\t<\/div>\n\t\t\t\t<div class=\"elementor-element elementor-element-80e973a elementor-invisible elementor-widget elementor-widget-heading\" data-id=\"80e973a\" data-element_type=\"widget\" data-e-type=\"widget\" data-settings=\"{&quot;_animation&quot;:&quot;fadeIn&quot;}\" data-widget_type=\"heading.default\">\n\t\t\t\t<div class=\"elementor-widget-container\">\n\t\t\t\t\t<h2 class=\"elementor-heading-title elementor-size-default\">Discover Burgundy and its dishes<\/h2>\t\t\t\t<\/div>\n\t\t\t\t<\/div>\n\t\t\t\t<div class=\"elementor-element elementor-element-c9d21a1 elementor-widget elementor-widget-text-editor\" data-id=\"c9d21a1\" data-element_type=\"widget\" data-e-type=\"widget\" data-widget_type=\"text-editor.default\">\n\t\t\t\t<div class=\"elementor-widget-container\">\n\t\t\t\t\t\t\t\t\t<p>For lovers of culinary road trips and epicureans, Burgundy is an ideal destination. Gastronomic culture plays a very important role in the region. So why not set off on an adventure and indulge in one of the region's <strong>numerous Burgundy restaurants<\/strong> ?<\/p><p>In the centre of Dijon or Beaune, there is a wide choice of establishments for lovers of Burgundian cuisine. In the capital of the Dukes of Burgundy, for example, there's the gastronomic restaurant Cibo, which makes a point of using only local produce, 314, located around Dijon's magnificent Halles, and La Menuiserie, a restaurant committed to locavore and eco-responsible cuisine. This epicurean excursion is an opportunity to discover the city and the region from another angle, through its dishes and products.<\/p><p>You can also wander through the Tille de l'Ignon valley to taste some of the best wines of the region. <strong>delicious Burgundian dishes<\/strong>. We particularly recommend the Auberge C\u00f4t\u00e9 Rivi\u00e8re and O Dix in Is-sur-Tille.<\/p><p>And finally, in Saint-Seine l'Abbaye, you'll find my favourite address: the wine bar Sur la Seine du vin, where Abiba, formerly a sommelier at Bernard Loiseau's, is on hand to give you a timeless experience!<\/p><div dir=\"auto\"><p><strong>OUR NETWORK,<\/strong> <strong>OUR FAVOURITES \u2705<\/strong><\/p><\/div><div dir=\"auto\">\u00a0<\/div><div dir=\"auto\">In Burgundy:<\/div><div dir=\"auto\">The Maison de Ma\u00eetres de Forge in Moloy\u00a0<a href=\"https:\/\/www.gitemoloy.fr\/fr\" target=\"_blank\" rel=\"noopener\">https:\/\/www.gitemoloy.fr\/fr<\/a><\/div><div dir=\"auto\">Maisons Vaud\u00e9sir in Chablis\u00a0 <a href=\"https:\/\/www.maisonsvaudesir.fr\/fr\" target=\"_blank\" rel=\"noopener\">https:\/\/www.maisonsvaudesir.fr\/fr<\/a><\/div><div dir=\"auto\">Samo Lodges <a href=\"https:\/\/samo-lodges.fr\/\" target=\"_blank\" rel=\"noopener\">https:\/\/samo-lodges.fr\/<\/a><\/div><div dir=\"auto\">\u00a0<\/div><div dir=\"auto\">In the south of France:<\/div><div dir=\"auto\">La Chambre 21 in Entrevaux\u00a0<a href=\"https:\/\/www.instagram.com\/lachambre21.entrevaux\/\" target=\"_blank\" rel=\"noopener\">https:\/\/www.instagram.com\/lachambre21.entrevaux\/<\/a><\/div><div dir=\"auto\">Le Mas de Saribou in the Ard\u00e8che\u00a0<a href=\"https:\/\/masdesaribou.fr\" target=\"_blank\" rel=\"noopener\">https:\/\/masdesaribou.fr<\/a><\/div><div dir=\"auto\">\u00a0<\/div><div dir=\"auto\">In Croatia:<\/div><div dir=\"auto\">Art Heritage Apartments in Split\u00a0<a href=\"https:\/\/www.instagram.com\/art_heritage_apartments\/\" target=\"_blank\" rel=\"noopener\">https:\/\/www.instagram.com\/art_heritage_apartments\/<\/a><\/div><p>\u00a0<\/p><p>Don't hesitate to ask your host Fr\u00e9d\u00e9ric for advice, and he'll be delighted to tell you all about these great places to eat.<\/p>\t\t\t\t\t\t\t\t<\/div>\n\t\t\t\t<\/div>\n\t\t\t\t\t<\/div>\n\t\t\t\t<\/div>\n\t\t\t\t<\/div>","protected":false},"excerpt":{"rendered":"<p>Eating out and discovering Burgundy cuisine Although Domaine Pont-Roche does not have a restaurant as such, there are several ways to satisfy your epicurean cravings during your romantic stay. Restaurant : L'\u00e9vYdenCe \/ Chef: Yann Zwysig \/ Photo credits: Christophe Fouquin Enjoy home-cooked meals in the comfort of your...<\/p>","protected":false},"author":1,"featured_media":0,"parent":12306,"menu_order":0,"comment_status":"closed","ping_status":"closed","template":"","meta":{"_kad_post_transparent":"","_kad_post_title":"hide","_kad_post_layout":"fullwidth","_kad_post_sidebar_id":"","_kad_post_content_style":"unboxed","_kad_post_vertical_padding":"hide","_kad_post_feature":"hide","_kad_post_feature_position":"","_kad_post_header":false,"_kad_post_footer":false,"_kad_post_classname":"","footnotes":""},"class_list":["post-12315","page","type-page","status-publish","hentry"],"_links":{"self":[{"href":"https:\/\/pont-roche.com\/en\/wp-json\/wp\/v2\/pages\/12315","targetHints":{"allow":["GET"]}}],"collection":[{"href":"https:\/\/pont-roche.com\/en\/wp-json\/wp\/v2\/pages"}],"about":[{"href":"https:\/\/pont-roche.com\/en\/wp-json\/wp\/v2\/types\/page"}],"author":[{"embeddable":true,"href":"https:\/\/pont-roche.com\/en\/wp-json\/wp\/v2\/users\/1"}],"replies":[{"embeddable":true,"href":"https:\/\/pont-roche.com\/en\/wp-json\/wp\/v2\/comments?post=12315"}],"version-history":[{"count":0,"href":"https:\/\/pont-roche.com\/en\/wp-json\/wp\/v2\/pages\/12315\/revisions"}],"up":[{"embeddable":true,"href":"https:\/\/pont-roche.com\/en\/wp-json\/wp\/v2\/pages\/12306"}],"wp:attachment":[{"href":"https:\/\/pont-roche.com\/en\/wp-json\/wp\/v2\/media?parent=12315"}],"curies":[{"name":"wp","href":"https:\/\/api.w.org\/{rel}","templated":true}]}}