{"id":6789,"date":"2018-07-02T22:24:09","date_gmt":"2018-07-02T20:24:09","guid":{"rendered":"https:\/\/pont-roche.com\/?page_id=6789"},"modified":"2024-07-10T18:47:51","modified_gmt":"2024-07-10T16:47:51","slug":"mentions-legales","status":"publish","type":"page","link":"https:\/\/pont-roche.com\/en\/mentions-legales\/","title":{"rendered":"Legal Notice"},"content":{"rendered":"<h1>LEGAL NOTICES<\/h1>\n<h3>Identification of the publisher and host of the site<\/h3>\n<p>The website https:\/\/pont-roche.com\/ is edited by Fr\u00e9d\u00e9ric Dansert (Individual), whose head office is located at Le Moulin de la Roche, 21120 Frenois.<\/p>\n<p>Director of publication: Fr\u00e9d\u00e9ric Dansert, Director of Fr\u00e9d\u00e9ric Dansert Particulier, who can be reached at 06 23 02 39 81 or at contact@pont-roche.com.<\/p>\n<p>Registered with the DIJON RCS: RCS 343 590 965.<\/p>\n<p><a href=\"https:\/\/www.brockwayproduction.fr\/\" target=\"_blank\" rel=\"noopener\">Webmaster - Brockway Production<\/a><\/p>\n<p>The site is hosted by Hetzner Online GmbH located at Industriestr. 25 91710 Gunzenhausen Germany. Information on the collection and processing of personal data (policy and declaration) is provided in the site's personal data policy.<\/p>","protected":false},"excerpt":{"rendered":"<p>LEGAL INFORMATION Identification of the publisher and host of the site The site https:\/\/pont-roche.com\/ is published by Fr\u00e9d\u00e9ric Dansert (Particulier), whose registered office is located at Le Moulin de la Roche, 21120 Frenois. Director of publication: Fr\u00e9d\u00e9ric Dansert, Director of Fr\u00e9d\u00e9ric Dansert Particulier, who can be reached at 06 23 02 39 81 or at the address...<\/p>","protected":false},"author":1,"featured_media":0,"parent":0,"menu_order":0,"comment_status":"closed","ping_status":"closed","template":"","meta":{"_kad_post_transparent":"","_kad_post_title":"","_kad_post_layout":"","_kad_post_sidebar_id":"","_kad_post_content_style":"","_kad_post_vertical_padding":"","_kad_post_feature":"","_kad_post_feature_position":"","_kad_post_header":false,"_kad_post_footer":false,"_kad_post_classname":"","footnotes":""},"class_list":["post-6789","page","type-page","status-publish","hentry"],"_links":{"self":[{"href":"https:\/\/pont-roche.com\/en\/wp-json\/wp\/v2\/pages\/6789","targetHints":{"allow":["GET"]}}],"collection":[{"href":"https:\/\/pont-roche.com\/en\/wp-json\/wp\/v2\/pages"}],"about":[{"href":"https:\/\/pont-roche.com\/en\/wp-json\/wp\/v2\/types\/page"}],"author":[{"embeddable":true,"href":"https:\/\/pont-roche.com\/en\/wp-json\/wp\/v2\/users\/1"}],"replies":[{"embeddable":true,"href":"https:\/\/pont-roche.com\/en\/wp-json\/wp\/v2\/comments?post=6789"}],"version-history":[{"count":0,"href":"https:\/\/pont-roche.com\/en\/wp-json\/wp\/v2\/pages\/6789\/revisions"}],"wp:attachment":[{"href":"https:\/\/pont-roche.com\/en\/wp-json\/wp\/v2\/media?parent=6789"}],"curies":[{"name":"wp","href":"https:\/\/api.w.org\/{rel}","templated":true}]}}